{"id":8957,"date":"2022-04-19T16:28:20","date_gmt":"2022-04-19T14:28:20","guid":{"rendered":"https:\/\/www.naiakitsu.fr\/?post_type=product&#038;p=8957"},"modified":"2023-01-20T16:02:24","modified_gmt":"2023-01-20T15:02:24","slug":"pack-sweat-zippe-mixte-capuche-raye-blanc-bleu-marine","status":"publish","type":"product","link":"https:\/\/dev.naiakitsu.fr\/dev1\/produit\/pack-sweat-zippe-mixte-capuche-raye-blanc-bleu-marine\/","title":{"rendered":"* Pack Sweat Zipp\u00e9 &#8220;OCEAN&#8221; mixte (ray\u00e9 Blanc\/Bleu Marine)"},"content":{"rendered":"<p>Nous avons configur\u00e9 pour toi une version Sweat zipp\u00e9 (Veste) et une capuche Blanc\/Bleu pour un look doux, marin et original ! Choisis juste ta taille et ajoute ton sweat dans ton panier.<\/p>\n<p>Tu peux te faire d&#8217;autres id\u00e9es avec nos autres propositions de packs ou cr\u00e9er ta propre combinaison avec notre configurateur 3D.<\/p>\n<p>Ce pack sweat ou veste zipp\u00e9s est parfait pour toutes les saisons.<\/p>\n<p>&nbsp;<\/p>\n<p>Nous vous avons configur\u00e9\u00a0 une version Sweat zipp\u00e9 (Veste Zipp\u00e9e) et une capuche Blanc\/bleu Marine pour un look doux, Marin et original ! Choisissez juste ta taille et ajoutez votre pack\u00a0 dans votre panier.<\/p>\n<p>Vous pouvez vous faire d&#8217;autres id\u00e9es avec nos autres propositions de packs ou cr\u00e9er votre propre combinaison avec notre configurateur 3D du site.<\/p>\n<p>Ce sweat capuche\u00a0 mixte &#8220;OCEAN&#8221;\u00a0 est parfait pour toutes les saisons.<\/p>\n","protected":false},"excerpt":{"rendered":"<p>Nous avons configur\u00e9 pour toi une version Sweat zipp\u00e9 (Veste) et une capuche Blanc\/Bleu pour un look doux, marin et original ! Choisis juste ta taille et ajoute ton sweat dans ton panier. Tu peux te faire d&#8217;autres id\u00e9es avec nos autres propositions de packs ou cr\u00e9er ta propre combinaison avec notre configurateur 3D. Ce [&hellip;]<\/p>\n","protected":false},"featured_media":16116,"template":"","meta":[],"product_cat":[15,178],"product_tag":[],"composite_virtual":false,"composite_layout":"","composite_add_to_cart_form_location":"","composite_editable_in_cart":false,"composite_sold_individually_context":"","composite_shop_price_calc":"","composite_components":[],"composite_scenarios":[],"bundled_by":[],"bundle_stock_status":"instock","bundle_stock_quantity":null,"bundle_virtual":false,"bundle_layout":"","bundle_add_to_cart_form_location":"","bundle_editable_in_cart":false,"bundle_sold_individually_context":"","bundle_item_grouping":"","bundle_min_size":"","bundle_max_size":"","bundled_items":[],"acf":[],"yoast_head":"<!-- This site is optimized with the Yoast SEO plugin v19.10 - https:\/\/yoast.com\/wordpress\/plugins\/seo\/ -->\n<title>* Pack Sweat Zipp\u00e9 &quot;OCEAN&quot; mixte (ray\u00e9 Blanc\/Bleu Marine) - naiakitsu<\/title>\n<meta name=\"description\" content=\"Retrouvez la version pack de votre sweat capuche &quot;OCEAN&quot; zipp\u00e9 (Veste zipp\u00e9e) ray\u00e9, mixte Naiakitsu, dans sa version compl\u00e8te, douce et Marine !\" \/>\n<meta name=\"robots\" content=\"index, follow, max-snippet:-1, max-image-preview:large, max-video-preview:-1\" \/>\n<link rel=\"canonical\" href=\"https:\/\/dev.naiakitsu.fr\/dev1\/produit\/pack-sweat-zippe-mixte-capuche-raye-blanc-bleu-marine\/\" \/>\n<meta property=\"og:locale\" content=\"fr_FR\" \/>\n<meta property=\"og:type\" content=\"article\" \/>\n<meta property=\"og:title\" content=\"* Pack Sweat Zipp\u00e9 &quot;OCEAN&quot; mixte (ray\u00e9 Blanc\/Bleu Marine) - naiakitsu\" \/>\n<meta property=\"og:description\" content=\"Retrouvez la version pack de votre sweat capuche &quot;OCEAN&quot; zipp\u00e9 (Veste zipp\u00e9e) ray\u00e9, mixte Naiakitsu, dans sa version compl\u00e8te, douce et Marine !\" \/>\n<meta property=\"og:url\" content=\"https:\/\/dev.naiakitsu.fr\/dev1\/produit\/pack-sweat-zippe-mixte-capuche-raye-blanc-bleu-marine\/\" \/>\n<meta property=\"og:site_name\" content=\"naiakitsu\" \/>\n<meta property=\"article:modified_time\" content=\"2023-01-20T15:02:24+00:00\" \/>\n<meta property=\"og:image\" content=\"https:\/\/dev.naiakitsu.fr\/dev1\/wp-content\/uploads\/Swcz-Cap-BM-3.jpg\" \/>\n\t<meta property=\"og:image:width\" content=\"1600\" \/>\n\t<meta property=\"og:image:height\" content=\"1600\" \/>\n\t<meta property=\"og:image:type\" content=\"image\/jpeg\" \/>\n<meta name=\"twitter:card\" content=\"summary_large_image\" \/>\n<meta name=\"twitter:label1\" content=\"Dur\u00e9e de lecture estim\u00e9e\" \/>\n\t<meta name=\"twitter:data1\" content=\"1 minute\" \/>\n<script type=\"application\/ld+json\" class=\"yoast-schema-graph\">{\"@context\":\"https:\/\/schema.org\",\"@graph\":[{\"@type\":\"WebPage\",\"@id\":\"https:\/\/dev.naiakitsu.fr\/dev1\/produit\/pack-sweat-zippe-mixte-capuche-raye-blanc-bleu-marine\/\",\"url\":\"https:\/\/dev.naiakitsu.fr\/dev1\/produit\/pack-sweat-zippe-mixte-capuche-raye-blanc-bleu-marine\/\",\"name\":\"* Pack Sweat Zipp\u00e9 \\\"OCEAN\\\" mixte (ray\u00e9 Blanc\/Bleu Marine) - naiakitsu\",\"isPartOf\":{\"@id\":\"https:\/\/dev.naiakitsu.fr\/dev1\/#website\"},\"datePublished\":\"2022-04-19T14:28:20+00:00\",\"dateModified\":\"2023-01-20T15:02:24+00:00\",\"description\":\"Retrouvez la version pack de votre sweat capuche \\\"OCEAN\\\" zipp\u00e9 (Veste zipp\u00e9e) ray\u00e9, mixte Naiakitsu, dans sa version compl\u00e8te, douce et Marine !\",\"breadcrumb\":{\"@id\":\"https:\/\/dev.naiakitsu.fr\/dev1\/produit\/pack-sweat-zippe-mixte-capuche-raye-blanc-bleu-marine\/#breadcrumb\"},\"inLanguage\":\"fr-FR\",\"potentialAction\":[{\"@type\":\"ReadAction\",\"target\":[\"https:\/\/dev.naiakitsu.fr\/dev1\/produit\/pack-sweat-zippe-mixte-capuche-raye-blanc-bleu-marine\/\"]}]},{\"@type\":\"BreadcrumbList\",\"@id\":\"https:\/\/dev.naiakitsu.fr\/dev1\/produit\/pack-sweat-zippe-mixte-capuche-raye-blanc-bleu-marine\/#breadcrumb\",\"itemListElement\":[{\"@type\":\"ListItem\",\"position\":1,\"name\":\"Accueil\",\"item\":\"https:\/\/dev.naiakitsu.fr\/dev1\/\"},{\"@type\":\"ListItem\",\"position\":2,\"name\":\"E-shop\",\"item\":\"https:\/\/dev.naiakitsu.fr\/dev1\/e-shop\/\"},{\"@type\":\"ListItem\",\"position\":3,\"name\":\"* Pack Sweat Zipp\u00e9 &#8220;OCEAN&#8221; mixte (ray\u00e9 Blanc\/Bleu Marine)\"}]},{\"@type\":\"WebSite\",\"@id\":\"https:\/\/dev.naiakitsu.fr\/dev1\/#website\",\"url\":\"https:\/\/dev.naiakitsu.fr\/dev1\/\",\"name\":\"naiakitsu\",\"description\":\"les basiques audacieux\",\"potentialAction\":[{\"@type\":\"SearchAction\",\"target\":{\"@type\":\"EntryPoint\",\"urlTemplate\":\"https:\/\/dev.naiakitsu.fr\/dev1\/?s={search_term_string}\"},\"query-input\":\"required name=search_term_string\"}],\"inLanguage\":\"fr-FR\"}]}<\/script>\n<!-- \/ Yoast SEO plugin. -->","yoast_head_json":{"title":"* Pack Sweat Zipp\u00e9 \"OCEAN\" mixte (ray\u00e9 Blanc\/Bleu Marine) - naiakitsu","description":"Retrouvez la version pack de votre sweat capuche \"OCEAN\" zipp\u00e9 (Veste zipp\u00e9e) ray\u00e9, mixte Naiakitsu, dans sa version compl\u00e8te, douce et Marine !","robots":{"index":"index","follow":"follow","max-snippet":"max-snippet:-1","max-image-preview":"max-image-preview:large","max-video-preview":"max-video-preview:-1"},"canonical":"https:\/\/dev.naiakitsu.fr\/dev1\/produit\/pack-sweat-zippe-mixte-capuche-raye-blanc-bleu-marine\/","og_locale":"fr_FR","og_type":"article","og_title":"* Pack Sweat Zipp\u00e9 \"OCEAN\" mixte (ray\u00e9 Blanc\/Bleu Marine) - naiakitsu","og_description":"Retrouvez la version pack de votre sweat capuche \"OCEAN\" zipp\u00e9 (Veste zipp\u00e9e) ray\u00e9, mixte Naiakitsu, dans sa version compl\u00e8te, douce et Marine !","og_url":"https:\/\/dev.naiakitsu.fr\/dev1\/produit\/pack-sweat-zippe-mixte-capuche-raye-blanc-bleu-marine\/","og_site_name":"naiakitsu","article_modified_time":"2023-01-20T15:02:24+00:00","og_image":[{"width":1600,"height":1600,"url":"https:\/\/dev.naiakitsu.fr\/dev1\/wp-content\/uploads\/Swcz-Cap-BM-3.jpg","type":"image\/jpeg"}],"twitter_card":"summary_large_image","twitter_misc":{"Dur\u00e9e de lecture estim\u00e9e":"1 minute"},"schema":{"@context":"https:\/\/schema.org","@graph":[{"@type":"WebPage","@id":"https:\/\/dev.naiakitsu.fr\/dev1\/produit\/pack-sweat-zippe-mixte-capuche-raye-blanc-bleu-marine\/","url":"https:\/\/dev.naiakitsu.fr\/dev1\/produit\/pack-sweat-zippe-mixte-capuche-raye-blanc-bleu-marine\/","name":"* Pack Sweat Zipp\u00e9 \"OCEAN\" mixte (ray\u00e9 Blanc\/Bleu Marine) - naiakitsu","isPartOf":{"@id":"https:\/\/dev.naiakitsu.fr\/dev1\/#website"},"datePublished":"2022-04-19T14:28:20+00:00","dateModified":"2023-01-20T15:02:24+00:00","description":"Retrouvez la version pack de votre sweat capuche \"OCEAN\" zipp\u00e9 (Veste zipp\u00e9e) ray\u00e9, mixte Naiakitsu, dans sa version compl\u00e8te, douce et Marine !","breadcrumb":{"@id":"https:\/\/dev.naiakitsu.fr\/dev1\/produit\/pack-sweat-zippe-mixte-capuche-raye-blanc-bleu-marine\/#breadcrumb"},"inLanguage":"fr-FR","potentialAction":[{"@type":"ReadAction","target":["https:\/\/dev.naiakitsu.fr\/dev1\/produit\/pack-sweat-zippe-mixte-capuche-raye-blanc-bleu-marine\/"]}]},{"@type":"BreadcrumbList","@id":"https:\/\/dev.naiakitsu.fr\/dev1\/produit\/pack-sweat-zippe-mixte-capuche-raye-blanc-bleu-marine\/#breadcrumb","itemListElement":[{"@type":"ListItem","position":1,"name":"Accueil","item":"https:\/\/dev.naiakitsu.fr\/dev1\/"},{"@type":"ListItem","position":2,"name":"E-shop","item":"https:\/\/dev.naiakitsu.fr\/dev1\/e-shop\/"},{"@type":"ListItem","position":3,"name":"* Pack Sweat Zipp\u00e9 &#8220;OCEAN&#8221; mixte (ray\u00e9 Blanc\/Bleu Marine)"}]},{"@type":"WebSite","@id":"https:\/\/dev.naiakitsu.fr\/dev1\/#website","url":"https:\/\/dev.naiakitsu.fr\/dev1\/","name":"naiakitsu","description":"les basiques audacieux","potentialAction":[{"@type":"SearchAction","target":{"@type":"EntryPoint","urlTemplate":"https:\/\/dev.naiakitsu.fr\/dev1\/?s={search_term_string}"},"query-input":"required name=search_term_string"}],"inLanguage":"fr-FR"}]}},"_links":{"self":[{"href":"https:\/\/dev.naiakitsu.fr\/dev1\/wp-json\/wp\/v2\/product\/8957"}],"collection":[{"href":"https:\/\/dev.naiakitsu.fr\/dev1\/wp-json\/wp\/v2\/product"}],"about":[{"href":"https:\/\/dev.naiakitsu.fr\/dev1\/wp-json\/wp\/v2\/types\/product"}],"wp:featuredmedia":[{"embeddable":true,"href":"https:\/\/dev.naiakitsu.fr\/dev1\/wp-json\/wp\/v2\/media\/16116"}],"wp:attachment":[{"href":"https:\/\/dev.naiakitsu.fr\/dev1\/wp-json\/wp\/v2\/media?parent=8957"}],"wp:term":[{"taxonomy":"product_cat","embeddable":true,"href":"https:\/\/dev.naiakitsu.fr\/dev1\/wp-json\/wp\/v2\/product_cat?post=8957"},{"taxonomy":"product_tag","embeddable":true,"href":"https:\/\/dev.naiakitsu.fr\/dev1\/wp-json\/wp\/v2\/product_tag?post=8957"}],"curies":[{"name":"wp","href":"https:\/\/api.w.org\/{rel}","templated":true}]}}