{"id":8899,"date":"2022-04-19T10:26:40","date_gmt":"2022-04-19T08:26:40","guid":{"rendered":"https:\/\/www.naiakitsu.fr\/?post_type=product&#038;p=8899"},"modified":"2023-02-01T09:48:35","modified_gmt":"2023-02-01T08:48:35","slug":"sweat-mixte-raye-zippe","status":"publish","type":"product","link":"https:\/\/dev.naiakitsu.fr\/dev1\/produit\/sweat-mixte-raye-zippe\/","title":{"rendered":"Sweat Zipp\u00e9 sans capuche"},"content":{"rendered":"<p>Nous vous\u00a0 proposons le sweat ou Veste zipp\u00e9(e) solo en Molleton ray\u00e9 de 240 grammes. Vous avez le choix entre les sweat &#8220;Oc\u00e9an&#8221;, &#8220;Lagon&#8221; ou &#8220;Sable &amp; Sel&#8221; et\u00a0 n&#8217;oubliez pas que vous pouvez\u00a0 ajouter une capuche ray\u00e9e ou celles de votre sweat Capuche &#8220;INDUS&#8221; avec ses couleurs unies.<\/p>\n<p>Vous pouvez\u00a0 cr\u00e9er votre version personnalis\u00e9e en ajoutant\u00a0 une capuche ray\u00e9e ou\u00a0 unie\u00a0 \u00e0 l&#8217;aide de notre configurateur 3D. N&#8217;h\u00e9sitez pas \u00e0 regarder nos packs d\u00e9j\u00e0 constitu\u00e9s, vous gagnerez du temps.<\/p>\n<p>Bienvenue chez Naiakitsu, Les Basiques Audacieux, pour acheter Moins, Mieux, Malin et r\u00e9solument Fran\u00e7ais !<\/p>\n","protected":false},"excerpt":{"rendered":"<p>Nous vous\u00a0 proposons le sweat ou Veste zipp\u00e9(e) solo en Molleton ray\u00e9 de 240 grammes. Vous avez le choix entre les sweat &#8220;Oc\u00e9an&#8221;, &#8220;Lagon&#8221; ou &#8220;Sable &amp; Sel&#8221; et\u00a0 n&#8217;oubliez pas que vous pouvez\u00a0 ajouter une capuche ray\u00e9e ou celles de votre sweat Capuche &#8220;INDUS&#8221; avec ses couleurs unies. Vous pouvez\u00a0 cr\u00e9er votre version personnalis\u00e9e [&hellip;]<\/p>\n","protected":false},"featured_media":18402,"template":"","meta":[],"product_cat":[15,178],"product_tag":[],"composite_virtual":false,"composite_layout":"","composite_add_to_cart_form_location":"","composite_editable_in_cart":false,"composite_sold_individually_context":"","composite_shop_price_calc":"","composite_components":[],"composite_scenarios":[],"bundled_by":[],"bundle_stock_status":"instock","bundle_stock_quantity":null,"bundle_virtual":false,"bundle_layout":"","bundle_add_to_cart_form_location":"","bundle_editable_in_cart":false,"bundle_sold_individually_context":"","bundle_item_grouping":"","bundle_min_size":"","bundle_max_size":"","bundled_items":[],"acf":[],"yoast_head":"<!-- This site is optimized with the Yoast SEO plugin v19.10 - https:\/\/yoast.com\/wordpress\/plugins\/seo\/ -->\n<title>Sweat Zipp\u00e9 sans capuche - naiakitsu<\/title>\n<meta name=\"description\" content=\"Un sweat Zipp\u00e9 sans capuche, aux couleurs ray\u00e9es &quot;Oc\u00e9an&quot;, &quot;Lagon&quot; &amp; Sable &amp; Sel&quot;, c&#039;est possible, c&#039;est os\u00e9,. Naiakitsu vous l&#039;a invent\u00e9 !\" \/>\n<meta name=\"robots\" content=\"index, follow, max-snippet:-1, max-image-preview:large, max-video-preview:-1\" \/>\n<link rel=\"canonical\" href=\"https:\/\/dev.naiakitsu.fr\/dev1\/produit\/sweat-mixte-raye-zippe\/\" \/>\n<meta property=\"og:locale\" content=\"fr_FR\" \/>\n<meta property=\"og:type\" content=\"article\" \/>\n<meta property=\"og:title\" content=\"Sweat Zipp\u00e9 sans capuche - naiakitsu\" \/>\n<meta property=\"og:description\" content=\"Un sweat Zipp\u00e9 sans capuche, aux couleurs ray\u00e9es &quot;Oc\u00e9an&quot;, &quot;Lagon&quot; &amp; Sable &amp; Sel&quot;, c&#039;est possible, c&#039;est os\u00e9,. Naiakitsu vous l&#039;a invent\u00e9 !\" \/>\n<meta property=\"og:url\" content=\"https:\/\/dev.naiakitsu.fr\/dev1\/produit\/sweat-mixte-raye-zippe\/\" \/>\n<meta property=\"og:site_name\" content=\"naiakitsu\" \/>\n<meta property=\"article:modified_time\" content=\"2023-02-01T08:48:35+00:00\" \/>\n<meta property=\"og:image\" content=\"https:\/\/dev.naiakitsu.fr\/dev1\/wp-content\/uploads\/vestes-Zippees-Femme-seules-2-1.jpg\" \/>\n\t<meta property=\"og:image:width\" content=\"1000\" \/>\n\t<meta property=\"og:image:height\" content=\"1000\" \/>\n\t<meta property=\"og:image:type\" content=\"image\/jpeg\" \/>\n<meta name=\"twitter:card\" content=\"summary_large_image\" \/>\n<meta name=\"twitter:label1\" content=\"Dur\u00e9e de lecture estim\u00e9e\" \/>\n\t<meta name=\"twitter:data1\" content=\"1 minute\" \/>\n<script type=\"application\/ld+json\" class=\"yoast-schema-graph\">{\"@context\":\"https:\/\/schema.org\",\"@graph\":[{\"@type\":\"WebPage\",\"@id\":\"https:\/\/dev.naiakitsu.fr\/dev1\/produit\/sweat-mixte-raye-zippe\/\",\"url\":\"https:\/\/dev.naiakitsu.fr\/dev1\/produit\/sweat-mixte-raye-zippe\/\",\"name\":\"Sweat Zipp\u00e9 sans capuche - naiakitsu\",\"isPartOf\":{\"@id\":\"https:\/\/dev.naiakitsu.fr\/dev1\/#website\"},\"datePublished\":\"2022-04-19T08:26:40+00:00\",\"dateModified\":\"2023-02-01T08:48:35+00:00\",\"description\":\"Un sweat Zipp\u00e9 sans capuche, aux couleurs ray\u00e9es \\\"Oc\u00e9an\\\", \\\"Lagon\\\" & Sable & Sel\\\", c'est possible, c'est os\u00e9,. Naiakitsu vous l'a invent\u00e9 !\",\"breadcrumb\":{\"@id\":\"https:\/\/dev.naiakitsu.fr\/dev1\/produit\/sweat-mixte-raye-zippe\/#breadcrumb\"},\"inLanguage\":\"fr-FR\",\"potentialAction\":[{\"@type\":\"ReadAction\",\"target\":[\"https:\/\/dev.naiakitsu.fr\/dev1\/produit\/sweat-mixte-raye-zippe\/\"]}]},{\"@type\":\"BreadcrumbList\",\"@id\":\"https:\/\/dev.naiakitsu.fr\/dev1\/produit\/sweat-mixte-raye-zippe\/#breadcrumb\",\"itemListElement\":[{\"@type\":\"ListItem\",\"position\":1,\"name\":\"Accueil\",\"item\":\"https:\/\/dev.naiakitsu.fr\/dev1\/\"},{\"@type\":\"ListItem\",\"position\":2,\"name\":\"E-shop\",\"item\":\"https:\/\/dev.naiakitsu.fr\/dev1\/e-shop\/\"},{\"@type\":\"ListItem\",\"position\":3,\"name\":\"Sweat Zipp\u00e9 sans capuche\"}]},{\"@type\":\"WebSite\",\"@id\":\"https:\/\/dev.naiakitsu.fr\/dev1\/#website\",\"url\":\"https:\/\/dev.naiakitsu.fr\/dev1\/\",\"name\":\"naiakitsu\",\"description\":\"les basiques audacieux\",\"potentialAction\":[{\"@type\":\"SearchAction\",\"target\":{\"@type\":\"EntryPoint\",\"urlTemplate\":\"https:\/\/dev.naiakitsu.fr\/dev1\/?s={search_term_string}\"},\"query-input\":\"required name=search_term_string\"}],\"inLanguage\":\"fr-FR\"}]}<\/script>\n<!-- \/ Yoast SEO plugin. -->","yoast_head_json":{"title":"Sweat Zipp\u00e9 sans capuche - naiakitsu","description":"Un sweat Zipp\u00e9 sans capuche, aux couleurs ray\u00e9es \"Oc\u00e9an\", \"Lagon\" & Sable & Sel\", c'est possible, c'est os\u00e9,. Naiakitsu vous l'a invent\u00e9 !","robots":{"index":"index","follow":"follow","max-snippet":"max-snippet:-1","max-image-preview":"max-image-preview:large","max-video-preview":"max-video-preview:-1"},"canonical":"https:\/\/dev.naiakitsu.fr\/dev1\/produit\/sweat-mixte-raye-zippe\/","og_locale":"fr_FR","og_type":"article","og_title":"Sweat Zipp\u00e9 sans capuche - naiakitsu","og_description":"Un sweat Zipp\u00e9 sans capuche, aux couleurs ray\u00e9es \"Oc\u00e9an\", \"Lagon\" & Sable & Sel\", c'est possible, c'est os\u00e9,. Naiakitsu vous l'a invent\u00e9 !","og_url":"https:\/\/dev.naiakitsu.fr\/dev1\/produit\/sweat-mixte-raye-zippe\/","og_site_name":"naiakitsu","article_modified_time":"2023-02-01T08:48:35+00:00","og_image":[{"width":1000,"height":1000,"url":"https:\/\/dev.naiakitsu.fr\/dev1\/wp-content\/uploads\/vestes-Zippees-Femme-seules-2-1.jpg","type":"image\/jpeg"}],"twitter_card":"summary_large_image","twitter_misc":{"Dur\u00e9e de lecture estim\u00e9e":"1 minute"},"schema":{"@context":"https:\/\/schema.org","@graph":[{"@type":"WebPage","@id":"https:\/\/dev.naiakitsu.fr\/dev1\/produit\/sweat-mixte-raye-zippe\/","url":"https:\/\/dev.naiakitsu.fr\/dev1\/produit\/sweat-mixte-raye-zippe\/","name":"Sweat Zipp\u00e9 sans capuche - naiakitsu","isPartOf":{"@id":"https:\/\/dev.naiakitsu.fr\/dev1\/#website"},"datePublished":"2022-04-19T08:26:40+00:00","dateModified":"2023-02-01T08:48:35+00:00","description":"Un sweat Zipp\u00e9 sans capuche, aux couleurs ray\u00e9es \"Oc\u00e9an\", \"Lagon\" & Sable & Sel\", c'est possible, c'est os\u00e9,. Naiakitsu vous l'a invent\u00e9 !","breadcrumb":{"@id":"https:\/\/dev.naiakitsu.fr\/dev1\/produit\/sweat-mixte-raye-zippe\/#breadcrumb"},"inLanguage":"fr-FR","potentialAction":[{"@type":"ReadAction","target":["https:\/\/dev.naiakitsu.fr\/dev1\/produit\/sweat-mixte-raye-zippe\/"]}]},{"@type":"BreadcrumbList","@id":"https:\/\/dev.naiakitsu.fr\/dev1\/produit\/sweat-mixte-raye-zippe\/#breadcrumb","itemListElement":[{"@type":"ListItem","position":1,"name":"Accueil","item":"https:\/\/dev.naiakitsu.fr\/dev1\/"},{"@type":"ListItem","position":2,"name":"E-shop","item":"https:\/\/dev.naiakitsu.fr\/dev1\/e-shop\/"},{"@type":"ListItem","position":3,"name":"Sweat Zipp\u00e9 sans capuche"}]},{"@type":"WebSite","@id":"https:\/\/dev.naiakitsu.fr\/dev1\/#website","url":"https:\/\/dev.naiakitsu.fr\/dev1\/","name":"naiakitsu","description":"les basiques audacieux","potentialAction":[{"@type":"SearchAction","target":{"@type":"EntryPoint","urlTemplate":"https:\/\/dev.naiakitsu.fr\/dev1\/?s={search_term_string}"},"query-input":"required name=search_term_string"}],"inLanguage":"fr-FR"}]}},"_links":{"self":[{"href":"https:\/\/dev.naiakitsu.fr\/dev1\/wp-json\/wp\/v2\/product\/8899"}],"collection":[{"href":"https:\/\/dev.naiakitsu.fr\/dev1\/wp-json\/wp\/v2\/product"}],"about":[{"href":"https:\/\/dev.naiakitsu.fr\/dev1\/wp-json\/wp\/v2\/types\/product"}],"wp:featuredmedia":[{"embeddable":true,"href":"https:\/\/dev.naiakitsu.fr\/dev1\/wp-json\/wp\/v2\/media\/18402"}],"wp:attachment":[{"href":"https:\/\/dev.naiakitsu.fr\/dev1\/wp-json\/wp\/v2\/media?parent=8899"}],"wp:term":[{"taxonomy":"product_cat","embeddable":true,"href":"https:\/\/dev.naiakitsu.fr\/dev1\/wp-json\/wp\/v2\/product_cat?post=8899"},{"taxonomy":"product_tag","embeddable":true,"href":"https:\/\/dev.naiakitsu.fr\/dev1\/wp-json\/wp\/v2\/product_tag?post=8899"}],"curies":[{"name":"wp","href":"https:\/\/api.w.org\/{rel}","templated":true}]}}