{"id":8810,"date":"2022-03-28T18:36:11","date_gmt":"2022-03-28T16:36:11","guid":{"rendered":"https:\/\/www.naiakitsu.fr\/?post_type=product&#038;p=8810"},"modified":"2023-01-23T11:50:10","modified_gmt":"2023-01-23T10:50:10","slug":"echarpe-maline-en-jersey-lourd-rayee-ou-unie-en-jersey-leger","status":"publish","type":"product","link":"https:\/\/dev.naiakitsu.fr\/dev1\/produit\/echarpe-maline-en-jersey-lourd-rayee-ou-unie-en-jersey-leger\/","title":{"rendered":"Echarpe Maline en jersey Lourd ray\u00e9e ou Unie en Jersey L\u00e9ger"},"content":{"rendered":"<p>Chez Naiakitsu, on est d\u00e9finitivement fan des accessoires et surtout des accessoires malins !<\/p>\n<p>Ajoute ton \u00e9charpe \u00e0 ton v\u00eatement et change ton style en une fraction de seconde ! Mais surtout, joue avec les boutons pour pouvoir faire glisser ton \u00e9charpe astucieusement et l&#8217;ajuster \u00e0 ton cou. C&#8217;est astucieux, cela prot\u00e8ge ton cou du vent, du froid, prend moins de place et demande moins de tissus, c&#8217;est bien vu, non ?<\/p>\n<p>Tu peux m\u00eame associer 2 \u00e9charpes ensemble et doubler ton \u00e9charpe en longueur, c&#8217;est l&#8217;esprit Naia.<\/p>\n<p>Notre Echarpe en Jersey Lourd ray\u00e9e 100% coton peign\u00e9 apporte \u00e0 ton look une vraie touche d&#8217;originalit\u00e9, \u00e0 la fois d\u00e9contract\u00e9e et raffin\u00e9e. Tu as plusieurs coloris et mati\u00e8res, \u00e0 toi de choisir !<\/p>\n<p>Son tissage en 100% coton peign\u00e9 pour le Jersey Lourd (ray\u00e9) et son 96 % coton et 4 % Elasthanne pour son bord cote en Jersey L\u00e9ger (couleurs unies), sa confection, sont toujours Fran\u00e7ais, pour soutenir notre savoir faire et p\u00e9renniser une r\u00e9elle production &#8220;Made In France&#8221;.<\/p>\n<p>&nbsp;<\/p>\n<p>&nbsp;<\/p>\n","protected":false},"excerpt":{"rendered":"<p>Echarpe maline, qui se porte boutonn\u00e9e afin de l&#8217;ajuster \u00e0 son cou. Cette \u00e9charpe peut \u00eatre doubl\u00e9e et associant 2 \u00e9charpes afin de la porter longue ou de la doubler lors des grands froids ou grands vents.<\/p>\n<p>Elle se porte toute l&#8217;ann\u00e9e, seule ou doubl\u00e9e, \u00e0 toi de d\u00e9cider. Le m\u00e9lange des couleurs, du ray\u00e9 et de l&#8217;uni en la doublant est unique. Il n&#8217;y a que Naiakitsu qui t&#8217;offre ce choix.<\/p>\n","protected":false},"featured_media":16039,"template":"","meta":[],"product_cat":[299],"product_tag":[],"composite_virtual":false,"composite_layout":"","composite_add_to_cart_form_location":"","composite_editable_in_cart":false,"composite_sold_individually_context":"","composite_shop_price_calc":"","composite_components":[],"composite_scenarios":[],"bundled_by":[],"bundle_stock_status":"instock","bundle_stock_quantity":null,"bundle_virtual":false,"bundle_layout":"","bundle_add_to_cart_form_location":"","bundle_editable_in_cart":false,"bundle_sold_individually_context":"","bundle_item_grouping":"","bundle_min_size":"","bundle_max_size":"","bundled_items":[],"acf":[],"yoast_head":"<!-- This site is optimized with the Yoast SEO plugin v19.10 - https:\/\/yoast.com\/wordpress\/plugins\/seo\/ -->\n<title>Echarpe Maline en jersey Lourd ray\u00e9e ou Unie en Jersey L\u00e9ger - naiakitsu<\/title>\n<meta name=\"description\" content=\"Ton \u00e9charpe qui glisse dans son int\u00e9rieur et s&#039;ajute \u00e0 ton cou. C&#039;est astucieux et prends moins de place. N&#039;h\u00e9site plus, commande ton \u00e9charpe maline !\" \/>\n<meta name=\"robots\" content=\"index, follow, max-snippet:-1, max-image-preview:large, max-video-preview:-1\" \/>\n<link rel=\"canonical\" href=\"https:\/\/dev.naiakitsu.fr\/dev1\/produit\/echarpe-maline-en-jersey-lourd-rayee-ou-unie-en-jersey-leger\/\" \/>\n<meta property=\"og:locale\" content=\"fr_FR\" \/>\n<meta property=\"og:type\" content=\"article\" \/>\n<meta property=\"og:title\" content=\"Echarpe Maline en jersey Lourd ray\u00e9e ou Unie en Jersey L\u00e9ger - naiakitsu\" \/>\n<meta property=\"og:description\" content=\"Ton \u00e9charpe qui glisse dans son int\u00e9rieur et s&#039;ajute \u00e0 ton cou. C&#039;est astucieux et prends moins de place. N&#039;h\u00e9site plus, commande ton \u00e9charpe maline !\" \/>\n<meta property=\"og:url\" content=\"https:\/\/dev.naiakitsu.fr\/dev1\/produit\/echarpe-maline-en-jersey-lourd-rayee-ou-unie-en-jersey-leger\/\" \/>\n<meta property=\"og:site_name\" content=\"naiakitsu\" \/>\n<meta property=\"article:modified_time\" content=\"2023-01-23T10:50:10+00:00\" \/>\n<meta property=\"og:image\" content=\"https:\/\/dev.naiakitsu.fr\/dev1\/wp-content\/uploads\/Echarpes-unies-rayees-1.jpg\" \/>\n\t<meta property=\"og:image:width\" content=\"1600\" \/>\n\t<meta property=\"og:image:height\" content=\"1600\" \/>\n\t<meta property=\"og:image:type\" content=\"image\/jpeg\" \/>\n<meta name=\"twitter:card\" content=\"summary_large_image\" \/>\n<meta name=\"twitter:label1\" content=\"Dur\u00e9e de lecture estim\u00e9e\" \/>\n\t<meta name=\"twitter:data1\" content=\"1 minute\" \/>\n<script type=\"application\/ld+json\" class=\"yoast-schema-graph\">{\"@context\":\"https:\/\/schema.org\",\"@graph\":[{\"@type\":\"WebPage\",\"@id\":\"https:\/\/dev.naiakitsu.fr\/dev1\/produit\/echarpe-maline-en-jersey-lourd-rayee-ou-unie-en-jersey-leger\/\",\"url\":\"https:\/\/dev.naiakitsu.fr\/dev1\/produit\/echarpe-maline-en-jersey-lourd-rayee-ou-unie-en-jersey-leger\/\",\"name\":\"Echarpe Maline en jersey Lourd ray\u00e9e ou Unie en Jersey L\u00e9ger - naiakitsu\",\"isPartOf\":{\"@id\":\"https:\/\/dev.naiakitsu.fr\/dev1\/#website\"},\"datePublished\":\"2022-03-28T16:36:11+00:00\",\"dateModified\":\"2023-01-23T10:50:10+00:00\",\"description\":\"Ton \u00e9charpe qui glisse dans son int\u00e9rieur et s'ajute \u00e0 ton cou. C'est astucieux et prends moins de place. N'h\u00e9site plus, commande ton \u00e9charpe maline !\",\"breadcrumb\":{\"@id\":\"https:\/\/dev.naiakitsu.fr\/dev1\/produit\/echarpe-maline-en-jersey-lourd-rayee-ou-unie-en-jersey-leger\/#breadcrumb\"},\"inLanguage\":\"fr-FR\",\"potentialAction\":[{\"@type\":\"ReadAction\",\"target\":[\"https:\/\/dev.naiakitsu.fr\/dev1\/produit\/echarpe-maline-en-jersey-lourd-rayee-ou-unie-en-jersey-leger\/\"]}]},{\"@type\":\"BreadcrumbList\",\"@id\":\"https:\/\/dev.naiakitsu.fr\/dev1\/produit\/echarpe-maline-en-jersey-lourd-rayee-ou-unie-en-jersey-leger\/#breadcrumb\",\"itemListElement\":[{\"@type\":\"ListItem\",\"position\":1,\"name\":\"Accueil\",\"item\":\"https:\/\/dev.naiakitsu.fr\/dev1\/\"},{\"@type\":\"ListItem\",\"position\":2,\"name\":\"E-shop\",\"item\":\"https:\/\/dev.naiakitsu.fr\/dev1\/e-shop\/\"},{\"@type\":\"ListItem\",\"position\":3,\"name\":\"Echarpe Maline en jersey Lourd ray\u00e9e ou Unie en Jersey L\u00e9ger\"}]},{\"@type\":\"WebSite\",\"@id\":\"https:\/\/dev.naiakitsu.fr\/dev1\/#website\",\"url\":\"https:\/\/dev.naiakitsu.fr\/dev1\/\",\"name\":\"naiakitsu\",\"description\":\"les basiques audacieux\",\"potentialAction\":[{\"@type\":\"SearchAction\",\"target\":{\"@type\":\"EntryPoint\",\"urlTemplate\":\"https:\/\/dev.naiakitsu.fr\/dev1\/?s={search_term_string}\"},\"query-input\":\"required name=search_term_string\"}],\"inLanguage\":\"fr-FR\"}]}<\/script>\n<!-- \/ Yoast SEO plugin. -->","yoast_head_json":{"title":"Echarpe Maline en jersey Lourd ray\u00e9e ou Unie en Jersey L\u00e9ger - naiakitsu","description":"Ton \u00e9charpe qui glisse dans son int\u00e9rieur et s'ajute \u00e0 ton cou. C'est astucieux et prends moins de place. N'h\u00e9site plus, commande ton \u00e9charpe maline !","robots":{"index":"index","follow":"follow","max-snippet":"max-snippet:-1","max-image-preview":"max-image-preview:large","max-video-preview":"max-video-preview:-1"},"canonical":"https:\/\/dev.naiakitsu.fr\/dev1\/produit\/echarpe-maline-en-jersey-lourd-rayee-ou-unie-en-jersey-leger\/","og_locale":"fr_FR","og_type":"article","og_title":"Echarpe Maline en jersey Lourd ray\u00e9e ou Unie en Jersey L\u00e9ger - naiakitsu","og_description":"Ton \u00e9charpe qui glisse dans son int\u00e9rieur et s'ajute \u00e0 ton cou. C'est astucieux et prends moins de place. N'h\u00e9site plus, commande ton \u00e9charpe maline !","og_url":"https:\/\/dev.naiakitsu.fr\/dev1\/produit\/echarpe-maline-en-jersey-lourd-rayee-ou-unie-en-jersey-leger\/","og_site_name":"naiakitsu","article_modified_time":"2023-01-23T10:50:10+00:00","og_image":[{"width":1600,"height":1600,"url":"https:\/\/dev.naiakitsu.fr\/dev1\/wp-content\/uploads\/Echarpes-unies-rayees-1.jpg","type":"image\/jpeg"}],"twitter_card":"summary_large_image","twitter_misc":{"Dur\u00e9e de lecture estim\u00e9e":"1 minute"},"schema":{"@context":"https:\/\/schema.org","@graph":[{"@type":"WebPage","@id":"https:\/\/dev.naiakitsu.fr\/dev1\/produit\/echarpe-maline-en-jersey-lourd-rayee-ou-unie-en-jersey-leger\/","url":"https:\/\/dev.naiakitsu.fr\/dev1\/produit\/echarpe-maline-en-jersey-lourd-rayee-ou-unie-en-jersey-leger\/","name":"Echarpe Maline en jersey Lourd ray\u00e9e ou Unie en Jersey L\u00e9ger - naiakitsu","isPartOf":{"@id":"https:\/\/dev.naiakitsu.fr\/dev1\/#website"},"datePublished":"2022-03-28T16:36:11+00:00","dateModified":"2023-01-23T10:50:10+00:00","description":"Ton \u00e9charpe qui glisse dans son int\u00e9rieur et s'ajute \u00e0 ton cou. C'est astucieux et prends moins de place. N'h\u00e9site plus, commande ton \u00e9charpe maline !","breadcrumb":{"@id":"https:\/\/dev.naiakitsu.fr\/dev1\/produit\/echarpe-maline-en-jersey-lourd-rayee-ou-unie-en-jersey-leger\/#breadcrumb"},"inLanguage":"fr-FR","potentialAction":[{"@type":"ReadAction","target":["https:\/\/dev.naiakitsu.fr\/dev1\/produit\/echarpe-maline-en-jersey-lourd-rayee-ou-unie-en-jersey-leger\/"]}]},{"@type":"BreadcrumbList","@id":"https:\/\/dev.naiakitsu.fr\/dev1\/produit\/echarpe-maline-en-jersey-lourd-rayee-ou-unie-en-jersey-leger\/#breadcrumb","itemListElement":[{"@type":"ListItem","position":1,"name":"Accueil","item":"https:\/\/dev.naiakitsu.fr\/dev1\/"},{"@type":"ListItem","position":2,"name":"E-shop","item":"https:\/\/dev.naiakitsu.fr\/dev1\/e-shop\/"},{"@type":"ListItem","position":3,"name":"Echarpe Maline en jersey Lourd ray\u00e9e ou Unie en Jersey L\u00e9ger"}]},{"@type":"WebSite","@id":"https:\/\/dev.naiakitsu.fr\/dev1\/#website","url":"https:\/\/dev.naiakitsu.fr\/dev1\/","name":"naiakitsu","description":"les basiques audacieux","potentialAction":[{"@type":"SearchAction","target":{"@type":"EntryPoint","urlTemplate":"https:\/\/dev.naiakitsu.fr\/dev1\/?s={search_term_string}"},"query-input":"required name=search_term_string"}],"inLanguage":"fr-FR"}]}},"_links":{"self":[{"href":"https:\/\/dev.naiakitsu.fr\/dev1\/wp-json\/wp\/v2\/product\/8810"}],"collection":[{"href":"https:\/\/dev.naiakitsu.fr\/dev1\/wp-json\/wp\/v2\/product"}],"about":[{"href":"https:\/\/dev.naiakitsu.fr\/dev1\/wp-json\/wp\/v2\/types\/product"}],"wp:featuredmedia":[{"embeddable":true,"href":"https:\/\/dev.naiakitsu.fr\/dev1\/wp-json\/wp\/v2\/media\/16039"}],"wp:attachment":[{"href":"https:\/\/dev.naiakitsu.fr\/dev1\/wp-json\/wp\/v2\/media?parent=8810"}],"wp:term":[{"taxonomy":"product_cat","embeddable":true,"href":"https:\/\/dev.naiakitsu.fr\/dev1\/wp-json\/wp\/v2\/product_cat?post=8810"},{"taxonomy":"product_tag","embeddable":true,"href":"https:\/\/dev.naiakitsu.fr\/dev1\/wp-json\/wp\/v2\/product_tag?post=8810"}],"curies":[{"name":"wp","href":"https:\/\/api.w.org\/{rel}","templated":true}]}}