{"id":7030,"date":"2022-02-03T10:04:30","date_gmt":"2022-02-03T09:04:30","guid":{"rendered":"https:\/\/www.naiakitsu.fr\/?post_type=product&#038;p=7030"},"modified":"2022-04-05T16:20:49","modified_gmt":"2022-04-05T14:20:49","slug":"pack-t-shirt-femme-gris-bleu-capuche-gris-fonce","status":"publish","type":"product","link":"https:\/\/dev.naiakitsu.fr\/dev1\/produit\/pack-t-shirt-femme-gris-bleu-capuche-gris-fonce\/","title":{"rendered":"* Pack T-Shirt Femme Gris Bleu &#038; Capuche Gris Fonc\u00e9"},"content":{"rendered":"<p>Ton T-Shirt Gris Bleu et sa capuche Gris Fonc\u00e9 sont accessibles en quelques clics.<\/p>\n<p>Ce pack t&#8217;ouvre les portes du commencement de l&#8217;aventure dans la NAIAFACTORY, o\u00f9 la cr\u00e9ation et ta participation \u00e0 la vie d&#8217;une marque, NAIAKITSU, est enfin possible.<\/p>\n<p>N&#8217;oublie pas que tu peux \u00e9galement ajouter \u00e0 ton panier des Bracelets, des Manches Longues ou\u00a0 des Capuches d&#8217;autres couleurs, pour t&#8217;offrir encore plus de possibilit\u00e9 de look.<\/p>\n<p>A toi de jouer !<\/p>\n<p>&nbsp;<\/p>\n","protected":false},"excerpt":{"rendered":"<p>Ton T-Shirt Gris Bleu et sa capuche Gris Fonc\u00e9 sont accessibles en quelques clics. Ce pack t&#8217;ouvre les portes du commencement de l&#8217;aventure dans la NAIAFACTORY, o\u00f9 la cr\u00e9ation et ta participation \u00e0 la vie d&#8217;une marque, NAIAKITSU, est enfin possible. N&#8217;oublie pas que tu peux \u00e9galement ajouter \u00e0 ton panier des Bracelets, des Manches [&hellip;]<\/p>\n","protected":false},"featured_media":7420,"template":"","meta":[],"product_cat":[15,37],"product_tag":[],"composite_virtual":false,"composite_layout":"","composite_add_to_cart_form_location":"","composite_editable_in_cart":false,"composite_sold_individually_context":"","composite_shop_price_calc":"","composite_components":[],"composite_scenarios":[],"bundled_by":[],"bundle_stock_status":"instock","bundle_stock_quantity":null,"bundle_virtual":false,"bundle_layout":"","bundle_add_to_cart_form_location":"","bundle_editable_in_cart":false,"bundle_sold_individually_context":"","bundle_item_grouping":"","bundle_min_size":"","bundle_max_size":"","bundled_items":[],"acf":[],"yoast_head":"<!-- This site is optimized with the Yoast SEO plugin v19.10 - https:\/\/yoast.com\/wordpress\/plugins\/seo\/ -->\n<title>* Pack T-Shirt Femme Gris Bleu &amp; Capuche Gris Fonc\u00e9 - naiakitsu<\/title>\n<meta name=\"robots\" content=\"index, follow, max-snippet:-1, max-image-preview:large, max-video-preview:-1\" \/>\n<link rel=\"canonical\" href=\"https:\/\/dev.naiakitsu.fr\/dev1\/produit\/pack-t-shirt-femme-gris-bleu-capuche-gris-fonce\/\" \/>\n<meta property=\"og:locale\" content=\"fr_FR\" \/>\n<meta property=\"og:type\" content=\"article\" \/>\n<meta property=\"og:title\" content=\"* Pack T-Shirt Femme Gris Bleu &amp; Capuche Gris Fonc\u00e9 - naiakitsu\" \/>\n<meta property=\"og:description\" content=\"Ton T-Shirt Gris Bleu et sa capuche Gris Fonc\u00e9 sont accessibles en quelques clics. Ce pack t&#8217;ouvre les portes du commencement de l&#8217;aventure dans la NAIAFACTORY, o\u00f9 la cr\u00e9ation et ta participation \u00e0 la vie d&#8217;une marque, NAIAKITSU, est enfin possible. N&#8217;oublie pas que tu peux \u00e9galement ajouter \u00e0 ton panier des Bracelets, des Manches [&hellip;]\" \/>\n<meta property=\"og:url\" content=\"https:\/\/dev.naiakitsu.fr\/dev1\/produit\/pack-t-shirt-femme-gris-bleu-capuche-gris-fonce\/\" \/>\n<meta property=\"og:site_name\" content=\"naiakitsu\" \/>\n<meta property=\"article:modified_time\" content=\"2022-04-05T14:20:49+00:00\" \/>\n<meta property=\"og:image\" content=\"https:\/\/dev.naiakitsu.fr\/dev1\/wp-content\/uploads\/naiakitsu_tshirt_gris_capuche_gris_fonceF01-1-scaled.jpg\" \/>\n\t<meta property=\"og:image:width\" content=\"2560\" \/>\n\t<meta property=\"og:image:height\" content=\"2560\" \/>\n\t<meta property=\"og:image:type\" content=\"image\/jpeg\" \/>\n<meta name=\"twitter:card\" content=\"summary_large_image\" \/>\n<meta name=\"twitter:label1\" content=\"Dur\u00e9e de lecture estim\u00e9e\" \/>\n\t<meta name=\"twitter:data1\" content=\"1 minute\" \/>\n<script type=\"application\/ld+json\" class=\"yoast-schema-graph\">{\"@context\":\"https:\/\/schema.org\",\"@graph\":[{\"@type\":\"WebPage\",\"@id\":\"https:\/\/dev.naiakitsu.fr\/dev1\/produit\/pack-t-shirt-femme-gris-bleu-capuche-gris-fonce\/\",\"url\":\"https:\/\/dev.naiakitsu.fr\/dev1\/produit\/pack-t-shirt-femme-gris-bleu-capuche-gris-fonce\/\",\"name\":\"* Pack T-Shirt Femme Gris Bleu & Capuche Gris Fonc\u00e9 - naiakitsu\",\"isPartOf\":{\"@id\":\"https:\/\/dev.naiakitsu.fr\/dev1\/#website\"},\"datePublished\":\"2022-02-03T09:04:30+00:00\",\"dateModified\":\"2022-04-05T14:20:49+00:00\",\"breadcrumb\":{\"@id\":\"https:\/\/dev.naiakitsu.fr\/dev1\/produit\/pack-t-shirt-femme-gris-bleu-capuche-gris-fonce\/#breadcrumb\"},\"inLanguage\":\"fr-FR\",\"potentialAction\":[{\"@type\":\"ReadAction\",\"target\":[\"https:\/\/dev.naiakitsu.fr\/dev1\/produit\/pack-t-shirt-femme-gris-bleu-capuche-gris-fonce\/\"]}]},{\"@type\":\"BreadcrumbList\",\"@id\":\"https:\/\/dev.naiakitsu.fr\/dev1\/produit\/pack-t-shirt-femme-gris-bleu-capuche-gris-fonce\/#breadcrumb\",\"itemListElement\":[{\"@type\":\"ListItem\",\"position\":1,\"name\":\"Accueil\",\"item\":\"https:\/\/dev.naiakitsu.fr\/dev1\/\"},{\"@type\":\"ListItem\",\"position\":2,\"name\":\"E-shop\",\"item\":\"https:\/\/dev.naiakitsu.fr\/dev1\/e-shop\/\"},{\"@type\":\"ListItem\",\"position\":3,\"name\":\"* Pack T-Shirt Femme Gris Bleu &#038; Capuche Gris Fonc\u00e9\"}]},{\"@type\":\"WebSite\",\"@id\":\"https:\/\/dev.naiakitsu.fr\/dev1\/#website\",\"url\":\"https:\/\/dev.naiakitsu.fr\/dev1\/\",\"name\":\"naiakitsu\",\"description\":\"les basiques audacieux\",\"potentialAction\":[{\"@type\":\"SearchAction\",\"target\":{\"@type\":\"EntryPoint\",\"urlTemplate\":\"https:\/\/dev.naiakitsu.fr\/dev1\/?s={search_term_string}\"},\"query-input\":\"required name=search_term_string\"}],\"inLanguage\":\"fr-FR\"}]}<\/script>\n<!-- \/ Yoast SEO plugin. -->","yoast_head_json":{"title":"* Pack T-Shirt Femme Gris Bleu & Capuche Gris Fonc\u00e9 - naiakitsu","robots":{"index":"index","follow":"follow","max-snippet":"max-snippet:-1","max-image-preview":"max-image-preview:large","max-video-preview":"max-video-preview:-1"},"canonical":"https:\/\/dev.naiakitsu.fr\/dev1\/produit\/pack-t-shirt-femme-gris-bleu-capuche-gris-fonce\/","og_locale":"fr_FR","og_type":"article","og_title":"* Pack T-Shirt Femme Gris Bleu & Capuche Gris Fonc\u00e9 - naiakitsu","og_description":"Ton T-Shirt Gris Bleu et sa capuche Gris Fonc\u00e9 sont accessibles en quelques clics. Ce pack t&#8217;ouvre les portes du commencement de l&#8217;aventure dans la NAIAFACTORY, o\u00f9 la cr\u00e9ation et ta participation \u00e0 la vie d&#8217;une marque, NAIAKITSU, est enfin possible. N&#8217;oublie pas que tu peux \u00e9galement ajouter \u00e0 ton panier des Bracelets, des Manches [&hellip;]","og_url":"https:\/\/dev.naiakitsu.fr\/dev1\/produit\/pack-t-shirt-femme-gris-bleu-capuche-gris-fonce\/","og_site_name":"naiakitsu","article_modified_time":"2022-04-05T14:20:49+00:00","og_image":[{"width":2560,"height":2560,"url":"https:\/\/dev.naiakitsu.fr\/dev1\/wp-content\/uploads\/naiakitsu_tshirt_gris_capuche_gris_fonceF01-1-scaled.jpg","type":"image\/jpeg"}],"twitter_card":"summary_large_image","twitter_misc":{"Dur\u00e9e de lecture estim\u00e9e":"1 minute"},"schema":{"@context":"https:\/\/schema.org","@graph":[{"@type":"WebPage","@id":"https:\/\/dev.naiakitsu.fr\/dev1\/produit\/pack-t-shirt-femme-gris-bleu-capuche-gris-fonce\/","url":"https:\/\/dev.naiakitsu.fr\/dev1\/produit\/pack-t-shirt-femme-gris-bleu-capuche-gris-fonce\/","name":"* Pack T-Shirt Femme Gris Bleu & Capuche Gris Fonc\u00e9 - naiakitsu","isPartOf":{"@id":"https:\/\/dev.naiakitsu.fr\/dev1\/#website"},"datePublished":"2022-02-03T09:04:30+00:00","dateModified":"2022-04-05T14:20:49+00:00","breadcrumb":{"@id":"https:\/\/dev.naiakitsu.fr\/dev1\/produit\/pack-t-shirt-femme-gris-bleu-capuche-gris-fonce\/#breadcrumb"},"inLanguage":"fr-FR","potentialAction":[{"@type":"ReadAction","target":["https:\/\/dev.naiakitsu.fr\/dev1\/produit\/pack-t-shirt-femme-gris-bleu-capuche-gris-fonce\/"]}]},{"@type":"BreadcrumbList","@id":"https:\/\/dev.naiakitsu.fr\/dev1\/produit\/pack-t-shirt-femme-gris-bleu-capuche-gris-fonce\/#breadcrumb","itemListElement":[{"@type":"ListItem","position":1,"name":"Accueil","item":"https:\/\/dev.naiakitsu.fr\/dev1\/"},{"@type":"ListItem","position":2,"name":"E-shop","item":"https:\/\/dev.naiakitsu.fr\/dev1\/e-shop\/"},{"@type":"ListItem","position":3,"name":"* Pack T-Shirt Femme Gris Bleu &#038; Capuche Gris Fonc\u00e9"}]},{"@type":"WebSite","@id":"https:\/\/dev.naiakitsu.fr\/dev1\/#website","url":"https:\/\/dev.naiakitsu.fr\/dev1\/","name":"naiakitsu","description":"les basiques audacieux","potentialAction":[{"@type":"SearchAction","target":{"@type":"EntryPoint","urlTemplate":"https:\/\/dev.naiakitsu.fr\/dev1\/?s={search_term_string}"},"query-input":"required name=search_term_string"}],"inLanguage":"fr-FR"}]}},"_links":{"self":[{"href":"https:\/\/dev.naiakitsu.fr\/dev1\/wp-json\/wp\/v2\/product\/7030"}],"collection":[{"href":"https:\/\/dev.naiakitsu.fr\/dev1\/wp-json\/wp\/v2\/product"}],"about":[{"href":"https:\/\/dev.naiakitsu.fr\/dev1\/wp-json\/wp\/v2\/types\/product"}],"wp:featuredmedia":[{"embeddable":true,"href":"https:\/\/dev.naiakitsu.fr\/dev1\/wp-json\/wp\/v2\/media\/7420"}],"wp:attachment":[{"href":"https:\/\/dev.naiakitsu.fr\/dev1\/wp-json\/wp\/v2\/media?parent=7030"}],"wp:term":[{"taxonomy":"product_cat","embeddable":true,"href":"https:\/\/dev.naiakitsu.fr\/dev1\/wp-json\/wp\/v2\/product_cat?post=7030"},{"taxonomy":"product_tag","embeddable":true,"href":"https:\/\/dev.naiakitsu.fr\/dev1\/wp-json\/wp\/v2\/product_tag?post=7030"}],"curies":[{"name":"wp","href":"https:\/\/api.w.org\/{rel}","templated":true}]}}