{"id":6084,"date":"2022-01-20T12:02:44","date_gmt":"2022-01-20T11:02:44","guid":{"rendered":"https:\/\/www.naiakitsu.fr\/?post_type=product&#038;p=6084"},"modified":"2022-11-27T09:13:35","modified_gmt":"2022-11-27T08:13:35","slug":"t-shirt-homme-a-configurer","status":"publish","type":"product","link":"https:\/\/dev.naiakitsu.fr\/dev1\/produit\/t-shirt-homme-a-configurer\/","title":{"rendered":"* t-shirt homme \u00e0 configurer"},"content":{"rendered":"<p>Pas toujours facile de trouver un T-Shirt &#8220;BIO&#8221; r\u00e9alis\u00e9 EN FRANCE, dans un coton de qualit\u00e9 (jersey BIO et GOTS de 200 grammes).<\/p>\n<p>Nous vous avons cr\u00e9\u00e9 le bient\u00f4t iconique T-shirt Naiakitsu avec son message brod\u00e9, discret, qui marque sa diff\u00e9rence. Il reprend la philosophie de la marque :\u00a0 DEVIENS QUI TU ES, By Naiakitsu. C&#8217;est le d\u00e9but de l&#8217;aventure de la NAIAFACTORY !<\/p>\n<p>Quel bonheur d&#8217;\u00eatre soi-m\u00eame et de laisser s&#8217;amuser notre cr\u00e9ativit\u00e9 en accessoirisant votre T-Shirt Homme Naiakitsu, avec une capuche, un col, des manches longues, des bracelets. Pour &#8220;devenir qui tu es&#8221;, il vous suffit de choisir et de m\u00e9langer un ou plusieurs accessoires avec une ou plusieurs couleurs !<\/p>\n<p>Si vous n&#8217;\u00eates pas d&#8217;humeur cr\u00e9ative aujourd&#8217;hui : retrouvez nos packs complets qui vous feront gagner du temps.<\/p>\n","protected":false},"excerpt":{"rendered":"<p>Pas toujours facile de trouver un T-Shirt &#8220;BIO&#8221; r\u00e9alis\u00e9 EN FRANCE, dans un coton de qualit\u00e9 (jersey BIO et GOTS de 200 grammes). Nous vous avons cr\u00e9\u00e9 le bient\u00f4t iconique T-shirt Naiakitsu avec son message brod\u00e9, discret, qui marque sa diff\u00e9rence. Il reprend la philosophie de la marque :\u00a0 DEVIENS QUI TU ES, By Naiakitsu. [&hellip;]<\/p>\n","protected":false},"featured_media":8384,"template":"","meta":[],"product_cat":[15,37],"product_tag":[],"composite_virtual":false,"composite_layout":"single","composite_add_to_cart_form_location":"default","composite_editable_in_cart":false,"composite_sold_individually_context":"product","composite_shop_price_calc":"defaults","composite_components":[{"id":"1643322048","title":"T-SHIRT HOMME","description":"","query_type":"product_ids","query_ids":[1005],"default_option_id":1005,"thumbnail_id":"","thumbnail_src":"","quantity_min":1,"quantity_max":1,"priced_individually":true,"shipped_individually":false,"optional":false,"discount":"","options_style":"dropdowns","pagination_style":"classic","display_prices":"absolute","show_sorting_options":false,"show_filtering_options":false,"attribute_filter_ids":[],"product_title_visible":true,"product_descr_visible":true,"product_price_visible":true,"product_thumb_visible":true,"subtotal_visible_product":true,"subtotal_visible_cart":true,"subtotal_visible_orders":true},{"id":"1642031162","title":"COLS &amp; CAPUCHES","description":"","query_type":"product_ids","query_ids":[2319,4629,6088],"default_option_id":2319,"thumbnail_id":"","thumbnail_src":"","quantity_min":1,"quantity_max":1,"priced_individually":true,"shipped_individually":false,"optional":true,"discount":"","options_style":"dropdowns","pagination_style":"classic","display_prices":"absolute","show_sorting_options":false,"show_filtering_options":false,"attribute_filter_ids":[],"product_title_visible":true,"product_descr_visible":true,"product_price_visible":true,"product_thumb_visible":true,"subtotal_visible_product":true,"subtotal_visible_cart":true,"subtotal_visible_orders":true},{"id":"1643320239","title":"MANCHES &amp; BRACELETS","description":"","query_type":"product_ids","query_ids":[2037,2098,6108,2076],"default_option_id":2037,"thumbnail_id":"","thumbnail_src":"","quantity_min":1,"quantity_max":1,"priced_individually":true,"shipped_individually":false,"optional":true,"discount":"","options_style":"dropdowns","pagination_style":"classic","display_prices":"absolute","show_sorting_options":false,"show_filtering_options":false,"attribute_filter_ids":[],"product_title_visible":true,"product_descr_visible":true,"product_price_visible":true,"product_thumb_visible":true,"subtotal_visible_product":true,"subtotal_visible_cart":true,"subtotal_visible_orders":true}],"composite_scenarios":[],"bundled_by":[],"bundle_stock_status":"instock","bundle_stock_quantity":98,"bundle_virtual":false,"bundle_layout":"","bundle_add_to_cart_form_location":"","bundle_editable_in_cart":false,"bundle_sold_individually_context":"","bundle_item_grouping":"","bundle_min_size":"","bundle_max_size":"","bundled_items":[],"acf":[],"yoast_head":"<!-- This site is optimized with the Yoast SEO plugin v19.10 - https:\/\/yoast.com\/wordpress\/plugins\/seo\/ -->\n<title>* t-shirt homme \u00e0 configurer - naiakitsu<\/title>\n<meta name=\"description\" content=\"Configurer votre T-shirt Homme NAIAKITSU et accessoirisez comme bon vous semble votre T-Shirt avec le concept unique de la marque.\" \/>\n<meta name=\"robots\" content=\"index, follow, max-snippet:-1, max-image-preview:large, max-video-preview:-1\" \/>\n<link rel=\"canonical\" href=\"https:\/\/dev.naiakitsu.fr\/dev1\/produit\/t-shirt-homme-a-configurer\/\" \/>\n<meta property=\"og:locale\" content=\"fr_FR\" \/>\n<meta property=\"og:type\" content=\"article\" \/>\n<meta property=\"og:title\" content=\"* t-shirt homme \u00e0 configurer - naiakitsu\" \/>\n<meta property=\"og:description\" content=\"Configurer votre T-shirt Homme NAIAKITSU et accessoirisez comme bon vous semble votre T-Shirt avec le concept unique de la marque.\" \/>\n<meta property=\"og:url\" content=\"https:\/\/dev.naiakitsu.fr\/dev1\/produit\/t-shirt-homme-a-configurer\/\" \/>\n<meta property=\"og:site_name\" content=\"naiakitsu\" \/>\n<meta property=\"article:modified_time\" content=\"2022-11-27T08:13:35+00:00\" \/>\n<meta property=\"og:image\" content=\"https:\/\/dev.naiakitsu.fr\/dev1\/wp-content\/uploads\/Capture-decran-2022-02-23-a-18.41.57.png\" \/>\n\t<meta property=\"og:image:width\" content=\"1858\" \/>\n\t<meta property=\"og:image:height\" content=\"1566\" \/>\n\t<meta property=\"og:image:type\" content=\"image\/png\" \/>\n<meta name=\"twitter:card\" content=\"summary_large_image\" \/>\n<meta name=\"twitter:label1\" content=\"Dur\u00e9e de lecture estim\u00e9e\" \/>\n\t<meta name=\"twitter:data1\" content=\"1 minute\" \/>\n<script type=\"application\/ld+json\" class=\"yoast-schema-graph\">{\"@context\":\"https:\/\/schema.org\",\"@graph\":[{\"@type\":\"WebPage\",\"@id\":\"https:\/\/dev.naiakitsu.fr\/dev1\/produit\/t-shirt-homme-a-configurer\/\",\"url\":\"https:\/\/dev.naiakitsu.fr\/dev1\/produit\/t-shirt-homme-a-configurer\/\",\"name\":\"* t-shirt homme \u00e0 configurer - naiakitsu\",\"isPartOf\":{\"@id\":\"https:\/\/dev.naiakitsu.fr\/dev1\/#website\"},\"datePublished\":\"2022-01-20T11:02:44+00:00\",\"dateModified\":\"2022-11-27T08:13:35+00:00\",\"description\":\"Configurer votre T-shirt Homme NAIAKITSU et accessoirisez comme bon vous semble votre T-Shirt avec le concept unique de la marque.\",\"breadcrumb\":{\"@id\":\"https:\/\/dev.naiakitsu.fr\/dev1\/produit\/t-shirt-homme-a-configurer\/#breadcrumb\"},\"inLanguage\":\"fr-FR\",\"potentialAction\":[{\"@type\":\"ReadAction\",\"target\":[\"https:\/\/dev.naiakitsu.fr\/dev1\/produit\/t-shirt-homme-a-configurer\/\"]}]},{\"@type\":\"BreadcrumbList\",\"@id\":\"https:\/\/dev.naiakitsu.fr\/dev1\/produit\/t-shirt-homme-a-configurer\/#breadcrumb\",\"itemListElement\":[{\"@type\":\"ListItem\",\"position\":1,\"name\":\"Accueil\",\"item\":\"https:\/\/dev.naiakitsu.fr\/dev1\/\"},{\"@type\":\"ListItem\",\"position\":2,\"name\":\"E-shop\",\"item\":\"https:\/\/dev.naiakitsu.fr\/dev1\/e-shop\/\"},{\"@type\":\"ListItem\",\"position\":3,\"name\":\"* t-shirt homme \u00e0 configurer\"}]},{\"@type\":\"WebSite\",\"@id\":\"https:\/\/dev.naiakitsu.fr\/dev1\/#website\",\"url\":\"https:\/\/dev.naiakitsu.fr\/dev1\/\",\"name\":\"naiakitsu\",\"description\":\"les basiques audacieux\",\"potentialAction\":[{\"@type\":\"SearchAction\",\"target\":{\"@type\":\"EntryPoint\",\"urlTemplate\":\"https:\/\/dev.naiakitsu.fr\/dev1\/?s={search_term_string}\"},\"query-input\":\"required name=search_term_string\"}],\"inLanguage\":\"fr-FR\"}]}<\/script>\n<!-- \/ Yoast SEO plugin. -->","yoast_head_json":{"title":"* t-shirt homme \u00e0 configurer - naiakitsu","description":"Configurer votre T-shirt Homme NAIAKITSU et accessoirisez comme bon vous semble votre T-Shirt avec le concept unique de la marque.","robots":{"index":"index","follow":"follow","max-snippet":"max-snippet:-1","max-image-preview":"max-image-preview:large","max-video-preview":"max-video-preview:-1"},"canonical":"https:\/\/dev.naiakitsu.fr\/dev1\/produit\/t-shirt-homme-a-configurer\/","og_locale":"fr_FR","og_type":"article","og_title":"* t-shirt homme \u00e0 configurer - naiakitsu","og_description":"Configurer votre T-shirt Homme NAIAKITSU et accessoirisez comme bon vous semble votre T-Shirt avec le concept unique de la marque.","og_url":"https:\/\/dev.naiakitsu.fr\/dev1\/produit\/t-shirt-homme-a-configurer\/","og_site_name":"naiakitsu","article_modified_time":"2022-11-27T08:13:35+00:00","og_image":[{"width":1858,"height":1566,"url":"https:\/\/dev.naiakitsu.fr\/dev1\/wp-content\/uploads\/Capture-decran-2022-02-23-a-18.41.57.png","type":"image\/png"}],"twitter_card":"summary_large_image","twitter_misc":{"Dur\u00e9e de lecture estim\u00e9e":"1 minute"},"schema":{"@context":"https:\/\/schema.org","@graph":[{"@type":"WebPage","@id":"https:\/\/dev.naiakitsu.fr\/dev1\/produit\/t-shirt-homme-a-configurer\/","url":"https:\/\/dev.naiakitsu.fr\/dev1\/produit\/t-shirt-homme-a-configurer\/","name":"* t-shirt homme \u00e0 configurer - naiakitsu","isPartOf":{"@id":"https:\/\/dev.naiakitsu.fr\/dev1\/#website"},"datePublished":"2022-01-20T11:02:44+00:00","dateModified":"2022-11-27T08:13:35+00:00","description":"Configurer votre T-shirt Homme NAIAKITSU et accessoirisez comme bon vous semble votre T-Shirt avec le concept unique de la marque.","breadcrumb":{"@id":"https:\/\/dev.naiakitsu.fr\/dev1\/produit\/t-shirt-homme-a-configurer\/#breadcrumb"},"inLanguage":"fr-FR","potentialAction":[{"@type":"ReadAction","target":["https:\/\/dev.naiakitsu.fr\/dev1\/produit\/t-shirt-homme-a-configurer\/"]}]},{"@type":"BreadcrumbList","@id":"https:\/\/dev.naiakitsu.fr\/dev1\/produit\/t-shirt-homme-a-configurer\/#breadcrumb","itemListElement":[{"@type":"ListItem","position":1,"name":"Accueil","item":"https:\/\/dev.naiakitsu.fr\/dev1\/"},{"@type":"ListItem","position":2,"name":"E-shop","item":"https:\/\/dev.naiakitsu.fr\/dev1\/e-shop\/"},{"@type":"ListItem","position":3,"name":"* t-shirt homme \u00e0 configurer"}]},{"@type":"WebSite","@id":"https:\/\/dev.naiakitsu.fr\/dev1\/#website","url":"https:\/\/dev.naiakitsu.fr\/dev1\/","name":"naiakitsu","description":"les basiques audacieux","potentialAction":[{"@type":"SearchAction","target":{"@type":"EntryPoint","urlTemplate":"https:\/\/dev.naiakitsu.fr\/dev1\/?s={search_term_string}"},"query-input":"required name=search_term_string"}],"inLanguage":"fr-FR"}]}},"_links":{"self":[{"href":"https:\/\/dev.naiakitsu.fr\/dev1\/wp-json\/wp\/v2\/product\/6084"}],"collection":[{"href":"https:\/\/dev.naiakitsu.fr\/dev1\/wp-json\/wp\/v2\/product"}],"about":[{"href":"https:\/\/dev.naiakitsu.fr\/dev1\/wp-json\/wp\/v2\/types\/product"}],"wp:featuredmedia":[{"embeddable":true,"href":"https:\/\/dev.naiakitsu.fr\/dev1\/wp-json\/wp\/v2\/media\/8384"}],"wp:attachment":[{"href":"https:\/\/dev.naiakitsu.fr\/dev1\/wp-json\/wp\/v2\/media?parent=6084"}],"wp:term":[{"taxonomy":"product_cat","embeddable":true,"href":"https:\/\/dev.naiakitsu.fr\/dev1\/wp-json\/wp\/v2\/product_cat?post=6084"},{"taxonomy":"product_tag","embeddable":true,"href":"https:\/\/dev.naiakitsu.fr\/dev1\/wp-json\/wp\/v2\/product_tag?post=6084"}],"curies":[{"name":"wp","href":"https:\/\/api.w.org\/{rel}","templated":true}]}}