{"id":5401,"date":"2021-12-18T19:42:36","date_gmt":"2021-12-18T18:42:36","guid":{"rendered":"https:\/\/www.naiakitsu.fr\/?post_type=product&#038;p=5401"},"modified":"2022-11-08T09:43:16","modified_gmt":"2022-11-08T08:43:16","slug":"col-italien-jersey-leger","status":"publish","type":"product","link":"https:\/\/dev.naiakitsu.fr\/dev1\/produit\/col-italien-jersey-leger\/","title":{"rendered":"Col Italien en jersey Leger"},"content":{"rendered":"<p>Ce col Italien en jersey L\u00e9ger BIO et GOTS est de la m\u00eame mati\u00e8re que les T-Shirt Naiakitsu.<\/p>\n<p>Il compl\u00e8te les cols de chemise, les cols du polo en Milano et les cols r\u00e9versibles des marini\u00e8res. Tous ces diff\u00e9rents cols vous permettent de jouer avec les mati\u00e8res et d&#8217;accessoiriser vos v\u00eatements Naiakitsu.<\/p>\n<p>Bienvenue dans l&#8217;aventure de la NAIAFACTORY !<\/p>\n<p>&nbsp;<\/p>\n","protected":false},"excerpt":{"rendered":"<p>Ce col Italien en jersey L\u00e9ger BIO et GOTS est de la m\u00eame mati\u00e8re que les T-Shirt Naiakitsu. Il compl\u00e8te les cols de chemise, les cols du polo en Milano et les cols r\u00e9versibles des marini\u00e8res. Tous ces diff\u00e9rents cols vous permettent de jouer avec les mati\u00e8res et d&#8217;accessoiriser vos v\u00eatements Naiakitsu. Bienvenue dans l&#8217;aventure [&hellip;]<\/p>\n","protected":false},"featured_media":6993,"template":"","meta":[],"product_cat":[15,132,117,170,131,130,37],"product_tag":[],"composite_virtual":false,"composite_layout":"","composite_add_to_cart_form_location":"","composite_editable_in_cart":false,"composite_sold_individually_context":"","composite_shop_price_calc":"","composite_components":[],"composite_scenarios":[],"bundled_by":[],"bundle_stock_status":"instock","bundle_stock_quantity":null,"bundle_virtual":false,"bundle_layout":"","bundle_add_to_cart_form_location":"","bundle_editable_in_cart":false,"bundle_sold_individually_context":"","bundle_item_grouping":"","bundle_min_size":"","bundle_max_size":"","bundled_items":[],"acf":[],"yoast_head":"<!-- This site is optimized with the Yoast SEO plugin v19.10 - https:\/\/yoast.com\/wordpress\/plugins\/seo\/ -->\n<title>Col Italien en jersey Leger - naiakitsu<\/title>\n<meta name=\"description\" content=\"Ajoutez un col en jersey l\u00e9ger pour apporter une mati\u00e8re douce, un aspect nouveau, \u00e0 votre v\u00eatement Naiakitsu, c&#039;est le concept de la marque.\" \/>\n<meta name=\"robots\" content=\"index, follow, max-snippet:-1, max-image-preview:large, max-video-preview:-1\" \/>\n<link rel=\"canonical\" href=\"https:\/\/dev.naiakitsu.fr\/dev1\/produit\/col-italien-jersey-leger\/\" \/>\n<meta property=\"og:locale\" content=\"fr_FR\" \/>\n<meta property=\"og:type\" content=\"article\" \/>\n<meta property=\"og:title\" content=\"Col Italien en jersey Leger - naiakitsu\" \/>\n<meta property=\"og:description\" content=\"Ajoutez un col en jersey l\u00e9ger pour apporter une mati\u00e8re douce, un aspect nouveau, \u00e0 votre v\u00eatement Naiakitsu, c&#039;est le concept de la marque.\" \/>\n<meta property=\"og:url\" content=\"https:\/\/dev.naiakitsu.fr\/dev1\/produit\/col-italien-jersey-leger\/\" \/>\n<meta property=\"og:site_name\" content=\"naiakitsu\" \/>\n<meta property=\"article:modified_time\" content=\"2022-11-08T08:43:16+00:00\" \/>\n<meta property=\"og:image\" content=\"https:\/\/dev.naiakitsu.fr\/dev1\/wp-content\/uploads\/Cols-4-coul-Jers-Leg-retenu-1-scaled.jpg\" \/>\n\t<meta property=\"og:image:width\" content=\"2560\" \/>\n\t<meta property=\"og:image:height\" content=\"1920\" \/>\n\t<meta property=\"og:image:type\" content=\"image\/jpeg\" \/>\n<meta name=\"twitter:card\" content=\"summary_large_image\" \/>\n<meta name=\"twitter:label1\" content=\"Dur\u00e9e de lecture estim\u00e9e\" \/>\n\t<meta name=\"twitter:data1\" content=\"1 minute\" \/>\n<script type=\"application\/ld+json\" class=\"yoast-schema-graph\">{\"@context\":\"https:\/\/schema.org\",\"@graph\":[{\"@type\":\"WebPage\",\"@id\":\"https:\/\/dev.naiakitsu.fr\/dev1\/produit\/col-italien-jersey-leger\/\",\"url\":\"https:\/\/dev.naiakitsu.fr\/dev1\/produit\/col-italien-jersey-leger\/\",\"name\":\"Col Italien en jersey Leger - naiakitsu\",\"isPartOf\":{\"@id\":\"https:\/\/dev.naiakitsu.fr\/dev1\/#website\"},\"datePublished\":\"2021-12-18T18:42:36+00:00\",\"dateModified\":\"2022-11-08T08:43:16+00:00\",\"description\":\"Ajoutez un col en jersey l\u00e9ger pour apporter une mati\u00e8re douce, un aspect nouveau, \u00e0 votre v\u00eatement Naiakitsu, c'est le concept de la marque.\",\"breadcrumb\":{\"@id\":\"https:\/\/dev.naiakitsu.fr\/dev1\/produit\/col-italien-jersey-leger\/#breadcrumb\"},\"inLanguage\":\"fr-FR\",\"potentialAction\":[{\"@type\":\"ReadAction\",\"target\":[\"https:\/\/dev.naiakitsu.fr\/dev1\/produit\/col-italien-jersey-leger\/\"]}]},{\"@type\":\"BreadcrumbList\",\"@id\":\"https:\/\/dev.naiakitsu.fr\/dev1\/produit\/col-italien-jersey-leger\/#breadcrumb\",\"itemListElement\":[{\"@type\":\"ListItem\",\"position\":1,\"name\":\"Accueil\",\"item\":\"https:\/\/dev.naiakitsu.fr\/dev1\/\"},{\"@type\":\"ListItem\",\"position\":2,\"name\":\"E-shop\",\"item\":\"https:\/\/dev.naiakitsu.fr\/dev1\/e-shop\/\"},{\"@type\":\"ListItem\",\"position\":3,\"name\":\"Col Italien en jersey Leger\"}]},{\"@type\":\"WebSite\",\"@id\":\"https:\/\/dev.naiakitsu.fr\/dev1\/#website\",\"url\":\"https:\/\/dev.naiakitsu.fr\/dev1\/\",\"name\":\"naiakitsu\",\"description\":\"les basiques audacieux\",\"potentialAction\":[{\"@type\":\"SearchAction\",\"target\":{\"@type\":\"EntryPoint\",\"urlTemplate\":\"https:\/\/dev.naiakitsu.fr\/dev1\/?s={search_term_string}\"},\"query-input\":\"required name=search_term_string\"}],\"inLanguage\":\"fr-FR\"}]}<\/script>\n<!-- \/ Yoast SEO plugin. -->","yoast_head_json":{"title":"Col Italien en jersey Leger - naiakitsu","description":"Ajoutez un col en jersey l\u00e9ger pour apporter une mati\u00e8re douce, un aspect nouveau, \u00e0 votre v\u00eatement Naiakitsu, c'est le concept de la marque.","robots":{"index":"index","follow":"follow","max-snippet":"max-snippet:-1","max-image-preview":"max-image-preview:large","max-video-preview":"max-video-preview:-1"},"canonical":"https:\/\/dev.naiakitsu.fr\/dev1\/produit\/col-italien-jersey-leger\/","og_locale":"fr_FR","og_type":"article","og_title":"Col Italien en jersey Leger - naiakitsu","og_description":"Ajoutez un col en jersey l\u00e9ger pour apporter une mati\u00e8re douce, un aspect nouveau, \u00e0 votre v\u00eatement Naiakitsu, c'est le concept de la marque.","og_url":"https:\/\/dev.naiakitsu.fr\/dev1\/produit\/col-italien-jersey-leger\/","og_site_name":"naiakitsu","article_modified_time":"2022-11-08T08:43:16+00:00","og_image":[{"width":2560,"height":1920,"url":"https:\/\/dev.naiakitsu.fr\/dev1\/wp-content\/uploads\/Cols-4-coul-Jers-Leg-retenu-1-scaled.jpg","type":"image\/jpeg"}],"twitter_card":"summary_large_image","twitter_misc":{"Dur\u00e9e de lecture estim\u00e9e":"1 minute"},"schema":{"@context":"https:\/\/schema.org","@graph":[{"@type":"WebPage","@id":"https:\/\/dev.naiakitsu.fr\/dev1\/produit\/col-italien-jersey-leger\/","url":"https:\/\/dev.naiakitsu.fr\/dev1\/produit\/col-italien-jersey-leger\/","name":"Col Italien en jersey Leger - naiakitsu","isPartOf":{"@id":"https:\/\/dev.naiakitsu.fr\/dev1\/#website"},"datePublished":"2021-12-18T18:42:36+00:00","dateModified":"2022-11-08T08:43:16+00:00","description":"Ajoutez un col en jersey l\u00e9ger pour apporter une mati\u00e8re douce, un aspect nouveau, \u00e0 votre v\u00eatement Naiakitsu, c'est le concept de la marque.","breadcrumb":{"@id":"https:\/\/dev.naiakitsu.fr\/dev1\/produit\/col-italien-jersey-leger\/#breadcrumb"},"inLanguage":"fr-FR","potentialAction":[{"@type":"ReadAction","target":["https:\/\/dev.naiakitsu.fr\/dev1\/produit\/col-italien-jersey-leger\/"]}]},{"@type":"BreadcrumbList","@id":"https:\/\/dev.naiakitsu.fr\/dev1\/produit\/col-italien-jersey-leger\/#breadcrumb","itemListElement":[{"@type":"ListItem","position":1,"name":"Accueil","item":"https:\/\/dev.naiakitsu.fr\/dev1\/"},{"@type":"ListItem","position":2,"name":"E-shop","item":"https:\/\/dev.naiakitsu.fr\/dev1\/e-shop\/"},{"@type":"ListItem","position":3,"name":"Col Italien en jersey Leger"}]},{"@type":"WebSite","@id":"https:\/\/dev.naiakitsu.fr\/dev1\/#website","url":"https:\/\/dev.naiakitsu.fr\/dev1\/","name":"naiakitsu","description":"les basiques audacieux","potentialAction":[{"@type":"SearchAction","target":{"@type":"EntryPoint","urlTemplate":"https:\/\/dev.naiakitsu.fr\/dev1\/?s={search_term_string}"},"query-input":"required name=search_term_string"}],"inLanguage":"fr-FR"}]}},"_links":{"self":[{"href":"https:\/\/dev.naiakitsu.fr\/dev1\/wp-json\/wp\/v2\/product\/5401"}],"collection":[{"href":"https:\/\/dev.naiakitsu.fr\/dev1\/wp-json\/wp\/v2\/product"}],"about":[{"href":"https:\/\/dev.naiakitsu.fr\/dev1\/wp-json\/wp\/v2\/types\/product"}],"wp:featuredmedia":[{"embeddable":true,"href":"https:\/\/dev.naiakitsu.fr\/dev1\/wp-json\/wp\/v2\/media\/6993"}],"wp:attachment":[{"href":"https:\/\/dev.naiakitsu.fr\/dev1\/wp-json\/wp\/v2\/media?parent=5401"}],"wp:term":[{"taxonomy":"product_cat","embeddable":true,"href":"https:\/\/dev.naiakitsu.fr\/dev1\/wp-json\/wp\/v2\/product_cat?post=5401"},{"taxonomy":"product_tag","embeddable":true,"href":"https:\/\/dev.naiakitsu.fr\/dev1\/wp-json\/wp\/v2\/product_tag?post=5401"}],"curies":[{"name":"wp","href":"https:\/\/api.w.org\/{rel}","templated":true}]}}