{"id":4661,"date":"2021-12-01T20:44:47","date_gmt":"2021-12-01T19:44:47","guid":{"rendered":"https:\/\/www.naiakitsu.fr\/?post_type=product&#038;p=4661"},"modified":"2022-12-13T09:51:03","modified_gmt":"2022-12-13T08:51:03","slug":"col-jersey-uni","status":"publish","type":"product","link":"https:\/\/dev.naiakitsu.fr\/dev1\/produit\/col-jersey-uni\/","title":{"rendered":"Col Italien en jersey lourd r\u00e9versible uni &#8211; ray\u00e9"},"content":{"rendered":"<p>Un col, plusieurs utilit\u00e9s, plusieurs version\u00a0 !<\/p>\n<p>Notre col de marini\u00e8re r\u00e9versible (une face unie, une face ray\u00e9e) s&#8217;adapte \u00e0 votre marini\u00e8re pour lui donner un style, mais aussi \u00e0 votre polo, \u00e0 votre chemise ou m\u00eame \u00e0 votre T-Shirt pour casser les codes et d\u00e9finir un style \u00e9l\u00e9gant et original !<\/p>\n<p>Vous passez du ray\u00e9 blanc avec la couleur de col choisie (Bleu Marine, Gris Fonc\u00e9) au blanc, voire au bleu marine si votre col est ray\u00e9 Blanc-Bleu marine. Regardez les photos pour vous rendre compte.<\/p>\n<p>&nbsp;<\/p>\n<p>&nbsp;<\/p>\n<p>&nbsp;<\/p>\n<p>&nbsp;<\/p>\n<p>&nbsp;<\/p>\n","protected":false},"excerpt":{"rendered":"<p>Un col, plusieurs utilit\u00e9s, plusieurs version\u00a0 ! Notre col de marini\u00e8re r\u00e9versible (une face unie, une face ray\u00e9e) s&#8217;adapte \u00e0 votre marini\u00e8re pour lui donner un style, mais aussi \u00e0 votre polo, \u00e0 votre chemise ou m\u00eame \u00e0 votre T-Shirt pour casser les codes et d\u00e9finir un style \u00e9l\u00e9gant et original ! Vous passez du [&hellip;]<\/p>\n","protected":false},"featured_media":6599,"template":"","meta":[],"product_cat":[15,132,117,170,131,130,37],"product_tag":[],"composite_virtual":false,"composite_layout":"","composite_add_to_cart_form_location":"","composite_editable_in_cart":false,"composite_sold_individually_context":"","composite_shop_price_calc":"","composite_components":[],"composite_scenarios":[],"bundled_by":[],"bundle_stock_status":"instock","bundle_stock_quantity":null,"bundle_virtual":false,"bundle_layout":"","bundle_add_to_cart_form_location":"","bundle_editable_in_cart":false,"bundle_sold_individually_context":"","bundle_item_grouping":"","bundle_min_size":"","bundle_max_size":"","bundled_items":[],"acf":[],"yoast_head":"<!-- This site is optimized with the Yoast SEO plugin v19.10 - https:\/\/yoast.com\/wordpress\/plugins\/seo\/ -->\n<title>Col Italien en jersey lourd r\u00e9versible uni - ray\u00e9 - naiakitsu<\/title>\n<meta name=\"robots\" content=\"index, follow, max-snippet:-1, max-image-preview:large, max-video-preview:-1\" \/>\n<link rel=\"canonical\" href=\"https:\/\/dev.naiakitsu.fr\/dev1\/produit\/col-jersey-uni\/\" \/>\n<meta property=\"og:locale\" content=\"fr_FR\" \/>\n<meta property=\"og:type\" content=\"article\" \/>\n<meta property=\"og:title\" content=\"Col Italien en jersey lourd r\u00e9versible uni - ray\u00e9 - naiakitsu\" \/>\n<meta property=\"og:description\" content=\"Un col, plusieurs utilit\u00e9s, plusieurs version\u00a0 ! Notre col de marini\u00e8re r\u00e9versible (une face unie, une face ray\u00e9e) s&#8217;adapte \u00e0 votre marini\u00e8re pour lui donner un style, mais aussi \u00e0 votre polo, \u00e0 votre chemise ou m\u00eame \u00e0 votre T-Shirt pour casser les codes et d\u00e9finir un style \u00e9l\u00e9gant et original ! Vous passez du [&hellip;]\" \/>\n<meta property=\"og:url\" content=\"https:\/\/dev.naiakitsu.fr\/dev1\/produit\/col-jersey-uni\/\" \/>\n<meta property=\"og:site_name\" content=\"naiakitsu\" \/>\n<meta property=\"article:modified_time\" content=\"2022-12-13T08:51:03+00:00\" \/>\n<meta property=\"og:image\" content=\"https:\/\/dev.naiakitsu.fr\/dev1\/wp-content\/uploads\/COLS_MARINIERE_NAIAKITSU02-scaled.jpg\" \/>\n\t<meta property=\"og:image:width\" content=\"2560\" \/>\n\t<meta property=\"og:image:height\" content=\"2560\" \/>\n\t<meta property=\"og:image:type\" content=\"image\/jpeg\" \/>\n<meta name=\"twitter:card\" content=\"summary_large_image\" \/>\n<meta name=\"twitter:label1\" content=\"Dur\u00e9e de lecture estim\u00e9e\" \/>\n\t<meta name=\"twitter:data1\" content=\"1 minute\" \/>\n<script type=\"application\/ld+json\" class=\"yoast-schema-graph\">{\"@context\":\"https:\/\/schema.org\",\"@graph\":[{\"@type\":\"WebPage\",\"@id\":\"https:\/\/dev.naiakitsu.fr\/dev1\/produit\/col-jersey-uni\/\",\"url\":\"https:\/\/dev.naiakitsu.fr\/dev1\/produit\/col-jersey-uni\/\",\"name\":\"Col Italien en jersey lourd r\u00e9versible uni - ray\u00e9 - naiakitsu\",\"isPartOf\":{\"@id\":\"https:\/\/dev.naiakitsu.fr\/dev1\/#website\"},\"datePublished\":\"2021-12-01T19:44:47+00:00\",\"dateModified\":\"2022-12-13T08:51:03+00:00\",\"breadcrumb\":{\"@id\":\"https:\/\/dev.naiakitsu.fr\/dev1\/produit\/col-jersey-uni\/#breadcrumb\"},\"inLanguage\":\"fr-FR\",\"potentialAction\":[{\"@type\":\"ReadAction\",\"target\":[\"https:\/\/dev.naiakitsu.fr\/dev1\/produit\/col-jersey-uni\/\"]}]},{\"@type\":\"BreadcrumbList\",\"@id\":\"https:\/\/dev.naiakitsu.fr\/dev1\/produit\/col-jersey-uni\/#breadcrumb\",\"itemListElement\":[{\"@type\":\"ListItem\",\"position\":1,\"name\":\"Accueil\",\"item\":\"https:\/\/dev.naiakitsu.fr\/dev1\/\"},{\"@type\":\"ListItem\",\"position\":2,\"name\":\"E-shop\",\"item\":\"https:\/\/dev.naiakitsu.fr\/dev1\/e-shop\/\"},{\"@type\":\"ListItem\",\"position\":3,\"name\":\"Col Italien en jersey lourd r\u00e9versible uni &#8211; ray\u00e9\"}]},{\"@type\":\"WebSite\",\"@id\":\"https:\/\/dev.naiakitsu.fr\/dev1\/#website\",\"url\":\"https:\/\/dev.naiakitsu.fr\/dev1\/\",\"name\":\"naiakitsu\",\"description\":\"les basiques audacieux\",\"potentialAction\":[{\"@type\":\"SearchAction\",\"target\":{\"@type\":\"EntryPoint\",\"urlTemplate\":\"https:\/\/dev.naiakitsu.fr\/dev1\/?s={search_term_string}\"},\"query-input\":\"required name=search_term_string\"}],\"inLanguage\":\"fr-FR\"}]}<\/script>\n<!-- \/ Yoast SEO plugin. -->","yoast_head_json":{"title":"Col Italien en jersey lourd r\u00e9versible uni - ray\u00e9 - naiakitsu","robots":{"index":"index","follow":"follow","max-snippet":"max-snippet:-1","max-image-preview":"max-image-preview:large","max-video-preview":"max-video-preview:-1"},"canonical":"https:\/\/dev.naiakitsu.fr\/dev1\/produit\/col-jersey-uni\/","og_locale":"fr_FR","og_type":"article","og_title":"Col Italien en jersey lourd r\u00e9versible uni - ray\u00e9 - naiakitsu","og_description":"Un col, plusieurs utilit\u00e9s, plusieurs version\u00a0 ! Notre col de marini\u00e8re r\u00e9versible (une face unie, une face ray\u00e9e) s&#8217;adapte \u00e0 votre marini\u00e8re pour lui donner un style, mais aussi \u00e0 votre polo, \u00e0 votre chemise ou m\u00eame \u00e0 votre T-Shirt pour casser les codes et d\u00e9finir un style \u00e9l\u00e9gant et original ! Vous passez du [&hellip;]","og_url":"https:\/\/dev.naiakitsu.fr\/dev1\/produit\/col-jersey-uni\/","og_site_name":"naiakitsu","article_modified_time":"2022-12-13T08:51:03+00:00","og_image":[{"width":2560,"height":2560,"url":"https:\/\/dev.naiakitsu.fr\/dev1\/wp-content\/uploads\/COLS_MARINIERE_NAIAKITSU02-scaled.jpg","type":"image\/jpeg"}],"twitter_card":"summary_large_image","twitter_misc":{"Dur\u00e9e de lecture estim\u00e9e":"1 minute"},"schema":{"@context":"https:\/\/schema.org","@graph":[{"@type":"WebPage","@id":"https:\/\/dev.naiakitsu.fr\/dev1\/produit\/col-jersey-uni\/","url":"https:\/\/dev.naiakitsu.fr\/dev1\/produit\/col-jersey-uni\/","name":"Col Italien en jersey lourd r\u00e9versible uni - ray\u00e9 - naiakitsu","isPartOf":{"@id":"https:\/\/dev.naiakitsu.fr\/dev1\/#website"},"datePublished":"2021-12-01T19:44:47+00:00","dateModified":"2022-12-13T08:51:03+00:00","breadcrumb":{"@id":"https:\/\/dev.naiakitsu.fr\/dev1\/produit\/col-jersey-uni\/#breadcrumb"},"inLanguage":"fr-FR","potentialAction":[{"@type":"ReadAction","target":["https:\/\/dev.naiakitsu.fr\/dev1\/produit\/col-jersey-uni\/"]}]},{"@type":"BreadcrumbList","@id":"https:\/\/dev.naiakitsu.fr\/dev1\/produit\/col-jersey-uni\/#breadcrumb","itemListElement":[{"@type":"ListItem","position":1,"name":"Accueil","item":"https:\/\/dev.naiakitsu.fr\/dev1\/"},{"@type":"ListItem","position":2,"name":"E-shop","item":"https:\/\/dev.naiakitsu.fr\/dev1\/e-shop\/"},{"@type":"ListItem","position":3,"name":"Col Italien en jersey lourd r\u00e9versible uni &#8211; ray\u00e9"}]},{"@type":"WebSite","@id":"https:\/\/dev.naiakitsu.fr\/dev1\/#website","url":"https:\/\/dev.naiakitsu.fr\/dev1\/","name":"naiakitsu","description":"les basiques audacieux","potentialAction":[{"@type":"SearchAction","target":{"@type":"EntryPoint","urlTemplate":"https:\/\/dev.naiakitsu.fr\/dev1\/?s={search_term_string}"},"query-input":"required name=search_term_string"}],"inLanguage":"fr-FR"}]}},"_links":{"self":[{"href":"https:\/\/dev.naiakitsu.fr\/dev1\/wp-json\/wp\/v2\/product\/4661"}],"collection":[{"href":"https:\/\/dev.naiakitsu.fr\/dev1\/wp-json\/wp\/v2\/product"}],"about":[{"href":"https:\/\/dev.naiakitsu.fr\/dev1\/wp-json\/wp\/v2\/types\/product"}],"wp:featuredmedia":[{"embeddable":true,"href":"https:\/\/dev.naiakitsu.fr\/dev1\/wp-json\/wp\/v2\/media\/6599"}],"wp:attachment":[{"href":"https:\/\/dev.naiakitsu.fr\/dev1\/wp-json\/wp\/v2\/media?parent=4661"}],"wp:term":[{"taxonomy":"product_cat","embeddable":true,"href":"https:\/\/dev.naiakitsu.fr\/dev1\/wp-json\/wp\/v2\/product_cat?post=4661"},{"taxonomy":"product_tag","embeddable":true,"href":"https:\/\/dev.naiakitsu.fr\/dev1\/wp-json\/wp\/v2\/product_tag?post=4661"}],"curies":[{"name":"wp","href":"https:\/\/api.w.org\/{rel}","templated":true}]}}