{"id":4534,"date":"2021-12-01T08:52:14","date_gmt":"2021-12-01T07:52:14","guid":{"rendered":"https:\/\/www.naiakitsu.fr\/?post_type=product&#038;p=4534"},"modified":"2022-12-14T17:00:03","modified_gmt":"2022-12-14T16:00:03","slug":"polo-homme-a-configurer","status":"publish","type":"product","link":"https:\/\/dev.naiakitsu.fr\/dev1\/produit\/polo-homme-a-configurer\/","title":{"rendered":"* Polo homme \u00e0 configurer"},"content":{"rendered":"<p>Les polos, chez Naiakitsu,\u00a0 ont un c\u00f4t\u00e9 chic ou d\u00e9contract\u00e9, en fonction du pantalon avec lequel vous l&#8217;associez.<\/p>\n<p>Nous vous avons s\u00e9lectionn\u00e9 un coton Milano de 315 g, tr\u00e8s \u00e9l\u00e9gant, confortable, ce qui rend notre polo col Mao unique.<\/p>\n<p>Notre configurateur vous ouvre les portes de la cr\u00e9ativit\u00e9 si vous souhaitez cr\u00e9er votre version.<\/p>\n<p>Vous pouvez lui ajouter en fonction de votre humeur ou des circonstances, un col Italien de diff\u00e9rentes mati\u00e8res, des capuches, des bracelets et des manches longues et cr\u00e9er votre propre v\u00eatement !<\/p>\n<p>Les combinaisons sont multiples entre couleurs, mati\u00e8res et accessoires.\u00a0 A vous de cr\u00e9er ! C&#8217;est le d\u00e9but de l&#8217;aventure !<\/p>\n","protected":false},"excerpt":{"rendered":"<p>Les polos, chez Naiakitsu,\u00a0 ont un c\u00f4t\u00e9 chic ou d\u00e9contract\u00e9, en fonction du pantalon avec lequel vous l&#8217;associez. Nous vous avons s\u00e9lectionn\u00e9 un coton Milano de 315 g, tr\u00e8s \u00e9l\u00e9gant, confortable, ce qui rend notre polo col Mao unique. Notre configurateur vous ouvre les portes de la cr\u00e9ativit\u00e9 si vous souhaitez cr\u00e9er votre version. Vous [&hellip;]<\/p>\n","protected":false},"featured_media":10206,"template":"","meta":[],"product_cat":[15,119,128,117,170,171,115,130],"product_tag":[],"composite_virtual":false,"composite_layout":"single","composite_add_to_cart_form_location":"default","composite_editable_in_cart":false,"composite_sold_individually_context":"product","composite_shop_price_calc":"defaults","composite_components":[{"id":"1638384450","title":"POLO","description":"","query_type":"product_ids","query_ids":[940],"default_option_id":940,"thumbnail_id":"","thumbnail_src":"","quantity_min":1,"quantity_max":4,"priced_individually":true,"shipped_individually":false,"optional":false,"discount":"","options_style":"dropdowns","pagination_style":"classic","display_prices":"absolute","show_sorting_options":false,"show_filtering_options":false,"attribute_filter_ids":[],"product_title_visible":true,"product_descr_visible":true,"product_price_visible":true,"product_thumb_visible":true,"subtotal_visible_product":true,"subtotal_visible_cart":true,"subtotal_visible_orders":true},{"id":"1638384451","title":"COLS &amp; CAPUCHES","description":"","query_type":"product_ids","query_ids":[5401,4629,2319,1932,5869,6088],"default_option_id":"","thumbnail_id":"","thumbnail_src":"","quantity_min":1,"quantity_max":4,"priced_individually":true,"shipped_individually":false,"optional":true,"discount":"","options_style":"dropdowns","pagination_style":"classic","display_prices":"absolute","show_sorting_options":false,"show_filtering_options":false,"attribute_filter_ids":[],"product_title_visible":true,"product_descr_visible":true,"product_price_visible":true,"product_thumb_visible":true,"subtotal_visible_product":true,"subtotal_visible_cart":true,"subtotal_visible_orders":true},{"id":"1638384452","title":"MANCHES &amp; BRACELETS","description":"","query_type":"product_ids","query_ids":[2098,2037,6108,2076],"default_option_id":"","thumbnail_id":"","thumbnail_src":"","quantity_min":1,"quantity_max":4,"priced_individually":true,"shipped_individually":false,"optional":true,"discount":"","options_style":"dropdowns","pagination_style":"classic","display_prices":"absolute","show_sorting_options":false,"show_filtering_options":false,"attribute_filter_ids":[],"product_title_visible":true,"product_descr_visible":true,"product_price_visible":true,"product_thumb_visible":true,"subtotal_visible_product":true,"subtotal_visible_cart":true,"subtotal_visible_orders":true}],"composite_scenarios":[],"bundled_by":[],"bundle_stock_status":"instock","bundle_stock_quantity":98,"bundle_virtual":false,"bundle_layout":"","bundle_add_to_cart_form_location":"","bundle_editable_in_cart":false,"bundle_sold_individually_context":"","bundle_item_grouping":"","bundle_min_size":"","bundle_max_size":"","bundled_items":[],"acf":[],"yoast_head":"<!-- This site is optimized with the Yoast SEO plugin v19.10 - https:\/\/yoast.com\/wordpress\/plugins\/seo\/ -->\n<title>* Polo homme \u00e0 configurer - naiakitsu<\/title>\n<meta name=\"description\" content=\"Un polo haut de gamme et son concept unique d&#039;ajout d&#039;accessoires, c&#039;est tout l&#039;Adn de Naiakitsu. Nous + toi = Toi - configurez votre polo !\" \/>\n<meta name=\"robots\" content=\"index, follow, max-snippet:-1, max-image-preview:large, max-video-preview:-1\" \/>\n<link rel=\"canonical\" href=\"https:\/\/dev.naiakitsu.fr\/dev1\/produit\/polo-homme-a-configurer\/\" \/>\n<meta property=\"og:locale\" content=\"fr_FR\" \/>\n<meta property=\"og:type\" content=\"article\" \/>\n<meta property=\"og:title\" content=\"* Polo homme \u00e0 configurer - naiakitsu\" \/>\n<meta property=\"og:description\" content=\"Un polo haut de gamme et son concept unique d&#039;ajout d&#039;accessoires, c&#039;est tout l&#039;Adn de Naiakitsu. Nous + toi = Toi - configurez votre polo !\" \/>\n<meta property=\"og:url\" content=\"https:\/\/dev.naiakitsu.fr\/dev1\/produit\/polo-homme-a-configurer\/\" \/>\n<meta property=\"og:site_name\" content=\"naiakitsu\" \/>\n<meta property=\"article:modified_time\" content=\"2022-12-14T16:00:03+00:00\" \/>\n<meta property=\"og:image\" content=\"https:\/\/dev.naiakitsu.fr\/dev1\/wp-content\/uploads\/A-configurer-Polo-Homme.jpg\" \/>\n\t<meta property=\"og:image:width\" content=\"391\" \/>\n\t<meta property=\"og:image:height\" content=\"333\" \/>\n\t<meta property=\"og:image:type\" content=\"image\/jpeg\" \/>\n<meta name=\"twitter:card\" content=\"summary_large_image\" \/>\n<meta name=\"twitter:label1\" content=\"Dur\u00e9e de lecture estim\u00e9e\" \/>\n\t<meta name=\"twitter:data1\" content=\"1 minute\" \/>\n<script type=\"application\/ld+json\" class=\"yoast-schema-graph\">{\"@context\":\"https:\/\/schema.org\",\"@graph\":[{\"@type\":\"WebPage\",\"@id\":\"https:\/\/dev.naiakitsu.fr\/dev1\/produit\/polo-homme-a-configurer\/\",\"url\":\"https:\/\/dev.naiakitsu.fr\/dev1\/produit\/polo-homme-a-configurer\/\",\"name\":\"* Polo homme \u00e0 configurer - naiakitsu\",\"isPartOf\":{\"@id\":\"https:\/\/dev.naiakitsu.fr\/dev1\/#website\"},\"datePublished\":\"2021-12-01T07:52:14+00:00\",\"dateModified\":\"2022-12-14T16:00:03+00:00\",\"description\":\"Un polo haut de gamme et son concept unique d'ajout d'accessoires, c'est tout l'Adn de Naiakitsu. Nous + toi = Toi - configurez votre polo !\",\"breadcrumb\":{\"@id\":\"https:\/\/dev.naiakitsu.fr\/dev1\/produit\/polo-homme-a-configurer\/#breadcrumb\"},\"inLanguage\":\"fr-FR\",\"potentialAction\":[{\"@type\":\"ReadAction\",\"target\":[\"https:\/\/dev.naiakitsu.fr\/dev1\/produit\/polo-homme-a-configurer\/\"]}]},{\"@type\":\"BreadcrumbList\",\"@id\":\"https:\/\/dev.naiakitsu.fr\/dev1\/produit\/polo-homme-a-configurer\/#breadcrumb\",\"itemListElement\":[{\"@type\":\"ListItem\",\"position\":1,\"name\":\"Accueil\",\"item\":\"https:\/\/dev.naiakitsu.fr\/dev1\/\"},{\"@type\":\"ListItem\",\"position\":2,\"name\":\"E-shop\",\"item\":\"https:\/\/dev.naiakitsu.fr\/dev1\/e-shop\/\"},{\"@type\":\"ListItem\",\"position\":3,\"name\":\"* Polo homme \u00e0 configurer\"}]},{\"@type\":\"WebSite\",\"@id\":\"https:\/\/dev.naiakitsu.fr\/dev1\/#website\",\"url\":\"https:\/\/dev.naiakitsu.fr\/dev1\/\",\"name\":\"naiakitsu\",\"description\":\"les basiques audacieux\",\"potentialAction\":[{\"@type\":\"SearchAction\",\"target\":{\"@type\":\"EntryPoint\",\"urlTemplate\":\"https:\/\/dev.naiakitsu.fr\/dev1\/?s={search_term_string}\"},\"query-input\":\"required name=search_term_string\"}],\"inLanguage\":\"fr-FR\"}]}<\/script>\n<!-- \/ Yoast SEO plugin. -->","yoast_head_json":{"title":"* Polo homme \u00e0 configurer - naiakitsu","description":"Un polo haut de gamme et son concept unique d'ajout d'accessoires, c'est tout l'Adn de Naiakitsu. Nous + toi = Toi - configurez votre polo !","robots":{"index":"index","follow":"follow","max-snippet":"max-snippet:-1","max-image-preview":"max-image-preview:large","max-video-preview":"max-video-preview:-1"},"canonical":"https:\/\/dev.naiakitsu.fr\/dev1\/produit\/polo-homme-a-configurer\/","og_locale":"fr_FR","og_type":"article","og_title":"* Polo homme \u00e0 configurer - naiakitsu","og_description":"Un polo haut de gamme et son concept unique d'ajout d'accessoires, c'est tout l'Adn de Naiakitsu. Nous + toi = Toi - configurez votre polo !","og_url":"https:\/\/dev.naiakitsu.fr\/dev1\/produit\/polo-homme-a-configurer\/","og_site_name":"naiakitsu","article_modified_time":"2022-12-14T16:00:03+00:00","og_image":[{"width":391,"height":333,"url":"https:\/\/dev.naiakitsu.fr\/dev1\/wp-content\/uploads\/A-configurer-Polo-Homme.jpg","type":"image\/jpeg"}],"twitter_card":"summary_large_image","twitter_misc":{"Dur\u00e9e de lecture estim\u00e9e":"1 minute"},"schema":{"@context":"https:\/\/schema.org","@graph":[{"@type":"WebPage","@id":"https:\/\/dev.naiakitsu.fr\/dev1\/produit\/polo-homme-a-configurer\/","url":"https:\/\/dev.naiakitsu.fr\/dev1\/produit\/polo-homme-a-configurer\/","name":"* Polo homme \u00e0 configurer - naiakitsu","isPartOf":{"@id":"https:\/\/dev.naiakitsu.fr\/dev1\/#website"},"datePublished":"2021-12-01T07:52:14+00:00","dateModified":"2022-12-14T16:00:03+00:00","description":"Un polo haut de gamme et son concept unique d'ajout d'accessoires, c'est tout l'Adn de Naiakitsu. Nous + toi = Toi - configurez votre polo !","breadcrumb":{"@id":"https:\/\/dev.naiakitsu.fr\/dev1\/produit\/polo-homme-a-configurer\/#breadcrumb"},"inLanguage":"fr-FR","potentialAction":[{"@type":"ReadAction","target":["https:\/\/dev.naiakitsu.fr\/dev1\/produit\/polo-homme-a-configurer\/"]}]},{"@type":"BreadcrumbList","@id":"https:\/\/dev.naiakitsu.fr\/dev1\/produit\/polo-homme-a-configurer\/#breadcrumb","itemListElement":[{"@type":"ListItem","position":1,"name":"Accueil","item":"https:\/\/dev.naiakitsu.fr\/dev1\/"},{"@type":"ListItem","position":2,"name":"E-shop","item":"https:\/\/dev.naiakitsu.fr\/dev1\/e-shop\/"},{"@type":"ListItem","position":3,"name":"* Polo homme \u00e0 configurer"}]},{"@type":"WebSite","@id":"https:\/\/dev.naiakitsu.fr\/dev1\/#website","url":"https:\/\/dev.naiakitsu.fr\/dev1\/","name":"naiakitsu","description":"les basiques audacieux","potentialAction":[{"@type":"SearchAction","target":{"@type":"EntryPoint","urlTemplate":"https:\/\/dev.naiakitsu.fr\/dev1\/?s={search_term_string}"},"query-input":"required name=search_term_string"}],"inLanguage":"fr-FR"}]}},"_links":{"self":[{"href":"https:\/\/dev.naiakitsu.fr\/dev1\/wp-json\/wp\/v2\/product\/4534"}],"collection":[{"href":"https:\/\/dev.naiakitsu.fr\/dev1\/wp-json\/wp\/v2\/product"}],"about":[{"href":"https:\/\/dev.naiakitsu.fr\/dev1\/wp-json\/wp\/v2\/types\/product"}],"wp:featuredmedia":[{"embeddable":true,"href":"https:\/\/dev.naiakitsu.fr\/dev1\/wp-json\/wp\/v2\/media\/10206"}],"wp:attachment":[{"href":"https:\/\/dev.naiakitsu.fr\/dev1\/wp-json\/wp\/v2\/media?parent=4534"}],"wp:term":[{"taxonomy":"product_cat","embeddable":true,"href":"https:\/\/dev.naiakitsu.fr\/dev1\/wp-json\/wp\/v2\/product_cat?post=4534"},{"taxonomy":"product_tag","embeddable":true,"href":"https:\/\/dev.naiakitsu.fr\/dev1\/wp-json\/wp\/v2\/product_tag?post=4534"}],"curies":[{"name":"wp","href":"https:\/\/api.w.org\/{rel}","templated":true}]}}