{"id":408,"date":"2021-09-10T11:38:32","date_gmt":"2021-09-10T09:38:32","guid":{"rendered":"https:\/\/www.naiakitsu.fr\/?post_type=product&#038;p=408"},"modified":"2022-12-09T16:33:09","modified_gmt":"2022-12-09T15:33:09","slug":"tour-de-cou-sweat-capuche","status":"publish","type":"product","link":"https:\/\/dev.naiakitsu.fr\/dev1\/produit\/tour-de-cou-sweat-capuche\/","title":{"rendered":"Cache cou mixte"},"content":{"rendered":"<p>Tu n&#8217;aimes pas les \u00e9charpes, mais tu d\u00e9testes avoir froid. Nous avons la solution avec notre tour de cou assorti \u00e0 nos sweats capuches et marini\u00e8re Naiakitsu. Choisis la couleur qui te plait ou ne choisis pas et prends les toutes pour mixer les couleurs au gr\u00e9 de tes envies et \u00e9viter le petit coup de froid de l&#8217;hiver !<\/p>\n<p>Notre tour de cou est une taille unique, tu peux donc le partager avec ton conjoint ou tes ados ! Notre tour de cou est fabriqu\u00e9 en coton et un peu \u00e9lasthanne doux. Il ne pique pas, ne gratte pas mais est tr\u00e8s efficace contre les courants d&#8217;air. Tu peux le porter seul ou le combiner dans ton sweat capuche Naiakitsu : il s&#8217;y int\u00e8gre parfaitement bien !<\/p>\n<p>Tu peux m\u00eame en mettre 2 autour de ton cou pour jouer avec les couleurs et en p\u00e9riode de grands froids ou grands vents<\/p>\n","protected":false},"excerpt":{"rendered":"<p>Tu n&#8217;aimes pas les \u00e9charpes, mais tu d\u00e9testes avoir froid. Nous avons la solution avec notre tour de cou assorti \u00e0 nos sweats capuches et marini\u00e8re Naiakitsu. Choisis la couleur qui te plait ou ne choisis pas et prends les toutes pour mixer les couleurs au gr\u00e9 de tes envies et \u00e9viter le petit coup [&hellip;]<\/p>\n","protected":false},"featured_media":3397,"template":"","meta":[],"product_cat":[15,299],"product_tag":[],"composite_virtual":false,"composite_layout":"","composite_add_to_cart_form_location":"","composite_editable_in_cart":false,"composite_sold_individually_context":"","composite_shop_price_calc":"","composite_components":[],"composite_scenarios":[],"bundled_by":[],"bundle_stock_status":"instock","bundle_stock_quantity":null,"bundle_virtual":false,"bundle_layout":"","bundle_add_to_cart_form_location":"","bundle_editable_in_cart":false,"bundle_sold_individually_context":"","bundle_item_grouping":"","bundle_min_size":"","bundle_max_size":"","bundled_items":[],"acf":[],"yoast_head":"<!-- This site is optimized with the Yoast SEO plugin v19.10 - https:\/\/yoast.com\/wordpress\/plugins\/seo\/ -->\n<title>Cache cou mixte - naiakitsu<\/title>\n<meta name=\"description\" content=\"Un tour de cou tout doux qui se marie aux sweat, polos et marini\u00e8res Naiakitsu. Il te tient chaud et te donne du style. C&#039;est le petit fr\u00e8re de ton \u00e9charpe.\" \/>\n<meta name=\"robots\" content=\"index, follow, max-snippet:-1, max-image-preview:large, max-video-preview:-1\" \/>\n<link rel=\"canonical\" href=\"https:\/\/dev.naiakitsu.fr\/dev1\/produit\/tour-de-cou-sweat-capuche\/\" \/>\n<meta property=\"og:locale\" content=\"fr_FR\" \/>\n<meta property=\"og:type\" content=\"article\" \/>\n<meta property=\"og:title\" content=\"Cache cou mixte - naiakitsu\" \/>\n<meta property=\"og:description\" content=\"Un tour de cou tout doux qui se marie aux sweat, polos et marini\u00e8res Naiakitsu. Il te tient chaud et te donne du style. C&#039;est le petit fr\u00e8re de ton \u00e9charpe.\" \/>\n<meta property=\"og:url\" content=\"https:\/\/dev.naiakitsu.fr\/dev1\/produit\/tour-de-cou-sweat-capuche\/\" \/>\n<meta property=\"og:site_name\" content=\"naiakitsu\" \/>\n<meta property=\"article:modified_time\" content=\"2022-12-09T15:33:09+00:00\" \/>\n<meta property=\"og:image\" content=\"https:\/\/dev.naiakitsu.fr\/dev1\/wp-content\/uploads\/tour_de_cou_naiakitsu01.jpg\" \/>\n\t<meta property=\"og:image:width\" content=\"1000\" \/>\n\t<meta property=\"og:image:height\" content=\"1000\" \/>\n\t<meta property=\"og:image:type\" content=\"image\/jpeg\" \/>\n<meta name=\"twitter:card\" content=\"summary_large_image\" \/>\n<meta name=\"twitter:label1\" content=\"Dur\u00e9e de lecture estim\u00e9e\" \/>\n\t<meta name=\"twitter:data1\" content=\"1 minute\" \/>\n<script type=\"application\/ld+json\" class=\"yoast-schema-graph\">{\"@context\":\"https:\/\/schema.org\",\"@graph\":[{\"@type\":\"WebPage\",\"@id\":\"https:\/\/dev.naiakitsu.fr\/dev1\/produit\/tour-de-cou-sweat-capuche\/\",\"url\":\"https:\/\/dev.naiakitsu.fr\/dev1\/produit\/tour-de-cou-sweat-capuche\/\",\"name\":\"Cache cou mixte - naiakitsu\",\"isPartOf\":{\"@id\":\"https:\/\/dev.naiakitsu.fr\/dev1\/#website\"},\"datePublished\":\"2021-09-10T09:38:32+00:00\",\"dateModified\":\"2022-12-09T15:33:09+00:00\",\"description\":\"Un tour de cou tout doux qui se marie aux sweat, polos et marini\u00e8res Naiakitsu. Il te tient chaud et te donne du style. C'est le petit fr\u00e8re de ton \u00e9charpe.\",\"breadcrumb\":{\"@id\":\"https:\/\/dev.naiakitsu.fr\/dev1\/produit\/tour-de-cou-sweat-capuche\/#breadcrumb\"},\"inLanguage\":\"fr-FR\",\"potentialAction\":[{\"@type\":\"ReadAction\",\"target\":[\"https:\/\/dev.naiakitsu.fr\/dev1\/produit\/tour-de-cou-sweat-capuche\/\"]}]},{\"@type\":\"BreadcrumbList\",\"@id\":\"https:\/\/dev.naiakitsu.fr\/dev1\/produit\/tour-de-cou-sweat-capuche\/#breadcrumb\",\"itemListElement\":[{\"@type\":\"ListItem\",\"position\":1,\"name\":\"Accueil\",\"item\":\"https:\/\/dev.naiakitsu.fr\/dev1\/\"},{\"@type\":\"ListItem\",\"position\":2,\"name\":\"E-shop\",\"item\":\"https:\/\/dev.naiakitsu.fr\/dev1\/e-shop\/\"},{\"@type\":\"ListItem\",\"position\":3,\"name\":\"Cache cou mixte\"}]},{\"@type\":\"WebSite\",\"@id\":\"https:\/\/dev.naiakitsu.fr\/dev1\/#website\",\"url\":\"https:\/\/dev.naiakitsu.fr\/dev1\/\",\"name\":\"naiakitsu\",\"description\":\"les basiques audacieux\",\"potentialAction\":[{\"@type\":\"SearchAction\",\"target\":{\"@type\":\"EntryPoint\",\"urlTemplate\":\"https:\/\/dev.naiakitsu.fr\/dev1\/?s={search_term_string}\"},\"query-input\":\"required name=search_term_string\"}],\"inLanguage\":\"fr-FR\"}]}<\/script>\n<!-- \/ Yoast SEO plugin. -->","yoast_head_json":{"title":"Cache cou mixte - naiakitsu","description":"Un tour de cou tout doux qui se marie aux sweat, polos et marini\u00e8res Naiakitsu. Il te tient chaud et te donne du style. C'est le petit fr\u00e8re de ton \u00e9charpe.","robots":{"index":"index","follow":"follow","max-snippet":"max-snippet:-1","max-image-preview":"max-image-preview:large","max-video-preview":"max-video-preview:-1"},"canonical":"https:\/\/dev.naiakitsu.fr\/dev1\/produit\/tour-de-cou-sweat-capuche\/","og_locale":"fr_FR","og_type":"article","og_title":"Cache cou mixte - naiakitsu","og_description":"Un tour de cou tout doux qui se marie aux sweat, polos et marini\u00e8res Naiakitsu. Il te tient chaud et te donne du style. C'est le petit fr\u00e8re de ton \u00e9charpe.","og_url":"https:\/\/dev.naiakitsu.fr\/dev1\/produit\/tour-de-cou-sweat-capuche\/","og_site_name":"naiakitsu","article_modified_time":"2022-12-09T15:33:09+00:00","og_image":[{"width":1000,"height":1000,"url":"https:\/\/dev.naiakitsu.fr\/dev1\/wp-content\/uploads\/tour_de_cou_naiakitsu01.jpg","type":"image\/jpeg"}],"twitter_card":"summary_large_image","twitter_misc":{"Dur\u00e9e de lecture estim\u00e9e":"1 minute"},"schema":{"@context":"https:\/\/schema.org","@graph":[{"@type":"WebPage","@id":"https:\/\/dev.naiakitsu.fr\/dev1\/produit\/tour-de-cou-sweat-capuche\/","url":"https:\/\/dev.naiakitsu.fr\/dev1\/produit\/tour-de-cou-sweat-capuche\/","name":"Cache cou mixte - naiakitsu","isPartOf":{"@id":"https:\/\/dev.naiakitsu.fr\/dev1\/#website"},"datePublished":"2021-09-10T09:38:32+00:00","dateModified":"2022-12-09T15:33:09+00:00","description":"Un tour de cou tout doux qui se marie aux sweat, polos et marini\u00e8res Naiakitsu. Il te tient chaud et te donne du style. C'est le petit fr\u00e8re de ton \u00e9charpe.","breadcrumb":{"@id":"https:\/\/dev.naiakitsu.fr\/dev1\/produit\/tour-de-cou-sweat-capuche\/#breadcrumb"},"inLanguage":"fr-FR","potentialAction":[{"@type":"ReadAction","target":["https:\/\/dev.naiakitsu.fr\/dev1\/produit\/tour-de-cou-sweat-capuche\/"]}]},{"@type":"BreadcrumbList","@id":"https:\/\/dev.naiakitsu.fr\/dev1\/produit\/tour-de-cou-sweat-capuche\/#breadcrumb","itemListElement":[{"@type":"ListItem","position":1,"name":"Accueil","item":"https:\/\/dev.naiakitsu.fr\/dev1\/"},{"@type":"ListItem","position":2,"name":"E-shop","item":"https:\/\/dev.naiakitsu.fr\/dev1\/e-shop\/"},{"@type":"ListItem","position":3,"name":"Cache cou mixte"}]},{"@type":"WebSite","@id":"https:\/\/dev.naiakitsu.fr\/dev1\/#website","url":"https:\/\/dev.naiakitsu.fr\/dev1\/","name":"naiakitsu","description":"les basiques audacieux","potentialAction":[{"@type":"SearchAction","target":{"@type":"EntryPoint","urlTemplate":"https:\/\/dev.naiakitsu.fr\/dev1\/?s={search_term_string}"},"query-input":"required name=search_term_string"}],"inLanguage":"fr-FR"}]}},"_links":{"self":[{"href":"https:\/\/dev.naiakitsu.fr\/dev1\/wp-json\/wp\/v2\/product\/408"}],"collection":[{"href":"https:\/\/dev.naiakitsu.fr\/dev1\/wp-json\/wp\/v2\/product"}],"about":[{"href":"https:\/\/dev.naiakitsu.fr\/dev1\/wp-json\/wp\/v2\/types\/product"}],"wp:featuredmedia":[{"embeddable":true,"href":"https:\/\/dev.naiakitsu.fr\/dev1\/wp-json\/wp\/v2\/media\/3397"}],"wp:attachment":[{"href":"https:\/\/dev.naiakitsu.fr\/dev1\/wp-json\/wp\/v2\/media?parent=408"}],"wp:term":[{"taxonomy":"product_cat","embeddable":true,"href":"https:\/\/dev.naiakitsu.fr\/dev1\/wp-json\/wp\/v2\/product_cat?post=408"},{"taxonomy":"product_tag","embeddable":true,"href":"https:\/\/dev.naiakitsu.fr\/dev1\/wp-json\/wp\/v2\/product_tag?post=408"}],"curies":[{"name":"wp","href":"https:\/\/api.w.org\/{rel}","templated":true}]}}