{"id":4002,"date":"2021-11-24T12:27:44","date_gmt":"2021-11-24T11:27:44","guid":{"rendered":"https:\/\/www.naiakitsu.fr\/?post_type=product&#038;p=4002"},"modified":"2023-01-20T14:18:52","modified_gmt":"2023-01-20T13:18:52","slug":"sweat-bleu-marine-poche-capuche-gris-clair","status":"publish","type":"product","link":"https:\/\/dev.naiakitsu.fr\/dev1\/produit\/sweat-bleu-marine-poche-capuche-gris-clair\/","title":{"rendered":"* Pack Sweat &#8220;INDUS&#8221; mixte Bleu Marine + Capuche &#038; Poche Gris Clair"},"content":{"rendered":"<p>Le Sweat &#8220;INDUS&#8221;, vous offre ce cot\u00e9 Brut, ce cot\u00e9 Industriel haut de gamme.\u00a0 Nous avons configur\u00e9 pour vous une version bleu marine avec une capuche et une poche gris clair (presque Blanc) de notre sweat &#8220;Indus&#8221;pour un look sportif chic ! Choisissez juste votre taille et mettez le dans le panier.<\/p>\n<p>Si vous h\u00e9sitez, retrouvez d&#8217;autres id\u00e9es de configuration en s\u00e9lectionnant l&#8217;ic\u00f4ne Sweat, puis packs ou utilisez le configurateur 3 D !<\/p>\n<p>&nbsp;<\/p>\n","protected":false},"excerpt":{"rendered":"<p>Le Sweat &#8220;INDUS&#8221;, vous offre ce cot\u00e9 Brut, ce cot\u00e9 Industriel haut de gamme.\u00a0 Nous avons configur\u00e9 pour vous une version bleu marine avec une capuche et une poche gris clair (presque Blanc) de notre sweat &#8220;Indus&#8221;pour un look sportif chic ! Choisissez juste votre taille et mettez le dans le panier. Si vous h\u00e9sitez, [&hellip;]<\/p>\n","protected":false},"featured_media":7924,"template":"","meta":[],"product_cat":[15,34],"product_tag":[],"composite_virtual":false,"composite_layout":"","composite_add_to_cart_form_location":"","composite_editable_in_cart":false,"composite_sold_individually_context":"","composite_shop_price_calc":"","composite_components":[],"composite_scenarios":[],"bundled_by":[],"bundle_stock_status":"instock","bundle_stock_quantity":null,"bundle_virtual":false,"bundle_layout":"","bundle_add_to_cart_form_location":"","bundle_editable_in_cart":false,"bundle_sold_individually_context":"","bundle_item_grouping":"","bundle_min_size":"","bundle_max_size":"","bundled_items":[],"acf":[],"yoast_head":"<!-- This site is optimized with the Yoast SEO plugin v19.10 - https:\/\/yoast.com\/wordpress\/plugins\/seo\/ -->\n<title>* Pack Sweat &quot;INDUS&quot; mixte Bleu Marine + Capuche &amp; Poche Gris Clair - naiakitsu<\/title>\n<meta name=\"description\" content=\"Retrouvez ici la version pack de votre sweat capuche &quot;INDUS&quot; mixte Naiakitsu avec son corps bleu marine clair, sa poche et sa capuche gris clair.\" \/>\n<meta name=\"robots\" content=\"index, follow, max-snippet:-1, max-image-preview:large, max-video-preview:-1\" \/>\n<link rel=\"canonical\" href=\"https:\/\/dev.naiakitsu.fr\/dev1\/produit\/sweat-bleu-marine-poche-capuche-gris-clair\/\" \/>\n<meta property=\"og:locale\" content=\"fr_FR\" \/>\n<meta property=\"og:type\" content=\"article\" \/>\n<meta property=\"og:title\" content=\"* Pack Sweat &quot;INDUS&quot; mixte Bleu Marine + Capuche &amp; Poche Gris Clair - naiakitsu\" \/>\n<meta property=\"og:description\" content=\"Retrouvez ici la version pack de votre sweat capuche &quot;INDUS&quot; mixte Naiakitsu avec son corps bleu marine clair, sa poche et sa capuche gris clair.\" \/>\n<meta property=\"og:url\" content=\"https:\/\/dev.naiakitsu.fr\/dev1\/produit\/sweat-bleu-marine-poche-capuche-gris-clair\/\" \/>\n<meta property=\"og:site_name\" content=\"naiakitsu\" \/>\n<meta property=\"article:modified_time\" content=\"2023-01-20T13:18:52+00:00\" \/>\n<meta property=\"og:image\" content=\"https:\/\/dev.naiakitsu.fr\/dev1\/wp-content\/uploads\/naiakitsu_sweat_capuche_marine_duo10-1-scaled.jpg\" \/>\n\t<meta property=\"og:image:width\" content=\"2560\" \/>\n\t<meta property=\"og:image:height\" content=\"2560\" \/>\n\t<meta property=\"og:image:type\" content=\"image\/jpeg\" \/>\n<meta name=\"twitter:card\" content=\"summary_large_image\" \/>\n<meta name=\"twitter:label1\" content=\"Dur\u00e9e de lecture estim\u00e9e\" \/>\n\t<meta name=\"twitter:data1\" content=\"1 minute\" \/>\n<script type=\"application\/ld+json\" class=\"yoast-schema-graph\">{\"@context\":\"https:\/\/schema.org\",\"@graph\":[{\"@type\":\"WebPage\",\"@id\":\"https:\/\/dev.naiakitsu.fr\/dev1\/produit\/sweat-bleu-marine-poche-capuche-gris-clair\/\",\"url\":\"https:\/\/dev.naiakitsu.fr\/dev1\/produit\/sweat-bleu-marine-poche-capuche-gris-clair\/\",\"name\":\"* Pack Sweat \\\"INDUS\\\" mixte Bleu Marine + Capuche & Poche Gris Clair - naiakitsu\",\"isPartOf\":{\"@id\":\"https:\/\/dev.naiakitsu.fr\/dev1\/#website\"},\"datePublished\":\"2021-11-24T11:27:44+00:00\",\"dateModified\":\"2023-01-20T13:18:52+00:00\",\"description\":\"Retrouvez ici la version pack de votre sweat capuche \\\"INDUS\\\" mixte Naiakitsu avec son corps bleu marine clair, sa poche et sa capuche gris clair.\",\"breadcrumb\":{\"@id\":\"https:\/\/dev.naiakitsu.fr\/dev1\/produit\/sweat-bleu-marine-poche-capuche-gris-clair\/#breadcrumb\"},\"inLanguage\":\"fr-FR\",\"potentialAction\":[{\"@type\":\"ReadAction\",\"target\":[\"https:\/\/dev.naiakitsu.fr\/dev1\/produit\/sweat-bleu-marine-poche-capuche-gris-clair\/\"]}]},{\"@type\":\"BreadcrumbList\",\"@id\":\"https:\/\/dev.naiakitsu.fr\/dev1\/produit\/sweat-bleu-marine-poche-capuche-gris-clair\/#breadcrumb\",\"itemListElement\":[{\"@type\":\"ListItem\",\"position\":1,\"name\":\"Accueil\",\"item\":\"https:\/\/dev.naiakitsu.fr\/dev1\/\"},{\"@type\":\"ListItem\",\"position\":2,\"name\":\"E-shop\",\"item\":\"https:\/\/dev.naiakitsu.fr\/dev1\/e-shop\/\"},{\"@type\":\"ListItem\",\"position\":3,\"name\":\"* Pack Sweat &#8220;INDUS&#8221; mixte Bleu Marine + Capuche &#038; Poche Gris Clair\"}]},{\"@type\":\"WebSite\",\"@id\":\"https:\/\/dev.naiakitsu.fr\/dev1\/#website\",\"url\":\"https:\/\/dev.naiakitsu.fr\/dev1\/\",\"name\":\"naiakitsu\",\"description\":\"les basiques audacieux\",\"potentialAction\":[{\"@type\":\"SearchAction\",\"target\":{\"@type\":\"EntryPoint\",\"urlTemplate\":\"https:\/\/dev.naiakitsu.fr\/dev1\/?s={search_term_string}\"},\"query-input\":\"required name=search_term_string\"}],\"inLanguage\":\"fr-FR\"}]}<\/script>\n<!-- \/ Yoast SEO plugin. -->","yoast_head_json":{"title":"* Pack Sweat \"INDUS\" mixte Bleu Marine + Capuche & Poche Gris Clair - naiakitsu","description":"Retrouvez ici la version pack de votre sweat capuche \"INDUS\" mixte Naiakitsu avec son corps bleu marine clair, sa poche et sa capuche gris clair.","robots":{"index":"index","follow":"follow","max-snippet":"max-snippet:-1","max-image-preview":"max-image-preview:large","max-video-preview":"max-video-preview:-1"},"canonical":"https:\/\/dev.naiakitsu.fr\/dev1\/produit\/sweat-bleu-marine-poche-capuche-gris-clair\/","og_locale":"fr_FR","og_type":"article","og_title":"* Pack Sweat \"INDUS\" mixte Bleu Marine + Capuche & Poche Gris Clair - naiakitsu","og_description":"Retrouvez ici la version pack de votre sweat capuche \"INDUS\" mixte Naiakitsu avec son corps bleu marine clair, sa poche et sa capuche gris clair.","og_url":"https:\/\/dev.naiakitsu.fr\/dev1\/produit\/sweat-bleu-marine-poche-capuche-gris-clair\/","og_site_name":"naiakitsu","article_modified_time":"2023-01-20T13:18:52+00:00","og_image":[{"width":2560,"height":2560,"url":"https:\/\/dev.naiakitsu.fr\/dev1\/wp-content\/uploads\/naiakitsu_sweat_capuche_marine_duo10-1-scaled.jpg","type":"image\/jpeg"}],"twitter_card":"summary_large_image","twitter_misc":{"Dur\u00e9e de lecture estim\u00e9e":"1 minute"},"schema":{"@context":"https:\/\/schema.org","@graph":[{"@type":"WebPage","@id":"https:\/\/dev.naiakitsu.fr\/dev1\/produit\/sweat-bleu-marine-poche-capuche-gris-clair\/","url":"https:\/\/dev.naiakitsu.fr\/dev1\/produit\/sweat-bleu-marine-poche-capuche-gris-clair\/","name":"* Pack Sweat \"INDUS\" mixte Bleu Marine + Capuche & Poche Gris Clair - naiakitsu","isPartOf":{"@id":"https:\/\/dev.naiakitsu.fr\/dev1\/#website"},"datePublished":"2021-11-24T11:27:44+00:00","dateModified":"2023-01-20T13:18:52+00:00","description":"Retrouvez ici la version pack de votre sweat capuche \"INDUS\" mixte Naiakitsu avec son corps bleu marine clair, sa poche et sa capuche gris clair.","breadcrumb":{"@id":"https:\/\/dev.naiakitsu.fr\/dev1\/produit\/sweat-bleu-marine-poche-capuche-gris-clair\/#breadcrumb"},"inLanguage":"fr-FR","potentialAction":[{"@type":"ReadAction","target":["https:\/\/dev.naiakitsu.fr\/dev1\/produit\/sweat-bleu-marine-poche-capuche-gris-clair\/"]}]},{"@type":"BreadcrumbList","@id":"https:\/\/dev.naiakitsu.fr\/dev1\/produit\/sweat-bleu-marine-poche-capuche-gris-clair\/#breadcrumb","itemListElement":[{"@type":"ListItem","position":1,"name":"Accueil","item":"https:\/\/dev.naiakitsu.fr\/dev1\/"},{"@type":"ListItem","position":2,"name":"E-shop","item":"https:\/\/dev.naiakitsu.fr\/dev1\/e-shop\/"},{"@type":"ListItem","position":3,"name":"* Pack Sweat &#8220;INDUS&#8221; mixte Bleu Marine + Capuche &#038; Poche Gris Clair"}]},{"@type":"WebSite","@id":"https:\/\/dev.naiakitsu.fr\/dev1\/#website","url":"https:\/\/dev.naiakitsu.fr\/dev1\/","name":"naiakitsu","description":"les basiques audacieux","potentialAction":[{"@type":"SearchAction","target":{"@type":"EntryPoint","urlTemplate":"https:\/\/dev.naiakitsu.fr\/dev1\/?s={search_term_string}"},"query-input":"required name=search_term_string"}],"inLanguage":"fr-FR"}]}},"_links":{"self":[{"href":"https:\/\/dev.naiakitsu.fr\/dev1\/wp-json\/wp\/v2\/product\/4002"}],"collection":[{"href":"https:\/\/dev.naiakitsu.fr\/dev1\/wp-json\/wp\/v2\/product"}],"about":[{"href":"https:\/\/dev.naiakitsu.fr\/dev1\/wp-json\/wp\/v2\/types\/product"}],"wp:featuredmedia":[{"embeddable":true,"href":"https:\/\/dev.naiakitsu.fr\/dev1\/wp-json\/wp\/v2\/media\/7924"}],"wp:attachment":[{"href":"https:\/\/dev.naiakitsu.fr\/dev1\/wp-json\/wp\/v2\/media?parent=4002"}],"wp:term":[{"taxonomy":"product_cat","embeddable":true,"href":"https:\/\/dev.naiakitsu.fr\/dev1\/wp-json\/wp\/v2\/product_cat?post=4002"},{"taxonomy":"product_tag","embeddable":true,"href":"https:\/\/dev.naiakitsu.fr\/dev1\/wp-json\/wp\/v2\/product_tag?post=4002"}],"curies":[{"name":"wp","href":"https:\/\/api.w.org\/{rel}","templated":true}]}}