{"id":3995,"date":"2021-11-24T12:22:11","date_gmt":"2021-11-24T11:22:11","guid":{"rendered":"https:\/\/www.naiakitsu.fr\/?post_type=product&#038;p=3995"},"modified":"2023-01-20T14:26:12","modified_gmt":"2023-01-20T13:26:12","slug":"sweat-gris-bleu-poche-capuche-gris-clair","status":"publish","type":"product","link":"https:\/\/dev.naiakitsu.fr\/dev1\/produit\/sweat-gris-bleu-poche-capuche-gris-clair\/","title":{"rendered":"* Pack Sweat &#8220;INDUS&#8221; mixte Gris Bleu + Capuche &#038; Poche Gris Clair"},"content":{"rendered":"<p>Notre sweat &#8220;INDUS&#8221;, vous offre ce c\u00f4t\u00e9 Brut, ce c\u00f4t\u00e9 industriel\u00a0 haut de gamme. Nous vous avons configur\u00e9 une version Gris Bleu avec une Capuche et une poche Gris Clair (presque Blanc) pour un look doux, lumineux, original ! Choisissez juste votre taille et mettez le pack\u00a0 dans le panier.<\/p>\n<p>Vous pouvez vous faire d&#8217;autres id\u00e9es avec nos autres propositions de packs ou cr\u00e9er votre propre combinaison avec notre configurateur 3D sur le site.<\/p>\n","protected":false},"excerpt":{"rendered":"<p>Notre sweat &#8220;INDUS&#8221;, vous offre ce c\u00f4t\u00e9 Brut, ce c\u00f4t\u00e9 industriel\u00a0 haut de gamme. Nous vous avons configur\u00e9 une version Gris Bleu avec une Capuche et une poche Gris Clair (presque Blanc) pour un look doux, lumineux, original ! Choisissez juste votre taille et mettez le pack\u00a0 dans le panier. Vous pouvez vous faire d&#8217;autres [&hellip;]<\/p>\n","protected":false},"featured_media":7807,"template":"","meta":[],"product_cat":[15,34],"product_tag":[],"composite_virtual":false,"composite_layout":"","composite_add_to_cart_form_location":"","composite_editable_in_cart":false,"composite_sold_individually_context":"","composite_shop_price_calc":"","composite_components":[],"composite_scenarios":[],"bundled_by":[],"bundle_stock_status":"instock","bundle_stock_quantity":null,"bundle_virtual":false,"bundle_layout":"","bundle_add_to_cart_form_location":"","bundle_editable_in_cart":false,"bundle_sold_individually_context":"","bundle_item_grouping":"","bundle_min_size":"","bundle_max_size":"","bundled_items":[],"acf":[],"yoast_head":"<!-- This site is optimized with the Yoast SEO plugin v19.10 - https:\/\/yoast.com\/wordpress\/plugins\/seo\/ -->\n<title>* Pack Sweat &quot;INDUS&quot; mixte Gris Bleu + Capuche &amp; Poche Gris Clair - naiakitsu<\/title>\n<meta name=\"description\" content=\"Retrouvez ici la version pack de votre sweat capuche &quot;INDUS&quot; mixte Naiakitsu dans sa version bicolore douce et lumineuse !\" \/>\n<meta name=\"robots\" content=\"index, follow, max-snippet:-1, max-image-preview:large, max-video-preview:-1\" \/>\n<link rel=\"canonical\" href=\"https:\/\/dev.naiakitsu.fr\/dev1\/produit\/sweat-gris-bleu-poche-capuche-gris-clair\/\" \/>\n<meta property=\"og:locale\" content=\"fr_FR\" \/>\n<meta property=\"og:type\" content=\"article\" \/>\n<meta property=\"og:title\" content=\"* Pack Sweat &quot;INDUS&quot; mixte Gris Bleu + Capuche &amp; Poche Gris Clair - naiakitsu\" \/>\n<meta property=\"og:description\" content=\"Retrouvez ici la version pack de votre sweat capuche &quot;INDUS&quot; mixte Naiakitsu dans sa version bicolore douce et lumineuse !\" \/>\n<meta property=\"og:url\" content=\"https:\/\/dev.naiakitsu.fr\/dev1\/produit\/sweat-gris-bleu-poche-capuche-gris-clair\/\" \/>\n<meta property=\"og:site_name\" content=\"naiakitsu\" \/>\n<meta property=\"article:modified_time\" content=\"2023-01-20T13:26:12+00:00\" \/>\n<meta property=\"og:image\" content=\"https:\/\/dev.naiakitsu.fr\/dev1\/wp-content\/uploads\/naiakitsu_sweat_capuche_gris_bleu_Capuche_poche_grisclair_duo05-scaled.jpg\" \/>\n\t<meta property=\"og:image:width\" content=\"2560\" \/>\n\t<meta property=\"og:image:height\" content=\"2560\" \/>\n\t<meta property=\"og:image:type\" content=\"image\/jpeg\" \/>\n<meta name=\"twitter:card\" content=\"summary_large_image\" \/>\n<meta name=\"twitter:label1\" content=\"Dur\u00e9e de lecture estim\u00e9e\" \/>\n\t<meta name=\"twitter:data1\" content=\"1 minute\" \/>\n<script type=\"application\/ld+json\" class=\"yoast-schema-graph\">{\"@context\":\"https:\/\/schema.org\",\"@graph\":[{\"@type\":\"WebPage\",\"@id\":\"https:\/\/dev.naiakitsu.fr\/dev1\/produit\/sweat-gris-bleu-poche-capuche-gris-clair\/\",\"url\":\"https:\/\/dev.naiakitsu.fr\/dev1\/produit\/sweat-gris-bleu-poche-capuche-gris-clair\/\",\"name\":\"* Pack Sweat \\\"INDUS\\\" mixte Gris Bleu + Capuche & Poche Gris Clair - naiakitsu\",\"isPartOf\":{\"@id\":\"https:\/\/dev.naiakitsu.fr\/dev1\/#website\"},\"datePublished\":\"2021-11-24T11:22:11+00:00\",\"dateModified\":\"2023-01-20T13:26:12+00:00\",\"description\":\"Retrouvez ici la version pack de votre sweat capuche \\\"INDUS\\\" mixte Naiakitsu dans sa version bicolore douce et lumineuse !\",\"breadcrumb\":{\"@id\":\"https:\/\/dev.naiakitsu.fr\/dev1\/produit\/sweat-gris-bleu-poche-capuche-gris-clair\/#breadcrumb\"},\"inLanguage\":\"fr-FR\",\"potentialAction\":[{\"@type\":\"ReadAction\",\"target\":[\"https:\/\/dev.naiakitsu.fr\/dev1\/produit\/sweat-gris-bleu-poche-capuche-gris-clair\/\"]}]},{\"@type\":\"BreadcrumbList\",\"@id\":\"https:\/\/dev.naiakitsu.fr\/dev1\/produit\/sweat-gris-bleu-poche-capuche-gris-clair\/#breadcrumb\",\"itemListElement\":[{\"@type\":\"ListItem\",\"position\":1,\"name\":\"Accueil\",\"item\":\"https:\/\/dev.naiakitsu.fr\/dev1\/\"},{\"@type\":\"ListItem\",\"position\":2,\"name\":\"E-shop\",\"item\":\"https:\/\/dev.naiakitsu.fr\/dev1\/e-shop\/\"},{\"@type\":\"ListItem\",\"position\":3,\"name\":\"* Pack Sweat &#8220;INDUS&#8221; mixte Gris Bleu + Capuche &#038; Poche Gris Clair\"}]},{\"@type\":\"WebSite\",\"@id\":\"https:\/\/dev.naiakitsu.fr\/dev1\/#website\",\"url\":\"https:\/\/dev.naiakitsu.fr\/dev1\/\",\"name\":\"naiakitsu\",\"description\":\"les basiques audacieux\",\"potentialAction\":[{\"@type\":\"SearchAction\",\"target\":{\"@type\":\"EntryPoint\",\"urlTemplate\":\"https:\/\/dev.naiakitsu.fr\/dev1\/?s={search_term_string}\"},\"query-input\":\"required name=search_term_string\"}],\"inLanguage\":\"fr-FR\"}]}<\/script>\n<!-- \/ Yoast SEO plugin. -->","yoast_head_json":{"title":"* Pack Sweat \"INDUS\" mixte Gris Bleu + Capuche & Poche Gris Clair - naiakitsu","description":"Retrouvez ici la version pack de votre sweat capuche \"INDUS\" mixte Naiakitsu dans sa version bicolore douce et lumineuse !","robots":{"index":"index","follow":"follow","max-snippet":"max-snippet:-1","max-image-preview":"max-image-preview:large","max-video-preview":"max-video-preview:-1"},"canonical":"https:\/\/dev.naiakitsu.fr\/dev1\/produit\/sweat-gris-bleu-poche-capuche-gris-clair\/","og_locale":"fr_FR","og_type":"article","og_title":"* Pack Sweat \"INDUS\" mixte Gris Bleu + Capuche & Poche Gris Clair - naiakitsu","og_description":"Retrouvez ici la version pack de votre sweat capuche \"INDUS\" mixte Naiakitsu dans sa version bicolore douce et lumineuse !","og_url":"https:\/\/dev.naiakitsu.fr\/dev1\/produit\/sweat-gris-bleu-poche-capuche-gris-clair\/","og_site_name":"naiakitsu","article_modified_time":"2023-01-20T13:26:12+00:00","og_image":[{"width":2560,"height":2560,"url":"https:\/\/dev.naiakitsu.fr\/dev1\/wp-content\/uploads\/naiakitsu_sweat_capuche_gris_bleu_Capuche_poche_grisclair_duo05-scaled.jpg","type":"image\/jpeg"}],"twitter_card":"summary_large_image","twitter_misc":{"Dur\u00e9e de lecture estim\u00e9e":"1 minute"},"schema":{"@context":"https:\/\/schema.org","@graph":[{"@type":"WebPage","@id":"https:\/\/dev.naiakitsu.fr\/dev1\/produit\/sweat-gris-bleu-poche-capuche-gris-clair\/","url":"https:\/\/dev.naiakitsu.fr\/dev1\/produit\/sweat-gris-bleu-poche-capuche-gris-clair\/","name":"* Pack Sweat \"INDUS\" mixte Gris Bleu + Capuche & Poche Gris Clair - naiakitsu","isPartOf":{"@id":"https:\/\/dev.naiakitsu.fr\/dev1\/#website"},"datePublished":"2021-11-24T11:22:11+00:00","dateModified":"2023-01-20T13:26:12+00:00","description":"Retrouvez ici la version pack de votre sweat capuche \"INDUS\" mixte Naiakitsu dans sa version bicolore douce et lumineuse !","breadcrumb":{"@id":"https:\/\/dev.naiakitsu.fr\/dev1\/produit\/sweat-gris-bleu-poche-capuche-gris-clair\/#breadcrumb"},"inLanguage":"fr-FR","potentialAction":[{"@type":"ReadAction","target":["https:\/\/dev.naiakitsu.fr\/dev1\/produit\/sweat-gris-bleu-poche-capuche-gris-clair\/"]}]},{"@type":"BreadcrumbList","@id":"https:\/\/dev.naiakitsu.fr\/dev1\/produit\/sweat-gris-bleu-poche-capuche-gris-clair\/#breadcrumb","itemListElement":[{"@type":"ListItem","position":1,"name":"Accueil","item":"https:\/\/dev.naiakitsu.fr\/dev1\/"},{"@type":"ListItem","position":2,"name":"E-shop","item":"https:\/\/dev.naiakitsu.fr\/dev1\/e-shop\/"},{"@type":"ListItem","position":3,"name":"* Pack Sweat &#8220;INDUS&#8221; mixte Gris Bleu + Capuche &#038; Poche Gris Clair"}]},{"@type":"WebSite","@id":"https:\/\/dev.naiakitsu.fr\/dev1\/#website","url":"https:\/\/dev.naiakitsu.fr\/dev1\/","name":"naiakitsu","description":"les basiques audacieux","potentialAction":[{"@type":"SearchAction","target":{"@type":"EntryPoint","urlTemplate":"https:\/\/dev.naiakitsu.fr\/dev1\/?s={search_term_string}"},"query-input":"required name=search_term_string"}],"inLanguage":"fr-FR"}]}},"_links":{"self":[{"href":"https:\/\/dev.naiakitsu.fr\/dev1\/wp-json\/wp\/v2\/product\/3995"}],"collection":[{"href":"https:\/\/dev.naiakitsu.fr\/dev1\/wp-json\/wp\/v2\/product"}],"about":[{"href":"https:\/\/dev.naiakitsu.fr\/dev1\/wp-json\/wp\/v2\/types\/product"}],"wp:featuredmedia":[{"embeddable":true,"href":"https:\/\/dev.naiakitsu.fr\/dev1\/wp-json\/wp\/v2\/media\/7807"}],"wp:attachment":[{"href":"https:\/\/dev.naiakitsu.fr\/dev1\/wp-json\/wp\/v2\/media?parent=3995"}],"wp:term":[{"taxonomy":"product_cat","embeddable":true,"href":"https:\/\/dev.naiakitsu.fr\/dev1\/wp-json\/wp\/v2\/product_cat?post=3995"},{"taxonomy":"product_tag","embeddable":true,"href":"https:\/\/dev.naiakitsu.fr\/dev1\/wp-json\/wp\/v2\/product_tag?post=3995"}],"curies":[{"name":"wp","href":"https:\/\/api.w.org\/{rel}","templated":true}]}}