{"id":3950,"date":"2021-11-24T10:10:37","date_gmt":"2021-11-24T09:10:37","guid":{"rendered":"https:\/\/www.naiakitsu.fr\/?post_type=product&#038;p=3950"},"modified":"2023-01-30T18:55:02","modified_gmt":"2023-01-30T17:55:02","slug":"sweat-capuche-poche-bleu-marine-uni","status":"publish","type":"product","link":"https:\/\/dev.naiakitsu.fr\/dev1\/produit\/sweat-capuche-poche-bleu-marine-uni\/","title":{"rendered":"Pack &#8211; 1 Sweat &#8220;INDUS&#8221; Bleu Marine"},"content":{"rendered":"<p>Votre sweat capuche, vous offre ce c\u00f4t\u00e9 Brut, ce c\u00f4t\u00e9 Industriel haut de gamme. Nous vous avons configur\u00e9 une version de Sweat , poche et capuche , Bleu Marine,\u00a0 pour un look plus intense et profond. Choisissez juste votre ta taille et mettez directement dans le panier !<\/p>\n<p>Ce sweat capuche uni &#8220;INDUS&#8221; se distingue par sa profondeur et son brillant esprit Marin. Rien ne vous emp\u00eache d&#8217;acheter ensuite d&#8217;autres poches et d&#8217;autres capuches pour le transformer en une version encore plus styl\u00e9e et originale.<\/p>\n<p>Vous pouvez vous faire d&#8217;autres id\u00e9es avec nos autres propositions de packs ou cr\u00e9er votre propre combinaison avec notre configurateur 3D du site.<\/p>\n","protected":false},"excerpt":{"rendered":"<p>Votre sweat capuche, vous offre ce c\u00f4t\u00e9 Brut, ce c\u00f4t\u00e9 Industriel haut de gamme. Nous vous avons configur\u00e9 une version de Sweat , poche et capuche , Bleu Marine,\u00a0 pour un look plus intense et profond. Choisissez juste votre ta taille et mettez directement dans le panier ! Ce sweat capuche uni &#8220;INDUS&#8221; se distingue [&hellip;]<\/p>\n","protected":false},"featured_media":7937,"template":"","meta":[],"product_cat":[15,34],"product_tag":[],"composite_virtual":false,"composite_layout":"","composite_add_to_cart_form_location":"","composite_editable_in_cart":false,"composite_sold_individually_context":"","composite_shop_price_calc":"","composite_components":[],"composite_scenarios":[],"bundled_by":[],"bundle_stock_status":"instock","bundle_stock_quantity":null,"bundle_virtual":false,"bundle_layout":"","bundle_add_to_cart_form_location":"","bundle_editable_in_cart":false,"bundle_sold_individually_context":"","bundle_item_grouping":"","bundle_min_size":"","bundle_max_size":"","bundled_items":[],"acf":[],"yoast_head":"<!-- This site is optimized with the Yoast SEO plugin v19.10 - https:\/\/yoast.com\/wordpress\/plugins\/seo\/ -->\n<title>Pack - 1 Sweat &quot;INDUS&quot; Bleu Marine - naiakitsu<\/title>\n<meta name=\"description\" content=\"Retrouvez la version pack d&#039;un sweat capuche &quot;INDUS&quot; mixte Naiakitsu bleu marine uni, qui se marie avec tout et vous fera voyager sur les oc\u00e9ans !\" \/>\n<meta name=\"robots\" content=\"index, follow, max-snippet:-1, max-image-preview:large, max-video-preview:-1\" \/>\n<link rel=\"canonical\" href=\"https:\/\/dev.naiakitsu.fr\/dev1\/produit\/sweat-capuche-poche-bleu-marine-uni\/\" \/>\n<meta property=\"og:locale\" content=\"fr_FR\" \/>\n<meta property=\"og:type\" content=\"article\" \/>\n<meta property=\"og:title\" content=\"Pack - 1 Sweat &quot;INDUS&quot; Bleu Marine - naiakitsu\" \/>\n<meta property=\"og:description\" content=\"Retrouvez la version pack d&#039;un sweat capuche &quot;INDUS&quot; mixte Naiakitsu bleu marine uni, qui se marie avec tout et vous fera voyager sur les oc\u00e9ans !\" \/>\n<meta property=\"og:url\" content=\"https:\/\/dev.naiakitsu.fr\/dev1\/produit\/sweat-capuche-poche-bleu-marine-uni\/\" \/>\n<meta property=\"og:site_name\" content=\"naiakitsu\" \/>\n<meta property=\"article:modified_time\" content=\"2023-01-30T17:55:02+00:00\" \/>\n<meta property=\"og:image\" content=\"https:\/\/dev.naiakitsu.fr\/dev1\/wp-content\/uploads\/naiakitsu_sweat_capuche_marine_duo205-scaled.jpg\" \/>\n\t<meta property=\"og:image:width\" content=\"2560\" \/>\n\t<meta property=\"og:image:height\" content=\"2560\" \/>\n\t<meta property=\"og:image:type\" content=\"image\/jpeg\" \/>\n<meta name=\"twitter:card\" content=\"summary_large_image\" \/>\n<meta name=\"twitter:label1\" content=\"Dur\u00e9e de lecture estim\u00e9e\" \/>\n\t<meta name=\"twitter:data1\" content=\"1 minute\" \/>\n<script type=\"application\/ld+json\" class=\"yoast-schema-graph\">{\"@context\":\"https:\/\/schema.org\",\"@graph\":[{\"@type\":\"WebPage\",\"@id\":\"https:\/\/dev.naiakitsu.fr\/dev1\/produit\/sweat-capuche-poche-bleu-marine-uni\/\",\"url\":\"https:\/\/dev.naiakitsu.fr\/dev1\/produit\/sweat-capuche-poche-bleu-marine-uni\/\",\"name\":\"Pack - 1 Sweat \\\"INDUS\\\" Bleu Marine - naiakitsu\",\"isPartOf\":{\"@id\":\"https:\/\/dev.naiakitsu.fr\/dev1\/#website\"},\"datePublished\":\"2021-11-24T09:10:37+00:00\",\"dateModified\":\"2023-01-30T17:55:02+00:00\",\"description\":\"Retrouvez la version pack d'un sweat capuche \\\"INDUS\\\" mixte Naiakitsu bleu marine uni, qui se marie avec tout et vous fera voyager sur les oc\u00e9ans !\",\"breadcrumb\":{\"@id\":\"https:\/\/dev.naiakitsu.fr\/dev1\/produit\/sweat-capuche-poche-bleu-marine-uni\/#breadcrumb\"},\"inLanguage\":\"fr-FR\",\"potentialAction\":[{\"@type\":\"ReadAction\",\"target\":[\"https:\/\/dev.naiakitsu.fr\/dev1\/produit\/sweat-capuche-poche-bleu-marine-uni\/\"]}]},{\"@type\":\"BreadcrumbList\",\"@id\":\"https:\/\/dev.naiakitsu.fr\/dev1\/produit\/sweat-capuche-poche-bleu-marine-uni\/#breadcrumb\",\"itemListElement\":[{\"@type\":\"ListItem\",\"position\":1,\"name\":\"Accueil\",\"item\":\"https:\/\/dev.naiakitsu.fr\/dev1\/\"},{\"@type\":\"ListItem\",\"position\":2,\"name\":\"E-shop\",\"item\":\"https:\/\/dev.naiakitsu.fr\/dev1\/e-shop\/\"},{\"@type\":\"ListItem\",\"position\":3,\"name\":\"Pack &#8211; 1 Sweat &#8220;INDUS&#8221; Bleu Marine\"}]},{\"@type\":\"WebSite\",\"@id\":\"https:\/\/dev.naiakitsu.fr\/dev1\/#website\",\"url\":\"https:\/\/dev.naiakitsu.fr\/dev1\/\",\"name\":\"naiakitsu\",\"description\":\"les basiques audacieux\",\"potentialAction\":[{\"@type\":\"SearchAction\",\"target\":{\"@type\":\"EntryPoint\",\"urlTemplate\":\"https:\/\/dev.naiakitsu.fr\/dev1\/?s={search_term_string}\"},\"query-input\":\"required name=search_term_string\"}],\"inLanguage\":\"fr-FR\"}]}<\/script>\n<!-- \/ Yoast SEO plugin. -->","yoast_head_json":{"title":"Pack - 1 Sweat \"INDUS\" Bleu Marine - naiakitsu","description":"Retrouvez la version pack d'un sweat capuche \"INDUS\" mixte Naiakitsu bleu marine uni, qui se marie avec tout et vous fera voyager sur les oc\u00e9ans !","robots":{"index":"index","follow":"follow","max-snippet":"max-snippet:-1","max-image-preview":"max-image-preview:large","max-video-preview":"max-video-preview:-1"},"canonical":"https:\/\/dev.naiakitsu.fr\/dev1\/produit\/sweat-capuche-poche-bleu-marine-uni\/","og_locale":"fr_FR","og_type":"article","og_title":"Pack - 1 Sweat \"INDUS\" Bleu Marine - naiakitsu","og_description":"Retrouvez la version pack d'un sweat capuche \"INDUS\" mixte Naiakitsu bleu marine uni, qui se marie avec tout et vous fera voyager sur les oc\u00e9ans !","og_url":"https:\/\/dev.naiakitsu.fr\/dev1\/produit\/sweat-capuche-poche-bleu-marine-uni\/","og_site_name":"naiakitsu","article_modified_time":"2023-01-30T17:55:02+00:00","og_image":[{"width":2560,"height":2560,"url":"https:\/\/dev.naiakitsu.fr\/dev1\/wp-content\/uploads\/naiakitsu_sweat_capuche_marine_duo205-scaled.jpg","type":"image\/jpeg"}],"twitter_card":"summary_large_image","twitter_misc":{"Dur\u00e9e de lecture estim\u00e9e":"1 minute"},"schema":{"@context":"https:\/\/schema.org","@graph":[{"@type":"WebPage","@id":"https:\/\/dev.naiakitsu.fr\/dev1\/produit\/sweat-capuche-poche-bleu-marine-uni\/","url":"https:\/\/dev.naiakitsu.fr\/dev1\/produit\/sweat-capuche-poche-bleu-marine-uni\/","name":"Pack - 1 Sweat \"INDUS\" Bleu Marine - naiakitsu","isPartOf":{"@id":"https:\/\/dev.naiakitsu.fr\/dev1\/#website"},"datePublished":"2021-11-24T09:10:37+00:00","dateModified":"2023-01-30T17:55:02+00:00","description":"Retrouvez la version pack d'un sweat capuche \"INDUS\" mixte Naiakitsu bleu marine uni, qui se marie avec tout et vous fera voyager sur les oc\u00e9ans !","breadcrumb":{"@id":"https:\/\/dev.naiakitsu.fr\/dev1\/produit\/sweat-capuche-poche-bleu-marine-uni\/#breadcrumb"},"inLanguage":"fr-FR","potentialAction":[{"@type":"ReadAction","target":["https:\/\/dev.naiakitsu.fr\/dev1\/produit\/sweat-capuche-poche-bleu-marine-uni\/"]}]},{"@type":"BreadcrumbList","@id":"https:\/\/dev.naiakitsu.fr\/dev1\/produit\/sweat-capuche-poche-bleu-marine-uni\/#breadcrumb","itemListElement":[{"@type":"ListItem","position":1,"name":"Accueil","item":"https:\/\/dev.naiakitsu.fr\/dev1\/"},{"@type":"ListItem","position":2,"name":"E-shop","item":"https:\/\/dev.naiakitsu.fr\/dev1\/e-shop\/"},{"@type":"ListItem","position":3,"name":"Pack &#8211; 1 Sweat &#8220;INDUS&#8221; Bleu Marine"}]},{"@type":"WebSite","@id":"https:\/\/dev.naiakitsu.fr\/dev1\/#website","url":"https:\/\/dev.naiakitsu.fr\/dev1\/","name":"naiakitsu","description":"les basiques audacieux","potentialAction":[{"@type":"SearchAction","target":{"@type":"EntryPoint","urlTemplate":"https:\/\/dev.naiakitsu.fr\/dev1\/?s={search_term_string}"},"query-input":"required name=search_term_string"}],"inLanguage":"fr-FR"}]}},"_links":{"self":[{"href":"https:\/\/dev.naiakitsu.fr\/dev1\/wp-json\/wp\/v2\/product\/3950"}],"collection":[{"href":"https:\/\/dev.naiakitsu.fr\/dev1\/wp-json\/wp\/v2\/product"}],"about":[{"href":"https:\/\/dev.naiakitsu.fr\/dev1\/wp-json\/wp\/v2\/types\/product"}],"wp:featuredmedia":[{"embeddable":true,"href":"https:\/\/dev.naiakitsu.fr\/dev1\/wp-json\/wp\/v2\/media\/7937"}],"wp:attachment":[{"href":"https:\/\/dev.naiakitsu.fr\/dev1\/wp-json\/wp\/v2\/media?parent=3950"}],"wp:term":[{"taxonomy":"product_cat","embeddable":true,"href":"https:\/\/dev.naiakitsu.fr\/dev1\/wp-json\/wp\/v2\/product_cat?post=3950"},{"taxonomy":"product_tag","embeddable":true,"href":"https:\/\/dev.naiakitsu.fr\/dev1\/wp-json\/wp\/v2\/product_tag?post=3950"}],"curies":[{"name":"wp","href":"https:\/\/api.w.org\/{rel}","templated":true}]}}