{"id":395,"date":"2021-09-10T10:58:40","date_gmt":"2021-09-10T08:58:40","guid":{"rendered":"https:\/\/www.naiakitsu.fr\/?post_type=product&#038;p=395"},"modified":"2023-01-30T15:43:57","modified_gmt":"2023-01-30T14:43:57","slug":"poche-sweat-capuche","status":"publish","type":"product","link":"https:\/\/dev.naiakitsu.fr\/dev1\/produit\/poche-sweat-capuche\/","title":{"rendered":"Poche amovible en molleton pour sweat capuche &#8220;INDUS&#8221;"},"content":{"rendered":"<p>Vous avez envie de changer de couleur de poche de votre sweat capuche Naiakitsu, vous \u00eates au bon endroit.<\/p>\n<p>Prenez une autre poche et zippez la sur votre Sweat Capuche Naiakitsu en deux temps trois mouvements ! Un zip, deux zip et votre poche est chang\u00e9e. Allez voir notre vid\u00e9o pour vous en rendre compte.<\/p>\n<p>Le sweat est vendu s\u00e9par\u00e9ment ainsi que la Capuche. Si vous voulez un sweat complet, n&#8217;h\u00e9sitez pas \u00e0 regarder nos packs d\u00e9j\u00e0 constitu\u00e9s ou cr\u00e9ez votre propre version avec notre configurateur 3D.<\/p>\n<p>A vous de cr\u00e9er pour entrer dans l&#8217;Aventure de NAIAKITSU, Les Basiques Audacieux.<\/p>\n","protected":false},"excerpt":{"rendered":"<p>Vous avez envie de changer de couleur de poche de votre sweat capuche Naiakitsu, vous \u00eates au bon endroit. Prenez une autre poche et zippez la sur votre Sweat Capuche Naiakitsu en deux temps trois mouvements ! Un zip, deux zip et votre poche est chang\u00e9e. Allez voir notre vid\u00e9o pour vous en rendre compte. [&hellip;]<\/p>\n","protected":false},"featured_media":3632,"template":"","meta":[],"product_cat":[15,127,34],"product_tag":[],"composite_virtual":false,"composite_layout":"","composite_add_to_cart_form_location":"","composite_editable_in_cart":false,"composite_sold_individually_context":"","composite_shop_price_calc":"","composite_components":[],"composite_scenarios":[],"bundled_by":[],"bundle_stock_status":"instock","bundle_stock_quantity":null,"bundle_virtual":false,"bundle_layout":"","bundle_add_to_cart_form_location":"","bundle_editable_in_cart":false,"bundle_sold_individually_context":"","bundle_item_grouping":"","bundle_min_size":"","bundle_max_size":"","bundled_items":[],"acf":[],"yoast_head":"<!-- This site is optimized with the Yoast SEO plugin v19.10 - https:\/\/yoast.com\/wordpress\/plugins\/seo\/ -->\n<title>Poche amovible en molleton pour sweat capuche &quot;INDUS&quot; - naiakitsu<\/title>\n<meta name=\"description\" content=\"Une poche amovible du sweat capuche &quot;INDUS&quot; que l&#039;on peut changer en fonction de son humeur ! Retrouvez ici nos diff\u00e9rents mod\u00e8les de poche !\" \/>\n<meta name=\"robots\" content=\"index, follow, max-snippet:-1, max-image-preview:large, max-video-preview:-1\" \/>\n<link rel=\"canonical\" href=\"https:\/\/dev.naiakitsu.fr\/dev1\/produit\/poche-sweat-capuche\/\" \/>\n<meta property=\"og:locale\" content=\"fr_FR\" \/>\n<meta property=\"og:type\" content=\"article\" \/>\n<meta property=\"og:title\" content=\"Poche amovible en molleton pour sweat capuche &quot;INDUS&quot; - naiakitsu\" \/>\n<meta property=\"og:description\" content=\"Une poche amovible du sweat capuche &quot;INDUS&quot; que l&#039;on peut changer en fonction de son humeur ! Retrouvez ici nos diff\u00e9rents mod\u00e8les de poche !\" \/>\n<meta property=\"og:url\" content=\"https:\/\/dev.naiakitsu.fr\/dev1\/produit\/poche-sweat-capuche\/\" \/>\n<meta property=\"og:site_name\" content=\"naiakitsu\" \/>\n<meta property=\"article:modified_time\" content=\"2023-01-30T14:43:57+00:00\" \/>\n<meta property=\"og:image\" content=\"https:\/\/dev.naiakitsu.fr\/dev1\/wp-content\/uploads\/NaiI\u0088akitsu_sweat_capuche_19septembre2021_AnneBiedPhotographe-11-scaled.jpg\" \/>\n\t<meta property=\"og:image:width\" content=\"2560\" \/>\n\t<meta property=\"og:image:height\" content=\"1707\" \/>\n\t<meta property=\"og:image:type\" content=\"image\/jpeg\" \/>\n<meta name=\"twitter:card\" content=\"summary_large_image\" \/>\n<meta name=\"twitter:label1\" content=\"Dur\u00e9e de lecture estim\u00e9e\" \/>\n\t<meta name=\"twitter:data1\" content=\"1 minute\" \/>\n<script type=\"application\/ld+json\" class=\"yoast-schema-graph\">{\"@context\":\"https:\/\/schema.org\",\"@graph\":[{\"@type\":\"WebPage\",\"@id\":\"https:\/\/dev.naiakitsu.fr\/dev1\/produit\/poche-sweat-capuche\/\",\"url\":\"https:\/\/dev.naiakitsu.fr\/dev1\/produit\/poche-sweat-capuche\/\",\"name\":\"Poche amovible en molleton pour sweat capuche \\\"INDUS\\\" - naiakitsu\",\"isPartOf\":{\"@id\":\"https:\/\/dev.naiakitsu.fr\/dev1\/#website\"},\"datePublished\":\"2021-09-10T08:58:40+00:00\",\"dateModified\":\"2023-01-30T14:43:57+00:00\",\"description\":\"Une poche amovible du sweat capuche \\\"INDUS\\\" que l'on peut changer en fonction de son humeur ! Retrouvez ici nos diff\u00e9rents mod\u00e8les de poche !\",\"breadcrumb\":{\"@id\":\"https:\/\/dev.naiakitsu.fr\/dev1\/produit\/poche-sweat-capuche\/#breadcrumb\"},\"inLanguage\":\"fr-FR\",\"potentialAction\":[{\"@type\":\"ReadAction\",\"target\":[\"https:\/\/dev.naiakitsu.fr\/dev1\/produit\/poche-sweat-capuche\/\"]}]},{\"@type\":\"BreadcrumbList\",\"@id\":\"https:\/\/dev.naiakitsu.fr\/dev1\/produit\/poche-sweat-capuche\/#breadcrumb\",\"itemListElement\":[{\"@type\":\"ListItem\",\"position\":1,\"name\":\"Accueil\",\"item\":\"https:\/\/dev.naiakitsu.fr\/dev1\/\"},{\"@type\":\"ListItem\",\"position\":2,\"name\":\"E-shop\",\"item\":\"https:\/\/dev.naiakitsu.fr\/dev1\/e-shop\/\"},{\"@type\":\"ListItem\",\"position\":3,\"name\":\"Poche amovible en molleton pour sweat capuche &#8220;INDUS&#8221;\"}]},{\"@type\":\"WebSite\",\"@id\":\"https:\/\/dev.naiakitsu.fr\/dev1\/#website\",\"url\":\"https:\/\/dev.naiakitsu.fr\/dev1\/\",\"name\":\"naiakitsu\",\"description\":\"les basiques audacieux\",\"potentialAction\":[{\"@type\":\"SearchAction\",\"target\":{\"@type\":\"EntryPoint\",\"urlTemplate\":\"https:\/\/dev.naiakitsu.fr\/dev1\/?s={search_term_string}\"},\"query-input\":\"required name=search_term_string\"}],\"inLanguage\":\"fr-FR\"}]}<\/script>\n<!-- \/ Yoast SEO plugin. -->","yoast_head_json":{"title":"Poche amovible en molleton pour sweat capuche \"INDUS\" - naiakitsu","description":"Une poche amovible du sweat capuche \"INDUS\" que l'on peut changer en fonction de son humeur ! Retrouvez ici nos diff\u00e9rents mod\u00e8les de poche !","robots":{"index":"index","follow":"follow","max-snippet":"max-snippet:-1","max-image-preview":"max-image-preview:large","max-video-preview":"max-video-preview:-1"},"canonical":"https:\/\/dev.naiakitsu.fr\/dev1\/produit\/poche-sweat-capuche\/","og_locale":"fr_FR","og_type":"article","og_title":"Poche amovible en molleton pour sweat capuche \"INDUS\" - naiakitsu","og_description":"Une poche amovible du sweat capuche \"INDUS\" que l'on peut changer en fonction de son humeur ! Retrouvez ici nos diff\u00e9rents mod\u00e8les de poche !","og_url":"https:\/\/dev.naiakitsu.fr\/dev1\/produit\/poche-sweat-capuche\/","og_site_name":"naiakitsu","article_modified_time":"2023-01-30T14:43:57+00:00","og_image":[{"width":2560,"height":1707,"url":"https:\/\/dev.naiakitsu.fr\/dev1\/wp-content\/uploads\/NaiI\u0088akitsu_sweat_capuche_19septembre2021_AnneBiedPhotographe-11-scaled.jpg","type":"image\/jpeg"}],"twitter_card":"summary_large_image","twitter_misc":{"Dur\u00e9e de lecture estim\u00e9e":"1 minute"},"schema":{"@context":"https:\/\/schema.org","@graph":[{"@type":"WebPage","@id":"https:\/\/dev.naiakitsu.fr\/dev1\/produit\/poche-sweat-capuche\/","url":"https:\/\/dev.naiakitsu.fr\/dev1\/produit\/poche-sweat-capuche\/","name":"Poche amovible en molleton pour sweat capuche \"INDUS\" - naiakitsu","isPartOf":{"@id":"https:\/\/dev.naiakitsu.fr\/dev1\/#website"},"datePublished":"2021-09-10T08:58:40+00:00","dateModified":"2023-01-30T14:43:57+00:00","description":"Une poche amovible du sweat capuche \"INDUS\" que l'on peut changer en fonction de son humeur ! Retrouvez ici nos diff\u00e9rents mod\u00e8les de poche !","breadcrumb":{"@id":"https:\/\/dev.naiakitsu.fr\/dev1\/produit\/poche-sweat-capuche\/#breadcrumb"},"inLanguage":"fr-FR","potentialAction":[{"@type":"ReadAction","target":["https:\/\/dev.naiakitsu.fr\/dev1\/produit\/poche-sweat-capuche\/"]}]},{"@type":"BreadcrumbList","@id":"https:\/\/dev.naiakitsu.fr\/dev1\/produit\/poche-sweat-capuche\/#breadcrumb","itemListElement":[{"@type":"ListItem","position":1,"name":"Accueil","item":"https:\/\/dev.naiakitsu.fr\/dev1\/"},{"@type":"ListItem","position":2,"name":"E-shop","item":"https:\/\/dev.naiakitsu.fr\/dev1\/e-shop\/"},{"@type":"ListItem","position":3,"name":"Poche amovible en molleton pour sweat capuche &#8220;INDUS&#8221;"}]},{"@type":"WebSite","@id":"https:\/\/dev.naiakitsu.fr\/dev1\/#website","url":"https:\/\/dev.naiakitsu.fr\/dev1\/","name":"naiakitsu","description":"les basiques audacieux","potentialAction":[{"@type":"SearchAction","target":{"@type":"EntryPoint","urlTemplate":"https:\/\/dev.naiakitsu.fr\/dev1\/?s={search_term_string}"},"query-input":"required name=search_term_string"}],"inLanguage":"fr-FR"}]}},"_links":{"self":[{"href":"https:\/\/dev.naiakitsu.fr\/dev1\/wp-json\/wp\/v2\/product\/395"}],"collection":[{"href":"https:\/\/dev.naiakitsu.fr\/dev1\/wp-json\/wp\/v2\/product"}],"about":[{"href":"https:\/\/dev.naiakitsu.fr\/dev1\/wp-json\/wp\/v2\/types\/product"}],"wp:featuredmedia":[{"embeddable":true,"href":"https:\/\/dev.naiakitsu.fr\/dev1\/wp-json\/wp\/v2\/media\/3632"}],"wp:attachment":[{"href":"https:\/\/dev.naiakitsu.fr\/dev1\/wp-json\/wp\/v2\/media?parent=395"}],"wp:term":[{"taxonomy":"product_cat","embeddable":true,"href":"https:\/\/dev.naiakitsu.fr\/dev1\/wp-json\/wp\/v2\/product_cat?post=395"},{"taxonomy":"product_tag","embeddable":true,"href":"https:\/\/dev.naiakitsu.fr\/dev1\/wp-json\/wp\/v2\/product_tag?post=395"}],"curies":[{"name":"wp","href":"https:\/\/api.w.org\/{rel}","templated":true}]}}