{"id":3853,"date":"2021-11-23T16:14:23","date_gmt":"2021-11-23T15:14:23","guid":{"rendered":"https:\/\/www.naiakitsu.fr\/?post_type=product&#038;p=3853"},"modified":"2023-02-01T10:11:03","modified_gmt":"2023-02-01T09:11:03","slug":"chemise-femme-a-configurer","status":"publish","type":"product","link":"https:\/\/dev.naiakitsu.fr\/dev1\/produit\/chemise-femme-a-configurer\/","title":{"rendered":"Chemise Femme \u00e0 configurer"},"content":{"rendered":"<p>Transformez votre chemise Femme en ajoutant des accessoires, cols Italien, capuches, poignets (Napolitain) ou manchettes, dans des mati\u00e8res et tissus diff\u00e9rents.<\/p>\n<p>Votre chemise est une version Mao, avec une coupe l\u00e9g\u00e8rement cintr\u00e9e.<\/p>\n<p>Choissisez votre taille, votre couleur de chemise, puis vos accessoires.<\/p>\n<p>Enfin, vous validez et vous commandez !<\/p>\n<p>L&#8217;audace, le go\u00fbt du d\u00e9cal\u00e9 avec le m\u00e9lange de mati\u00e8res Haut de gamme, c&#8217;est tout l&#8217;esprit de NAIAKITSU, Les basiques Audacieux.<\/p>\n","protected":false},"excerpt":{"rendered":"<p>Transformez votre chemise Femme en ajoutant des accessoires, cols Italien, capuches, poignets (Napolitain) ou manchettes, dans des mati\u00e8res et tissus diff\u00e9rents. Votre chemise est une version Mao, avec une coupe l\u00e9g\u00e8rement cintr\u00e9e. Choissisez votre taille, votre couleur de chemise, puis vos accessoires. Enfin, vous validez et vous commandez ! L&#8217;audace, le go\u00fbt du d\u00e9cal\u00e9 avec [&hellip;]<\/p>\n","protected":false},"featured_media":8388,"template":"","meta":[],"product_cat":[15,132],"product_tag":[],"composite_virtual":false,"composite_layout":"single","composite_add_to_cart_form_location":"default","composite_editable_in_cart":false,"composite_sold_individually_context":"product","composite_shop_price_calc":"defaults","composite_components":[{"id":"1637253941","title":"CHEMISE FEMME","description":"","query_type":"product_ids","query_ids":[1254],"default_option_id":1254,"thumbnail_id":"","thumbnail_src":"","quantity_min":1,"quantity_max":1,"priced_individually":true,"shipped_individually":false,"optional":false,"discount":"","options_style":"dropdowns","pagination_style":"classic","display_prices":"absolute","show_sorting_options":false,"show_filtering_options":false,"attribute_filter_ids":[],"product_title_visible":true,"product_descr_visible":true,"product_price_visible":true,"product_thumb_visible":true,"subtotal_visible_product":true,"subtotal_visible_cart":true,"subtotal_visible_orders":true},{"id":"1637683607","title":"COLS &amp; CAPUCHES","description":"","query_type":"product_ids","query_ids":[1932,4661,4629,5401,2319,5869,6088],"default_option_id":"","thumbnail_id":"","thumbnail_src":"","quantity_min":1,"quantity_max":1,"priced_individually":true,"shipped_individually":false,"optional":true,"discount":"","options_style":"dropdowns","pagination_style":"classic","display_prices":"absolute","show_sorting_options":false,"show_filtering_options":false,"attribute_filter_ids":[],"product_title_visible":true,"product_descr_visible":true,"product_price_visible":true,"product_thumb_visible":true,"subtotal_visible_product":true,"subtotal_visible_cart":true,"subtotal_visible_orders":true},{"id":"1637683608","title":"POIGNETS &amp; MANCHETTES","description":"","query_type":"product_ids","query_ids":[1593,1962],"default_option_id":"","thumbnail_id":"","thumbnail_src":"","quantity_min":1,"quantity_max":1,"priced_individually":true,"shipped_individually":false,"optional":true,"discount":"","options_style":"dropdowns","pagination_style":"classic","display_prices":"absolute","show_sorting_options":false,"show_filtering_options":false,"attribute_filter_ids":[],"product_title_visible":true,"product_descr_visible":true,"product_price_visible":true,"product_thumb_visible":true,"subtotal_visible_product":true,"subtotal_visible_cart":true,"subtotal_visible_orders":true}],"composite_scenarios":[],"bundled_by":[],"bundle_stock_status":"instock","bundle_stock_quantity":98,"bundle_virtual":false,"bundle_layout":"","bundle_add_to_cart_form_location":"","bundle_editable_in_cart":false,"bundle_sold_individually_context":"","bundle_item_grouping":"","bundle_min_size":"","bundle_max_size":"","bundled_items":[],"acf":[],"yoast_head":"<!-- This site is optimized with the Yoast SEO plugin v19.10 - https:\/\/yoast.com\/wordpress\/plugins\/seo\/ -->\n<title>Chemise Femme \u00e0 configurer - naiakitsu<\/title>\n<meta name=\"description\" content=\"La chemise Femme Naiakitsu configurable vous permet d&#039;avoir plusieurs chemises, plusieurs styles, avec une seule chemise et ses accessoires amovibles.\" \/>\n<meta name=\"robots\" content=\"index, follow, max-snippet:-1, max-image-preview:large, max-video-preview:-1\" \/>\n<link rel=\"canonical\" href=\"https:\/\/dev.naiakitsu.fr\/dev1\/produit\/chemise-femme-a-configurer\/\" \/>\n<meta property=\"og:locale\" content=\"fr_FR\" \/>\n<meta property=\"og:type\" content=\"article\" \/>\n<meta property=\"og:title\" content=\"Chemise Femme \u00e0 configurer - naiakitsu\" \/>\n<meta property=\"og:description\" content=\"La chemise Femme Naiakitsu configurable vous permet d&#039;avoir plusieurs chemises, plusieurs styles, avec une seule chemise et ses accessoires amovibles.\" \/>\n<meta property=\"og:url\" content=\"https:\/\/dev.naiakitsu.fr\/dev1\/produit\/chemise-femme-a-configurer\/\" \/>\n<meta property=\"og:site_name\" content=\"naiakitsu\" \/>\n<meta property=\"article:modified_time\" content=\"2023-02-01T09:11:03+00:00\" \/>\n<meta property=\"og:image\" content=\"https:\/\/dev.naiakitsu.fr\/dev1\/wp-content\/uploads\/Capture-decran-2022-02-23-a-18.45.19.png\" \/>\n\t<meta property=\"og:image:width\" content=\"2010\" \/>\n\t<meta property=\"og:image:height\" content=\"1706\" \/>\n\t<meta property=\"og:image:type\" content=\"image\/png\" \/>\n<meta name=\"twitter:card\" content=\"summary_large_image\" \/>\n<meta name=\"twitter:label1\" content=\"Dur\u00e9e de lecture estim\u00e9e\" \/>\n\t<meta name=\"twitter:data1\" content=\"1 minute\" \/>\n<script type=\"application\/ld+json\" class=\"yoast-schema-graph\">{\"@context\":\"https:\/\/schema.org\",\"@graph\":[{\"@type\":\"WebPage\",\"@id\":\"https:\/\/dev.naiakitsu.fr\/dev1\/produit\/chemise-femme-a-configurer\/\",\"url\":\"https:\/\/dev.naiakitsu.fr\/dev1\/produit\/chemise-femme-a-configurer\/\",\"name\":\"Chemise Femme \u00e0 configurer - naiakitsu\",\"isPartOf\":{\"@id\":\"https:\/\/dev.naiakitsu.fr\/dev1\/#website\"},\"datePublished\":\"2021-11-23T15:14:23+00:00\",\"dateModified\":\"2023-02-01T09:11:03+00:00\",\"description\":\"La chemise Femme Naiakitsu configurable vous permet d'avoir plusieurs chemises, plusieurs styles, avec une seule chemise et ses accessoires amovibles.\",\"breadcrumb\":{\"@id\":\"https:\/\/dev.naiakitsu.fr\/dev1\/produit\/chemise-femme-a-configurer\/#breadcrumb\"},\"inLanguage\":\"fr-FR\",\"potentialAction\":[{\"@type\":\"ReadAction\",\"target\":[\"https:\/\/dev.naiakitsu.fr\/dev1\/produit\/chemise-femme-a-configurer\/\"]}]},{\"@type\":\"BreadcrumbList\",\"@id\":\"https:\/\/dev.naiakitsu.fr\/dev1\/produit\/chemise-femme-a-configurer\/#breadcrumb\",\"itemListElement\":[{\"@type\":\"ListItem\",\"position\":1,\"name\":\"Accueil\",\"item\":\"https:\/\/dev.naiakitsu.fr\/dev1\/\"},{\"@type\":\"ListItem\",\"position\":2,\"name\":\"E-shop\",\"item\":\"https:\/\/dev.naiakitsu.fr\/dev1\/e-shop\/\"},{\"@type\":\"ListItem\",\"position\":3,\"name\":\"Chemise Femme \u00e0 configurer\"}]},{\"@type\":\"WebSite\",\"@id\":\"https:\/\/dev.naiakitsu.fr\/dev1\/#website\",\"url\":\"https:\/\/dev.naiakitsu.fr\/dev1\/\",\"name\":\"naiakitsu\",\"description\":\"les basiques audacieux\",\"potentialAction\":[{\"@type\":\"SearchAction\",\"target\":{\"@type\":\"EntryPoint\",\"urlTemplate\":\"https:\/\/dev.naiakitsu.fr\/dev1\/?s={search_term_string}\"},\"query-input\":\"required name=search_term_string\"}],\"inLanguage\":\"fr-FR\"}]}<\/script>\n<!-- \/ Yoast SEO plugin. -->","yoast_head_json":{"title":"Chemise Femme \u00e0 configurer - naiakitsu","description":"La chemise Femme Naiakitsu configurable vous permet d'avoir plusieurs chemises, plusieurs styles, avec une seule chemise et ses accessoires amovibles.","robots":{"index":"index","follow":"follow","max-snippet":"max-snippet:-1","max-image-preview":"max-image-preview:large","max-video-preview":"max-video-preview:-1"},"canonical":"https:\/\/dev.naiakitsu.fr\/dev1\/produit\/chemise-femme-a-configurer\/","og_locale":"fr_FR","og_type":"article","og_title":"Chemise Femme \u00e0 configurer - naiakitsu","og_description":"La chemise Femme Naiakitsu configurable vous permet d'avoir plusieurs chemises, plusieurs styles, avec une seule chemise et ses accessoires amovibles.","og_url":"https:\/\/dev.naiakitsu.fr\/dev1\/produit\/chemise-femme-a-configurer\/","og_site_name":"naiakitsu","article_modified_time":"2023-02-01T09:11:03+00:00","og_image":[{"width":2010,"height":1706,"url":"https:\/\/dev.naiakitsu.fr\/dev1\/wp-content\/uploads\/Capture-decran-2022-02-23-a-18.45.19.png","type":"image\/png"}],"twitter_card":"summary_large_image","twitter_misc":{"Dur\u00e9e de lecture estim\u00e9e":"1 minute"},"schema":{"@context":"https:\/\/schema.org","@graph":[{"@type":"WebPage","@id":"https:\/\/dev.naiakitsu.fr\/dev1\/produit\/chemise-femme-a-configurer\/","url":"https:\/\/dev.naiakitsu.fr\/dev1\/produit\/chemise-femme-a-configurer\/","name":"Chemise Femme \u00e0 configurer - naiakitsu","isPartOf":{"@id":"https:\/\/dev.naiakitsu.fr\/dev1\/#website"},"datePublished":"2021-11-23T15:14:23+00:00","dateModified":"2023-02-01T09:11:03+00:00","description":"La chemise Femme Naiakitsu configurable vous permet d'avoir plusieurs chemises, plusieurs styles, avec une seule chemise et ses accessoires amovibles.","breadcrumb":{"@id":"https:\/\/dev.naiakitsu.fr\/dev1\/produit\/chemise-femme-a-configurer\/#breadcrumb"},"inLanguage":"fr-FR","potentialAction":[{"@type":"ReadAction","target":["https:\/\/dev.naiakitsu.fr\/dev1\/produit\/chemise-femme-a-configurer\/"]}]},{"@type":"BreadcrumbList","@id":"https:\/\/dev.naiakitsu.fr\/dev1\/produit\/chemise-femme-a-configurer\/#breadcrumb","itemListElement":[{"@type":"ListItem","position":1,"name":"Accueil","item":"https:\/\/dev.naiakitsu.fr\/dev1\/"},{"@type":"ListItem","position":2,"name":"E-shop","item":"https:\/\/dev.naiakitsu.fr\/dev1\/e-shop\/"},{"@type":"ListItem","position":3,"name":"Chemise Femme \u00e0 configurer"}]},{"@type":"WebSite","@id":"https:\/\/dev.naiakitsu.fr\/dev1\/#website","url":"https:\/\/dev.naiakitsu.fr\/dev1\/","name":"naiakitsu","description":"les basiques audacieux","potentialAction":[{"@type":"SearchAction","target":{"@type":"EntryPoint","urlTemplate":"https:\/\/dev.naiakitsu.fr\/dev1\/?s={search_term_string}"},"query-input":"required name=search_term_string"}],"inLanguage":"fr-FR"}]}},"_links":{"self":[{"href":"https:\/\/dev.naiakitsu.fr\/dev1\/wp-json\/wp\/v2\/product\/3853"}],"collection":[{"href":"https:\/\/dev.naiakitsu.fr\/dev1\/wp-json\/wp\/v2\/product"}],"about":[{"href":"https:\/\/dev.naiakitsu.fr\/dev1\/wp-json\/wp\/v2\/types\/product"}],"wp:featuredmedia":[{"embeddable":true,"href":"https:\/\/dev.naiakitsu.fr\/dev1\/wp-json\/wp\/v2\/media\/8388"}],"wp:attachment":[{"href":"https:\/\/dev.naiakitsu.fr\/dev1\/wp-json\/wp\/v2\/media?parent=3853"}],"wp:term":[{"taxonomy":"product_cat","embeddable":true,"href":"https:\/\/dev.naiakitsu.fr\/dev1\/wp-json\/wp\/v2\/product_cat?post=3853"},{"taxonomy":"product_tag","embeddable":true,"href":"https:\/\/dev.naiakitsu.fr\/dev1\/wp-json\/wp\/v2\/product_tag?post=3853"}],"curies":[{"name":"wp","href":"https:\/\/api.w.org\/{rel}","templated":true}]}}