{"id":3848,"date":"2021-11-23T16:09:57","date_gmt":"2021-11-23T15:09:57","guid":{"rendered":"https:\/\/www.naiakitsu.fr\/?post_type=product&#038;p=3848"},"modified":"2023-01-30T19:09:55","modified_gmt":"2023-01-30T18:09:55","slug":"sweat-capuche-homme-a-configurer","status":"publish","type":"product","link":"https:\/\/dev.naiakitsu.fr\/dev1\/produit\/sweat-capuche-homme-a-configurer\/","title":{"rendered":"Sweat capuche &#8220;INDUS&#8221; homme \u00e0 configurer"},"content":{"rendered":"<p>A vous de configurer Votre sweat capuche Naiakitsu pr\u00e9f\u00e9r\u00e9, avec notre configurateur 3D. Il vous aidera \u00e0 visualiser au mieux le rendu final ! Alors, s\u00e9lectionnez ta taille, la couleur du corps de votre sweat capuche, votre capuche, votre poche et le tour est jou\u00e9 !<\/p>\n<p>Si vous voulez ajouter d&#8217;autres poches ou d&#8217;autres capuches dans votre panier, vous pouvez les retrouver dans la section accessoires de la boutique !<\/p>\n<p>Pour rentrer dans le monde de NAIAKITSU et dans l&#8217;Aventure de la NAIAFACTORY, cela ne tient qu&#8217;\u00e0 vous et \u00e0 quelques Clics.<\/p>\n","protected":false},"excerpt":{"rendered":"<p>A vous de configurer Votre sweat capuche Naiakitsu pr\u00e9f\u00e9r\u00e9, avec notre configurateur 3D. Il vous aidera \u00e0 visualiser au mieux le rendu final ! Alors, s\u00e9lectionnez ta taille, la couleur du corps de votre sweat capuche, votre capuche, votre poche et le tour est jou\u00e9 ! Si vous voulez ajouter d&#8217;autres poches ou d&#8217;autres capuches [&hellip;]<\/p>\n","protected":false},"featured_media":10205,"template":"","meta":[],"product_cat":[15,34],"product_tag":[],"composite_virtual":false,"composite_layout":"paged-componentized","composite_add_to_cart_form_location":"default","composite_editable_in_cart":false,"composite_sold_individually_context":"product","composite_shop_price_calc":"defaults","composite_components":[{"id":"1633437120","title":"Sweat CAPUCHE ","description":"","query_type":"product_ids","query_ids":[282],"default_option_id":282,"thumbnail_id":"","thumbnail_src":"","quantity_min":1,"quantity_max":4,"priced_individually":true,"shipped_individually":true,"optional":false,"discount":"","options_style":"dropdowns","pagination_style":"classic","display_prices":"absolute","show_sorting_options":false,"show_filtering_options":false,"attribute_filter_ids":[],"product_title_visible":true,"product_descr_visible":true,"product_price_visible":true,"product_thumb_visible":true,"subtotal_visible_product":true,"subtotal_visible_cart":true,"subtotal_visible_orders":true},{"id":"1637683766","title":"POCHE SWEAT CAPUCHE","description":"","query_type":"product_ids","query_ids":[395],"default_option_id":395,"thumbnail_id":"","thumbnail_src":"","quantity_min":1,"quantity_max":4,"priced_individually":true,"shipped_individually":true,"optional":true,"discount":"","options_style":"dropdowns","pagination_style":"classic","display_prices":"absolute","show_sorting_options":false,"show_filtering_options":false,"attribute_filter_ids":[],"product_title_visible":true,"product_descr_visible":true,"product_price_visible":true,"product_thumb_visible":true,"subtotal_visible_product":true,"subtotal_visible_cart":true,"subtotal_visible_orders":true},{"id":"1638360787","title":"CAPUCHE SWEAT CAPUCHE","description":"","query_type":"product_ids","query_ids":[922],"default_option_id":922,"thumbnail_id":"","thumbnail_src":"","quantity_min":1,"quantity_max":4,"priced_individually":true,"shipped_individually":true,"optional":true,"discount":"","options_style":"dropdowns","pagination_style":"classic","display_prices":"absolute","show_sorting_options":false,"show_filtering_options":false,"attribute_filter_ids":[],"product_title_visible":true,"product_descr_visible":true,"product_price_visible":true,"product_thumb_visible":true,"subtotal_visible_product":true,"subtotal_visible_cart":true,"subtotal_visible_orders":true}],"composite_scenarios":[],"bundled_by":[],"bundle_stock_status":"instock","bundle_stock_quantity":100,"bundle_virtual":false,"bundle_layout":"","bundle_add_to_cart_form_location":"","bundle_editable_in_cart":false,"bundle_sold_individually_context":"","bundle_item_grouping":"","bundle_min_size":"","bundle_max_size":"","bundled_items":[],"acf":[],"yoast_head":"<!-- This site is optimized with the Yoast SEO plugin v19.10 - https:\/\/yoast.com\/wordpress\/plugins\/seo\/ -->\n<title>Sweat capuche &quot;INDUS&quot; homme \u00e0 configurer - naiakitsu<\/title>\n<meta name=\"description\" content=\"Retrouvez ici l&#039;Adn de NAIAKITSU. Choisissez votre couleur de sweat capuche &quot;INDUS&quot; homme, poche, capuche unie ou ray\u00e9e et le tour est jou\u00e9 !\" \/>\n<meta name=\"robots\" content=\"index, follow, max-snippet:-1, max-image-preview:large, max-video-preview:-1\" \/>\n<link rel=\"canonical\" href=\"https:\/\/dev.naiakitsu.fr\/dev1\/produit\/sweat-capuche-homme-a-configurer\/\" \/>\n<meta property=\"og:locale\" content=\"fr_FR\" \/>\n<meta property=\"og:type\" content=\"article\" \/>\n<meta property=\"og:title\" content=\"Sweat capuche &quot;INDUS&quot; homme \u00e0 configurer - naiakitsu\" \/>\n<meta property=\"og:description\" content=\"Retrouvez ici l&#039;Adn de NAIAKITSU. Choisissez votre couleur de sweat capuche &quot;INDUS&quot; homme, poche, capuche unie ou ray\u00e9e et le tour est jou\u00e9 !\" \/>\n<meta property=\"og:url\" content=\"https:\/\/dev.naiakitsu.fr\/dev1\/produit\/sweat-capuche-homme-a-configurer\/\" \/>\n<meta property=\"og:site_name\" content=\"naiakitsu\" \/>\n<meta property=\"article:modified_time\" content=\"2023-01-30T18:09:55+00:00\" \/>\n<meta property=\"og:image\" content=\"https:\/\/dev.naiakitsu.fr\/dev1\/wp-content\/uploads\/A-configurer-SWC-Homme-2.jpg\" \/>\n\t<meta property=\"og:image:width\" content=\"416\" \/>\n\t<meta property=\"og:image:height\" content=\"418\" \/>\n\t<meta property=\"og:image:type\" content=\"image\/jpeg\" \/>\n<meta name=\"twitter:card\" content=\"summary_large_image\" \/>\n<meta name=\"twitter:label1\" content=\"Dur\u00e9e de lecture estim\u00e9e\" \/>\n\t<meta name=\"twitter:data1\" content=\"1 minute\" \/>\n<script type=\"application\/ld+json\" class=\"yoast-schema-graph\">{\"@context\":\"https:\/\/schema.org\",\"@graph\":[{\"@type\":\"WebPage\",\"@id\":\"https:\/\/dev.naiakitsu.fr\/dev1\/produit\/sweat-capuche-homme-a-configurer\/\",\"url\":\"https:\/\/dev.naiakitsu.fr\/dev1\/produit\/sweat-capuche-homme-a-configurer\/\",\"name\":\"Sweat capuche \\\"INDUS\\\" homme \u00e0 configurer - naiakitsu\",\"isPartOf\":{\"@id\":\"https:\/\/dev.naiakitsu.fr\/dev1\/#website\"},\"datePublished\":\"2021-11-23T15:09:57+00:00\",\"dateModified\":\"2023-01-30T18:09:55+00:00\",\"description\":\"Retrouvez ici l'Adn de NAIAKITSU. Choisissez votre couleur de sweat capuche \\\"INDUS\\\" homme, poche, capuche unie ou ray\u00e9e et le tour est jou\u00e9 !\",\"breadcrumb\":{\"@id\":\"https:\/\/dev.naiakitsu.fr\/dev1\/produit\/sweat-capuche-homme-a-configurer\/#breadcrumb\"},\"inLanguage\":\"fr-FR\",\"potentialAction\":[{\"@type\":\"ReadAction\",\"target\":[\"https:\/\/dev.naiakitsu.fr\/dev1\/produit\/sweat-capuche-homme-a-configurer\/\"]}]},{\"@type\":\"BreadcrumbList\",\"@id\":\"https:\/\/dev.naiakitsu.fr\/dev1\/produit\/sweat-capuche-homme-a-configurer\/#breadcrumb\",\"itemListElement\":[{\"@type\":\"ListItem\",\"position\":1,\"name\":\"Accueil\",\"item\":\"https:\/\/dev.naiakitsu.fr\/dev1\/\"},{\"@type\":\"ListItem\",\"position\":2,\"name\":\"E-shop\",\"item\":\"https:\/\/dev.naiakitsu.fr\/dev1\/e-shop\/\"},{\"@type\":\"ListItem\",\"position\":3,\"name\":\"Sweat capuche &#8220;INDUS&#8221; homme \u00e0 configurer\"}]},{\"@type\":\"WebSite\",\"@id\":\"https:\/\/dev.naiakitsu.fr\/dev1\/#website\",\"url\":\"https:\/\/dev.naiakitsu.fr\/dev1\/\",\"name\":\"naiakitsu\",\"description\":\"les basiques audacieux\",\"potentialAction\":[{\"@type\":\"SearchAction\",\"target\":{\"@type\":\"EntryPoint\",\"urlTemplate\":\"https:\/\/dev.naiakitsu.fr\/dev1\/?s={search_term_string}\"},\"query-input\":\"required name=search_term_string\"}],\"inLanguage\":\"fr-FR\"}]}<\/script>\n<!-- \/ Yoast SEO plugin. -->","yoast_head_json":{"title":"Sweat capuche \"INDUS\" homme \u00e0 configurer - naiakitsu","description":"Retrouvez ici l'Adn de NAIAKITSU. Choisissez votre couleur de sweat capuche \"INDUS\" homme, poche, capuche unie ou ray\u00e9e et le tour est jou\u00e9 !","robots":{"index":"index","follow":"follow","max-snippet":"max-snippet:-1","max-image-preview":"max-image-preview:large","max-video-preview":"max-video-preview:-1"},"canonical":"https:\/\/dev.naiakitsu.fr\/dev1\/produit\/sweat-capuche-homme-a-configurer\/","og_locale":"fr_FR","og_type":"article","og_title":"Sweat capuche \"INDUS\" homme \u00e0 configurer - naiakitsu","og_description":"Retrouvez ici l'Adn de NAIAKITSU. Choisissez votre couleur de sweat capuche \"INDUS\" homme, poche, capuche unie ou ray\u00e9e et le tour est jou\u00e9 !","og_url":"https:\/\/dev.naiakitsu.fr\/dev1\/produit\/sweat-capuche-homme-a-configurer\/","og_site_name":"naiakitsu","article_modified_time":"2023-01-30T18:09:55+00:00","og_image":[{"width":416,"height":418,"url":"https:\/\/dev.naiakitsu.fr\/dev1\/wp-content\/uploads\/A-configurer-SWC-Homme-2.jpg","type":"image\/jpeg"}],"twitter_card":"summary_large_image","twitter_misc":{"Dur\u00e9e de lecture estim\u00e9e":"1 minute"},"schema":{"@context":"https:\/\/schema.org","@graph":[{"@type":"WebPage","@id":"https:\/\/dev.naiakitsu.fr\/dev1\/produit\/sweat-capuche-homme-a-configurer\/","url":"https:\/\/dev.naiakitsu.fr\/dev1\/produit\/sweat-capuche-homme-a-configurer\/","name":"Sweat capuche \"INDUS\" homme \u00e0 configurer - naiakitsu","isPartOf":{"@id":"https:\/\/dev.naiakitsu.fr\/dev1\/#website"},"datePublished":"2021-11-23T15:09:57+00:00","dateModified":"2023-01-30T18:09:55+00:00","description":"Retrouvez ici l'Adn de NAIAKITSU. Choisissez votre couleur de sweat capuche \"INDUS\" homme, poche, capuche unie ou ray\u00e9e et le tour est jou\u00e9 !","breadcrumb":{"@id":"https:\/\/dev.naiakitsu.fr\/dev1\/produit\/sweat-capuche-homme-a-configurer\/#breadcrumb"},"inLanguage":"fr-FR","potentialAction":[{"@type":"ReadAction","target":["https:\/\/dev.naiakitsu.fr\/dev1\/produit\/sweat-capuche-homme-a-configurer\/"]}]},{"@type":"BreadcrumbList","@id":"https:\/\/dev.naiakitsu.fr\/dev1\/produit\/sweat-capuche-homme-a-configurer\/#breadcrumb","itemListElement":[{"@type":"ListItem","position":1,"name":"Accueil","item":"https:\/\/dev.naiakitsu.fr\/dev1\/"},{"@type":"ListItem","position":2,"name":"E-shop","item":"https:\/\/dev.naiakitsu.fr\/dev1\/e-shop\/"},{"@type":"ListItem","position":3,"name":"Sweat capuche &#8220;INDUS&#8221; homme \u00e0 configurer"}]},{"@type":"WebSite","@id":"https:\/\/dev.naiakitsu.fr\/dev1\/#website","url":"https:\/\/dev.naiakitsu.fr\/dev1\/","name":"naiakitsu","description":"les basiques audacieux","potentialAction":[{"@type":"SearchAction","target":{"@type":"EntryPoint","urlTemplate":"https:\/\/dev.naiakitsu.fr\/dev1\/?s={search_term_string}"},"query-input":"required name=search_term_string"}],"inLanguage":"fr-FR"}]}},"_links":{"self":[{"href":"https:\/\/dev.naiakitsu.fr\/dev1\/wp-json\/wp\/v2\/product\/3848"}],"collection":[{"href":"https:\/\/dev.naiakitsu.fr\/dev1\/wp-json\/wp\/v2\/product"}],"about":[{"href":"https:\/\/dev.naiakitsu.fr\/dev1\/wp-json\/wp\/v2\/types\/product"}],"wp:featuredmedia":[{"embeddable":true,"href":"https:\/\/dev.naiakitsu.fr\/dev1\/wp-json\/wp\/v2\/media\/10205"}],"wp:attachment":[{"href":"https:\/\/dev.naiakitsu.fr\/dev1\/wp-json\/wp\/v2\/media?parent=3848"}],"wp:term":[{"taxonomy":"product_cat","embeddable":true,"href":"https:\/\/dev.naiakitsu.fr\/dev1\/wp-json\/wp\/v2\/product_cat?post=3848"},{"taxonomy":"product_tag","embeddable":true,"href":"https:\/\/dev.naiakitsu.fr\/dev1\/wp-json\/wp\/v2\/product_tag?post=3848"}],"curies":[{"name":"wp","href":"https:\/\/api.w.org\/{rel}","templated":true}]}}