{"id":2155,"date":"2021-11-14T22:00:17","date_gmt":"2021-11-14T21:00:17","guid":{"rendered":"https:\/\/www.naiakitsu.fr\/?post_type=product&#038;p=2155"},"modified":"2023-01-30T15:43:54","modified_gmt":"2023-01-30T14:43:54","slug":"tote-bag","status":"publish","type":"product","link":"https:\/\/dev.naiakitsu.fr\/dev1\/produit\/tote-bag\/","title":{"rendered":"Totebag transformable en coton recycl\u00e9"},"content":{"rendered":"<p>On ne sait pas pour toi, mais nous chez Naiakitsu, on est toujours \u00e0 la recherche d&#8217;un petit sac l\u00e9ger, pratique et original. Pour faire les courses, remplacer nos sacs \u00e0 main, aller \u00e0 la piscine ou glisser nos baskets pour notre marche rapide entre midi et deux ! Le totebag Naikitsu est LA solution ! Il se plie en pochon et se glisse discr\u00e8tement dans un sac \u00e0 dos ou dans ton sac \u00e0 main ! Il est tiss\u00e9 et confectionn\u00e9 en France et est constitu\u00e9 de 59 % de coton recycl\u00e9 et de 41 % de fils recycl\u00e9s (Polyester, polyamide et acrylique etc..).\u00a0 Son tissage Jacquard r\u00e9v\u00e8le de fa\u00e7on \u00e9l\u00e9gante notre jolie libellulle pour rendre joli l&#8217;utile et \u00e9vite l&#8217;utilisation d&#8217;encres. Ton Tote-bag contribue \u00e0 sa fa\u00e7on, \u00e0 pr\u00e9server notre environnement.<\/p>\n<p>Ce sac comme tout nos produits est fabriqu\u00e9 en France et soutient des emplois dans une tr\u00e8s belle entreprise de la Loire !<\/p>\n<p>Son Format : H36 cm &#8211; Largeur\u00a0 37 cm &#8211; Poids maxi de charge : 15 kg<\/p>\n<p>&nbsp;<\/p>\n","protected":false},"excerpt":{"rendered":"<p>On ne sait pas pour toi, mais nous chez Naiakitsu, on est toujours \u00e0 la recherche d&#8217;un petit sac l\u00e9ger, pratique et original. Pour faire les courses, remplacer nos sacs \u00e0 main, aller \u00e0 la piscine ou glisser nos baskets pour notre marche rapide entre midi et deux ! Le totebag Naikitsu est LA solution [&hellip;]<\/p>\n","protected":false},"featured_media":16042,"template":"","meta":[],"product_cat":[298],"product_tag":[],"composite_virtual":false,"composite_layout":"","composite_add_to_cart_form_location":"","composite_editable_in_cart":false,"composite_sold_individually_context":"","composite_shop_price_calc":"","composite_components":[],"composite_scenarios":[],"bundled_by":[],"bundle_stock_status":"instock","bundle_stock_quantity":870,"bundle_virtual":false,"bundle_layout":"","bundle_add_to_cart_form_location":"","bundle_editable_in_cart":false,"bundle_sold_individually_context":"","bundle_item_grouping":"","bundle_min_size":"","bundle_max_size":"","bundled_items":[],"acf":[],"yoast_head":"<!-- This site is optimized with the Yoast SEO plugin v19.10 - https:\/\/yoast.com\/wordpress\/plugins\/seo\/ -->\n<title>Totebag transformable en coton recycl\u00e9 - naiakitsu<\/title>\n<meta name=\"description\" content=\"Il se plie en pochon et se glisse discr\u00e8tement dans un sac \u00e0 dos ou dans ton sac \u00e0 main ! C&#039;est tout l&#039;esprit de Naiakitsu, Les Basiques Audacieux !\" \/>\n<meta name=\"robots\" content=\"index, follow, max-snippet:-1, max-image-preview:large, max-video-preview:-1\" \/>\n<link rel=\"canonical\" href=\"https:\/\/dev.naiakitsu.fr\/dev1\/produit\/tote-bag\/\" \/>\n<meta property=\"og:locale\" content=\"fr_FR\" \/>\n<meta property=\"og:type\" content=\"article\" \/>\n<meta property=\"og:title\" content=\"Totebag transformable en coton recycl\u00e9 - naiakitsu\" \/>\n<meta property=\"og:description\" content=\"Il se plie en pochon et se glisse discr\u00e8tement dans un sac \u00e0 dos ou dans ton sac \u00e0 main ! C&#039;est tout l&#039;esprit de Naiakitsu, Les Basiques Audacieux !\" \/>\n<meta property=\"og:url\" content=\"https:\/\/dev.naiakitsu.fr\/dev1\/produit\/tote-bag\/\" \/>\n<meta property=\"og:site_name\" content=\"naiakitsu\" \/>\n<meta property=\"article:modified_time\" content=\"2023-01-30T14:43:54+00:00\" \/>\n<meta property=\"og:image\" content=\"https:\/\/dev.naiakitsu.fr\/dev1\/wp-content\/uploads\/Totebag-velo-2.jpg\" \/>\n\t<meta property=\"og:image:width\" content=\"1067\" \/>\n\t<meta property=\"og:image:height\" content=\"1600\" \/>\n\t<meta property=\"og:image:type\" content=\"image\/jpeg\" \/>\n<meta name=\"twitter:card\" content=\"summary_large_image\" \/>\n<meta name=\"twitter:label1\" content=\"Dur\u00e9e de lecture estim\u00e9e\" \/>\n\t<meta name=\"twitter:data1\" content=\"1 minute\" \/>\n<script type=\"application\/ld+json\" class=\"yoast-schema-graph\">{\"@context\":\"https:\/\/schema.org\",\"@graph\":[{\"@type\":\"WebPage\",\"@id\":\"https:\/\/dev.naiakitsu.fr\/dev1\/produit\/tote-bag\/\",\"url\":\"https:\/\/dev.naiakitsu.fr\/dev1\/produit\/tote-bag\/\",\"name\":\"Totebag transformable en coton recycl\u00e9 - naiakitsu\",\"isPartOf\":{\"@id\":\"https:\/\/dev.naiakitsu.fr\/dev1\/#website\"},\"datePublished\":\"2021-11-14T21:00:17+00:00\",\"dateModified\":\"2023-01-30T14:43:54+00:00\",\"description\":\"Il se plie en pochon et se glisse discr\u00e8tement dans un sac \u00e0 dos ou dans ton sac \u00e0 main ! C'est tout l'esprit de Naiakitsu, Les Basiques Audacieux !\",\"breadcrumb\":{\"@id\":\"https:\/\/dev.naiakitsu.fr\/dev1\/produit\/tote-bag\/#breadcrumb\"},\"inLanguage\":\"fr-FR\",\"potentialAction\":[{\"@type\":\"ReadAction\",\"target\":[\"https:\/\/dev.naiakitsu.fr\/dev1\/produit\/tote-bag\/\"]}]},{\"@type\":\"BreadcrumbList\",\"@id\":\"https:\/\/dev.naiakitsu.fr\/dev1\/produit\/tote-bag\/#breadcrumb\",\"itemListElement\":[{\"@type\":\"ListItem\",\"position\":1,\"name\":\"Accueil\",\"item\":\"https:\/\/dev.naiakitsu.fr\/dev1\/\"},{\"@type\":\"ListItem\",\"position\":2,\"name\":\"E-shop\",\"item\":\"https:\/\/dev.naiakitsu.fr\/dev1\/e-shop\/\"},{\"@type\":\"ListItem\",\"position\":3,\"name\":\"Totebag transformable en coton recycl\u00e9\"}]},{\"@type\":\"WebSite\",\"@id\":\"https:\/\/dev.naiakitsu.fr\/dev1\/#website\",\"url\":\"https:\/\/dev.naiakitsu.fr\/dev1\/\",\"name\":\"naiakitsu\",\"description\":\"les basiques audacieux\",\"potentialAction\":[{\"@type\":\"SearchAction\",\"target\":{\"@type\":\"EntryPoint\",\"urlTemplate\":\"https:\/\/dev.naiakitsu.fr\/dev1\/?s={search_term_string}\"},\"query-input\":\"required name=search_term_string\"}],\"inLanguage\":\"fr-FR\"}]}<\/script>\n<!-- \/ Yoast SEO plugin. -->","yoast_head_json":{"title":"Totebag transformable en coton recycl\u00e9 - naiakitsu","description":"Il se plie en pochon et se glisse discr\u00e8tement dans un sac \u00e0 dos ou dans ton sac \u00e0 main ! C'est tout l'esprit de Naiakitsu, Les Basiques Audacieux !","robots":{"index":"index","follow":"follow","max-snippet":"max-snippet:-1","max-image-preview":"max-image-preview:large","max-video-preview":"max-video-preview:-1"},"canonical":"https:\/\/dev.naiakitsu.fr\/dev1\/produit\/tote-bag\/","og_locale":"fr_FR","og_type":"article","og_title":"Totebag transformable en coton recycl\u00e9 - naiakitsu","og_description":"Il se plie en pochon et se glisse discr\u00e8tement dans un sac \u00e0 dos ou dans ton sac \u00e0 main ! C'est tout l'esprit de Naiakitsu, Les Basiques Audacieux !","og_url":"https:\/\/dev.naiakitsu.fr\/dev1\/produit\/tote-bag\/","og_site_name":"naiakitsu","article_modified_time":"2023-01-30T14:43:54+00:00","og_image":[{"width":1067,"height":1600,"url":"https:\/\/dev.naiakitsu.fr\/dev1\/wp-content\/uploads\/Totebag-velo-2.jpg","type":"image\/jpeg"}],"twitter_card":"summary_large_image","twitter_misc":{"Dur\u00e9e de lecture estim\u00e9e":"1 minute"},"schema":{"@context":"https:\/\/schema.org","@graph":[{"@type":"WebPage","@id":"https:\/\/dev.naiakitsu.fr\/dev1\/produit\/tote-bag\/","url":"https:\/\/dev.naiakitsu.fr\/dev1\/produit\/tote-bag\/","name":"Totebag transformable en coton recycl\u00e9 - naiakitsu","isPartOf":{"@id":"https:\/\/dev.naiakitsu.fr\/dev1\/#website"},"datePublished":"2021-11-14T21:00:17+00:00","dateModified":"2023-01-30T14:43:54+00:00","description":"Il se plie en pochon et se glisse discr\u00e8tement dans un sac \u00e0 dos ou dans ton sac \u00e0 main ! C'est tout l'esprit de Naiakitsu, Les Basiques Audacieux !","breadcrumb":{"@id":"https:\/\/dev.naiakitsu.fr\/dev1\/produit\/tote-bag\/#breadcrumb"},"inLanguage":"fr-FR","potentialAction":[{"@type":"ReadAction","target":["https:\/\/dev.naiakitsu.fr\/dev1\/produit\/tote-bag\/"]}]},{"@type":"BreadcrumbList","@id":"https:\/\/dev.naiakitsu.fr\/dev1\/produit\/tote-bag\/#breadcrumb","itemListElement":[{"@type":"ListItem","position":1,"name":"Accueil","item":"https:\/\/dev.naiakitsu.fr\/dev1\/"},{"@type":"ListItem","position":2,"name":"E-shop","item":"https:\/\/dev.naiakitsu.fr\/dev1\/e-shop\/"},{"@type":"ListItem","position":3,"name":"Totebag transformable en coton recycl\u00e9"}]},{"@type":"WebSite","@id":"https:\/\/dev.naiakitsu.fr\/dev1\/#website","url":"https:\/\/dev.naiakitsu.fr\/dev1\/","name":"naiakitsu","description":"les basiques audacieux","potentialAction":[{"@type":"SearchAction","target":{"@type":"EntryPoint","urlTemplate":"https:\/\/dev.naiakitsu.fr\/dev1\/?s={search_term_string}"},"query-input":"required name=search_term_string"}],"inLanguage":"fr-FR"}]}},"_links":{"self":[{"href":"https:\/\/dev.naiakitsu.fr\/dev1\/wp-json\/wp\/v2\/product\/2155"}],"collection":[{"href":"https:\/\/dev.naiakitsu.fr\/dev1\/wp-json\/wp\/v2\/product"}],"about":[{"href":"https:\/\/dev.naiakitsu.fr\/dev1\/wp-json\/wp\/v2\/types\/product"}],"wp:featuredmedia":[{"embeddable":true,"href":"https:\/\/dev.naiakitsu.fr\/dev1\/wp-json\/wp\/v2\/media\/16042"}],"wp:attachment":[{"href":"https:\/\/dev.naiakitsu.fr\/dev1\/wp-json\/wp\/v2\/media?parent=2155"}],"wp:term":[{"taxonomy":"product_cat","embeddable":true,"href":"https:\/\/dev.naiakitsu.fr\/dev1\/wp-json\/wp\/v2\/product_cat?post=2155"},{"taxonomy":"product_tag","embeddable":true,"href":"https:\/\/dev.naiakitsu.fr\/dev1\/wp-json\/wp\/v2\/product_tag?post=2155"}],"curies":[{"name":"wp","href":"https:\/\/api.w.org\/{rel}","templated":true}]}}