{"id":2098,"date":"2021-11-12T16:19:14","date_gmt":"2021-11-12T15:19:14","guid":{"rendered":"https:\/\/www.naiakitsu.fr\/?post_type=product&#038;p=2098"},"modified":"2022-10-14T11:49:27","modified_gmt":"2022-10-14T09:49:27","slug":"bracelet-t-shirt-homme","status":"publish","type":"product","link":"https:\/\/dev.naiakitsu.fr\/dev1\/produit\/bracelet-t-shirt-homme\/","title":{"rendered":"Bracelets pour t-shirt et polo en jersey l\u00e9ger homme"},"content":{"rendered":"<p>Nos bracelets en coton bio GOTS,\u00a0 vous permettent de donner un c\u00f4t\u00e9 original \u00e0 votre T-shirt. Jouez avec les couleurs et les effets de superpositions.<br \/>\nLes bracelets sont \u00e9galement compatibles avec les polos Naiakitsu et vous permettent d&#8217;ajouter un effet mati\u00e8re.<\/p>\n<p>Avec ce bracelet et le T-Shirt ou Polo NAIAKITSU, vous pouvez obtenir 2 versions de T-shirt &#8220;BIO&#8221; et 2 versions de Polo. D&#8217;un v\u00eatement tiss\u00e9 et confectionn\u00e9 en France NAIAKITSU, vous avez\u00a0 2 ou 4 versions de v\u00eatements possibles avec ces bracelets.<\/p>\n<p>Ici commence si vous le voulez, l&#8217;aventure dans la NAIAFACTORY, o\u00f9 la cr\u00e9ation et votre participation \u00e0 la vie d&#8217;une marque,\u00a0 celle de NAIAKITSU, est enfin possible.<\/p>\n<p>Vous pouvez jouer avec notre \u00a0configurateur 3D,\u00a0 et visualiser le rendu de votre v\u00eatement avec ces bracelets !<\/p>\n","protected":false},"excerpt":{"rendered":"<p>Nos bracelets en coton bio GOTS,\u00a0 vous permettent de donner un c\u00f4t\u00e9 original \u00e0 votre T-shirt. Jouez avec les couleurs et les effets de superpositions. Les bracelets sont \u00e9galement compatibles avec les polos Naiakitsu et vous permettent d&#8217;ajouter un effet mati\u00e8re. Avec ce bracelet et le T-Shirt ou Polo NAIAKITSU, vous pouvez obtenir 2 versions [&hellip;]<\/p>\n","protected":false},"featured_media":7205,"template":"","meta":[],"product_cat":[15,119,171,130,37],"product_tag":[],"composite_virtual":false,"composite_layout":"","composite_add_to_cart_form_location":"","composite_editable_in_cart":false,"composite_sold_individually_context":"","composite_shop_price_calc":"","composite_components":[],"composite_scenarios":[],"bundled_by":[],"bundle_stock_status":"instock","bundle_stock_quantity":null,"bundle_virtual":false,"bundle_layout":"","bundle_add_to_cart_form_location":"","bundle_editable_in_cart":false,"bundle_sold_individually_context":"","bundle_item_grouping":"","bundle_min_size":"","bundle_max_size":"","bundled_items":[],"acf":[],"yoast_head":"<!-- This site is optimized with the Yoast SEO plugin v19.10 - https:\/\/yoast.com\/wordpress\/plugins\/seo\/ -->\n<title>Bracelets pour t-shirt et polo en jersey l\u00e9ger homme - naiakitsu<\/title>\n<meta name=\"description\" content=\"Modifier l&#039;aspect de votre T-Shirt en ajoutant des bracelets de couleurs aux manches, c&#039;est tout le concept &amp; l&#039;esprit de Naiakitsu.\" \/>\n<meta name=\"robots\" content=\"index, follow, max-snippet:-1, max-image-preview:large, max-video-preview:-1\" \/>\n<link rel=\"canonical\" href=\"https:\/\/dev.naiakitsu.fr\/dev1\/produit\/bracelet-t-shirt-homme\/\" \/>\n<meta property=\"og:locale\" content=\"fr_FR\" \/>\n<meta property=\"og:type\" content=\"article\" \/>\n<meta property=\"og:title\" content=\"Bracelets pour t-shirt et polo en jersey l\u00e9ger homme - naiakitsu\" \/>\n<meta property=\"og:description\" content=\"Modifier l&#039;aspect de votre T-Shirt en ajoutant des bracelets de couleurs aux manches, c&#039;est tout le concept &amp; l&#039;esprit de Naiakitsu.\" \/>\n<meta property=\"og:url\" content=\"https:\/\/dev.naiakitsu.fr\/dev1\/produit\/bracelet-t-shirt-homme\/\" \/>\n<meta property=\"og:site_name\" content=\"naiakitsu\" \/>\n<meta property=\"article:modified_time\" content=\"2022-10-14T09:49:27+00:00\" \/>\n<meta property=\"og:image\" content=\"https:\/\/dev.naiakitsu.fr\/dev1\/wp-content\/uploads\/Bracelets-TSH-H-1-scaled.jpg\" \/>\n\t<meta property=\"og:image:width\" content=\"2560\" \/>\n\t<meta property=\"og:image:height\" content=\"1920\" \/>\n\t<meta property=\"og:image:type\" content=\"image\/jpeg\" \/>\n<meta name=\"twitter:card\" content=\"summary_large_image\" \/>\n<meta name=\"twitter:label1\" content=\"Dur\u00e9e de lecture estim\u00e9e\" \/>\n\t<meta name=\"twitter:data1\" content=\"1 minute\" \/>\n<script type=\"application\/ld+json\" class=\"yoast-schema-graph\">{\"@context\":\"https:\/\/schema.org\",\"@graph\":[{\"@type\":\"WebPage\",\"@id\":\"https:\/\/dev.naiakitsu.fr\/dev1\/produit\/bracelet-t-shirt-homme\/\",\"url\":\"https:\/\/dev.naiakitsu.fr\/dev1\/produit\/bracelet-t-shirt-homme\/\",\"name\":\"Bracelets pour t-shirt et polo en jersey l\u00e9ger homme - naiakitsu\",\"isPartOf\":{\"@id\":\"https:\/\/dev.naiakitsu.fr\/dev1\/#website\"},\"datePublished\":\"2021-11-12T15:19:14+00:00\",\"dateModified\":\"2022-10-14T09:49:27+00:00\",\"description\":\"Modifier l'aspect de votre T-Shirt en ajoutant des bracelets de couleurs aux manches, c'est tout le concept & l'esprit de Naiakitsu.\",\"breadcrumb\":{\"@id\":\"https:\/\/dev.naiakitsu.fr\/dev1\/produit\/bracelet-t-shirt-homme\/#breadcrumb\"},\"inLanguage\":\"fr-FR\",\"potentialAction\":[{\"@type\":\"ReadAction\",\"target\":[\"https:\/\/dev.naiakitsu.fr\/dev1\/produit\/bracelet-t-shirt-homme\/\"]}]},{\"@type\":\"BreadcrumbList\",\"@id\":\"https:\/\/dev.naiakitsu.fr\/dev1\/produit\/bracelet-t-shirt-homme\/#breadcrumb\",\"itemListElement\":[{\"@type\":\"ListItem\",\"position\":1,\"name\":\"Accueil\",\"item\":\"https:\/\/dev.naiakitsu.fr\/dev1\/\"},{\"@type\":\"ListItem\",\"position\":2,\"name\":\"E-shop\",\"item\":\"https:\/\/dev.naiakitsu.fr\/dev1\/e-shop\/\"},{\"@type\":\"ListItem\",\"position\":3,\"name\":\"Bracelets pour t-shirt et polo en jersey l\u00e9ger homme\"}]},{\"@type\":\"WebSite\",\"@id\":\"https:\/\/dev.naiakitsu.fr\/dev1\/#website\",\"url\":\"https:\/\/dev.naiakitsu.fr\/dev1\/\",\"name\":\"naiakitsu\",\"description\":\"les basiques audacieux\",\"potentialAction\":[{\"@type\":\"SearchAction\",\"target\":{\"@type\":\"EntryPoint\",\"urlTemplate\":\"https:\/\/dev.naiakitsu.fr\/dev1\/?s={search_term_string}\"},\"query-input\":\"required name=search_term_string\"}],\"inLanguage\":\"fr-FR\"}]}<\/script>\n<!-- \/ Yoast SEO plugin. -->","yoast_head_json":{"title":"Bracelets pour t-shirt et polo en jersey l\u00e9ger homme - naiakitsu","description":"Modifier l'aspect de votre T-Shirt en ajoutant des bracelets de couleurs aux manches, c'est tout le concept & l'esprit de Naiakitsu.","robots":{"index":"index","follow":"follow","max-snippet":"max-snippet:-1","max-image-preview":"max-image-preview:large","max-video-preview":"max-video-preview:-1"},"canonical":"https:\/\/dev.naiakitsu.fr\/dev1\/produit\/bracelet-t-shirt-homme\/","og_locale":"fr_FR","og_type":"article","og_title":"Bracelets pour t-shirt et polo en jersey l\u00e9ger homme - naiakitsu","og_description":"Modifier l'aspect de votre T-Shirt en ajoutant des bracelets de couleurs aux manches, c'est tout le concept & l'esprit de Naiakitsu.","og_url":"https:\/\/dev.naiakitsu.fr\/dev1\/produit\/bracelet-t-shirt-homme\/","og_site_name":"naiakitsu","article_modified_time":"2022-10-14T09:49:27+00:00","og_image":[{"width":2560,"height":1920,"url":"https:\/\/dev.naiakitsu.fr\/dev1\/wp-content\/uploads\/Bracelets-TSH-H-1-scaled.jpg","type":"image\/jpeg"}],"twitter_card":"summary_large_image","twitter_misc":{"Dur\u00e9e de lecture estim\u00e9e":"1 minute"},"schema":{"@context":"https:\/\/schema.org","@graph":[{"@type":"WebPage","@id":"https:\/\/dev.naiakitsu.fr\/dev1\/produit\/bracelet-t-shirt-homme\/","url":"https:\/\/dev.naiakitsu.fr\/dev1\/produit\/bracelet-t-shirt-homme\/","name":"Bracelets pour t-shirt et polo en jersey l\u00e9ger homme - naiakitsu","isPartOf":{"@id":"https:\/\/dev.naiakitsu.fr\/dev1\/#website"},"datePublished":"2021-11-12T15:19:14+00:00","dateModified":"2022-10-14T09:49:27+00:00","description":"Modifier l'aspect de votre T-Shirt en ajoutant des bracelets de couleurs aux manches, c'est tout le concept & l'esprit de Naiakitsu.","breadcrumb":{"@id":"https:\/\/dev.naiakitsu.fr\/dev1\/produit\/bracelet-t-shirt-homme\/#breadcrumb"},"inLanguage":"fr-FR","potentialAction":[{"@type":"ReadAction","target":["https:\/\/dev.naiakitsu.fr\/dev1\/produit\/bracelet-t-shirt-homme\/"]}]},{"@type":"BreadcrumbList","@id":"https:\/\/dev.naiakitsu.fr\/dev1\/produit\/bracelet-t-shirt-homme\/#breadcrumb","itemListElement":[{"@type":"ListItem","position":1,"name":"Accueil","item":"https:\/\/dev.naiakitsu.fr\/dev1\/"},{"@type":"ListItem","position":2,"name":"E-shop","item":"https:\/\/dev.naiakitsu.fr\/dev1\/e-shop\/"},{"@type":"ListItem","position":3,"name":"Bracelets pour t-shirt et polo en jersey l\u00e9ger homme"}]},{"@type":"WebSite","@id":"https:\/\/dev.naiakitsu.fr\/dev1\/#website","url":"https:\/\/dev.naiakitsu.fr\/dev1\/","name":"naiakitsu","description":"les basiques audacieux","potentialAction":[{"@type":"SearchAction","target":{"@type":"EntryPoint","urlTemplate":"https:\/\/dev.naiakitsu.fr\/dev1\/?s={search_term_string}"},"query-input":"required name=search_term_string"}],"inLanguage":"fr-FR"}]}},"_links":{"self":[{"href":"https:\/\/dev.naiakitsu.fr\/dev1\/wp-json\/wp\/v2\/product\/2098"}],"collection":[{"href":"https:\/\/dev.naiakitsu.fr\/dev1\/wp-json\/wp\/v2\/product"}],"about":[{"href":"https:\/\/dev.naiakitsu.fr\/dev1\/wp-json\/wp\/v2\/types\/product"}],"wp:featuredmedia":[{"embeddable":true,"href":"https:\/\/dev.naiakitsu.fr\/dev1\/wp-json\/wp\/v2\/media\/7205"}],"wp:attachment":[{"href":"https:\/\/dev.naiakitsu.fr\/dev1\/wp-json\/wp\/v2\/media?parent=2098"}],"wp:term":[{"taxonomy":"product_cat","embeddable":true,"href":"https:\/\/dev.naiakitsu.fr\/dev1\/wp-json\/wp\/v2\/product_cat?post=2098"},{"taxonomy":"product_tag","embeddable":true,"href":"https:\/\/dev.naiakitsu.fr\/dev1\/wp-json\/wp\/v2\/product_tag?post=2098"}],"curies":[{"name":"wp","href":"https:\/\/api.w.org\/{rel}","templated":true}]}}