{"id":2076,"date":"2021-11-08T11:14:33","date_gmt":"2021-11-08T10:14:33","guid":{"rendered":"https:\/\/www.naiakitsu.fr\/?post_type=product&#038;p=2076"},"modified":"2022-11-08T09:43:16","modified_gmt":"2022-11-08T08:43:16","slug":"bracelet-polo-tshirt-homme-milano","status":"publish","type":"product","link":"https:\/\/dev.naiakitsu.fr\/dev1\/produit\/bracelet-polo-tshirt-homme-milano\/","title":{"rendered":"Bracelets pour polo et tshirt homme en milano"},"content":{"rendered":"<p>Vos bracelets Milano Homme sont de la m\u00eame mati\u00e8re que votre polo. Votre choix d&#8217;ajouter ces bracelets \u00e0 votre Polo, donne une touche de couleur suppl\u00e9mentaire et fais ressortir votre Polo, il vous diff\u00e9rencie de ce que vous avez d\u00e9j\u00e0 dans votre dressing.<\/p>\n<p>Boutonnez vos bracelets \u00e0 votre Polo et le tour est jou\u00e9. N&#8217;oubliez pas que vous pouvez\u00a0mettre les bracelets des T-Shirt Homme de la m\u00eame taille pour changer de mati\u00e8re et donner un effet unique.<\/p>\n<p>C&#8217;est tout l&#8217;esprit de Naiakitsu !<\/p>\n<p>&nbsp;<\/p>\n","protected":false},"excerpt":{"rendered":"<p>Vos bracelets Milano Homme sont de la m\u00eame mati\u00e8re que votre polo. Votre choix d&#8217;ajouter ces bracelets \u00e0 votre Polo, donne une touche de couleur suppl\u00e9mentaire et fais ressortir votre Polo, il vous diff\u00e9rencie de ce que vous avez d\u00e9j\u00e0 dans votre dressing. Boutonnez vos bracelets \u00e0 votre Polo et le tour est jou\u00e9. N&#8217;oubliez [&hellip;]<\/p>\n","protected":false},"featured_media":9736,"template":"","meta":[],"product_cat":[15,119,171,130,37],"product_tag":[],"composite_virtual":false,"composite_layout":"","composite_add_to_cart_form_location":"","composite_editable_in_cart":false,"composite_sold_individually_context":"","composite_shop_price_calc":"","composite_components":[],"composite_scenarios":[],"bundled_by":[],"bundle_stock_status":"instock","bundle_stock_quantity":null,"bundle_virtual":false,"bundle_layout":"","bundle_add_to_cart_form_location":"","bundle_editable_in_cart":false,"bundle_sold_individually_context":"","bundle_item_grouping":"","bundle_min_size":"","bundle_max_size":"","bundled_items":[],"acf":[],"yoast_head":"<!-- This site is optimized with the Yoast SEO plugin v19.10 - https:\/\/yoast.com\/wordpress\/plugins\/seo\/ -->\n<title>Bracelets pour polo et tshirt homme en milano - naiakitsu<\/title>\n<meta name=\"description\" content=\"Apportez une touche de couleur \u00e0 votre Polo, \u00e0 votre T-shirt, avec ces bracelets ! Un v\u00eatement, des accessoires &amp; une multitude de versions !\" \/>\n<meta name=\"robots\" content=\"index, follow, max-snippet:-1, max-image-preview:large, max-video-preview:-1\" \/>\n<link rel=\"canonical\" href=\"https:\/\/dev.naiakitsu.fr\/dev1\/produit\/bracelet-polo-tshirt-homme-milano\/\" \/>\n<meta property=\"og:locale\" content=\"fr_FR\" \/>\n<meta property=\"og:type\" content=\"article\" \/>\n<meta property=\"og:title\" content=\"Bracelets pour polo et tshirt homme en milano - naiakitsu\" \/>\n<meta property=\"og:description\" content=\"Apportez une touche de couleur \u00e0 votre Polo, \u00e0 votre T-shirt, avec ces bracelets ! Un v\u00eatement, des accessoires &amp; une multitude de versions !\" \/>\n<meta property=\"og:url\" content=\"https:\/\/dev.naiakitsu.fr\/dev1\/produit\/bracelet-polo-tshirt-homme-milano\/\" \/>\n<meta property=\"og:site_name\" content=\"naiakitsu\" \/>\n<meta property=\"article:modified_time\" content=\"2022-11-08T08:43:16+00:00\" \/>\n<meta property=\"og:image\" content=\"https:\/\/dev.naiakitsu.fr\/dev1\/wp-content\/uploads\/Bracelets-Milano-Polo-NRBlc.jpg\" \/>\n\t<meta property=\"og:image:width\" content=\"2016\" \/>\n\t<meta property=\"og:image:height\" content=\"1512\" \/>\n\t<meta property=\"og:image:type\" content=\"image\/jpeg\" \/>\n<meta name=\"twitter:card\" content=\"summary_large_image\" \/>\n<meta name=\"twitter:label1\" content=\"Dur\u00e9e de lecture estim\u00e9e\" \/>\n\t<meta name=\"twitter:data1\" content=\"1 minute\" \/>\n<script type=\"application\/ld+json\" class=\"yoast-schema-graph\">{\"@context\":\"https:\/\/schema.org\",\"@graph\":[{\"@type\":\"WebPage\",\"@id\":\"https:\/\/dev.naiakitsu.fr\/dev1\/produit\/bracelet-polo-tshirt-homme-milano\/\",\"url\":\"https:\/\/dev.naiakitsu.fr\/dev1\/produit\/bracelet-polo-tshirt-homme-milano\/\",\"name\":\"Bracelets pour polo et tshirt homme en milano - naiakitsu\",\"isPartOf\":{\"@id\":\"https:\/\/dev.naiakitsu.fr\/dev1\/#website\"},\"datePublished\":\"2021-11-08T10:14:33+00:00\",\"dateModified\":\"2022-11-08T08:43:16+00:00\",\"description\":\"Apportez une touche de couleur \u00e0 votre Polo, \u00e0 votre T-shirt, avec ces bracelets ! Un v\u00eatement, des accessoires & une multitude de versions !\",\"breadcrumb\":{\"@id\":\"https:\/\/dev.naiakitsu.fr\/dev1\/produit\/bracelet-polo-tshirt-homme-milano\/#breadcrumb\"},\"inLanguage\":\"fr-FR\",\"potentialAction\":[{\"@type\":\"ReadAction\",\"target\":[\"https:\/\/dev.naiakitsu.fr\/dev1\/produit\/bracelet-polo-tshirt-homme-milano\/\"]}]},{\"@type\":\"BreadcrumbList\",\"@id\":\"https:\/\/dev.naiakitsu.fr\/dev1\/produit\/bracelet-polo-tshirt-homme-milano\/#breadcrumb\",\"itemListElement\":[{\"@type\":\"ListItem\",\"position\":1,\"name\":\"Accueil\",\"item\":\"https:\/\/dev.naiakitsu.fr\/dev1\/\"},{\"@type\":\"ListItem\",\"position\":2,\"name\":\"E-shop\",\"item\":\"https:\/\/dev.naiakitsu.fr\/dev1\/e-shop\/\"},{\"@type\":\"ListItem\",\"position\":3,\"name\":\"Bracelets pour polo et tshirt homme en milano\"}]},{\"@type\":\"WebSite\",\"@id\":\"https:\/\/dev.naiakitsu.fr\/dev1\/#website\",\"url\":\"https:\/\/dev.naiakitsu.fr\/dev1\/\",\"name\":\"naiakitsu\",\"description\":\"les basiques audacieux\",\"potentialAction\":[{\"@type\":\"SearchAction\",\"target\":{\"@type\":\"EntryPoint\",\"urlTemplate\":\"https:\/\/dev.naiakitsu.fr\/dev1\/?s={search_term_string}\"},\"query-input\":\"required name=search_term_string\"}],\"inLanguage\":\"fr-FR\"}]}<\/script>\n<!-- \/ Yoast SEO plugin. -->","yoast_head_json":{"title":"Bracelets pour polo et tshirt homme en milano - naiakitsu","description":"Apportez une touche de couleur \u00e0 votre Polo, \u00e0 votre T-shirt, avec ces bracelets ! Un v\u00eatement, des accessoires & une multitude de versions !","robots":{"index":"index","follow":"follow","max-snippet":"max-snippet:-1","max-image-preview":"max-image-preview:large","max-video-preview":"max-video-preview:-1"},"canonical":"https:\/\/dev.naiakitsu.fr\/dev1\/produit\/bracelet-polo-tshirt-homme-milano\/","og_locale":"fr_FR","og_type":"article","og_title":"Bracelets pour polo et tshirt homme en milano - naiakitsu","og_description":"Apportez une touche de couleur \u00e0 votre Polo, \u00e0 votre T-shirt, avec ces bracelets ! Un v\u00eatement, des accessoires & une multitude de versions !","og_url":"https:\/\/dev.naiakitsu.fr\/dev1\/produit\/bracelet-polo-tshirt-homme-milano\/","og_site_name":"naiakitsu","article_modified_time":"2022-11-08T08:43:16+00:00","og_image":[{"width":2016,"height":1512,"url":"https:\/\/dev.naiakitsu.fr\/dev1\/wp-content\/uploads\/Bracelets-Milano-Polo-NRBlc.jpg","type":"image\/jpeg"}],"twitter_card":"summary_large_image","twitter_misc":{"Dur\u00e9e de lecture estim\u00e9e":"1 minute"},"schema":{"@context":"https:\/\/schema.org","@graph":[{"@type":"WebPage","@id":"https:\/\/dev.naiakitsu.fr\/dev1\/produit\/bracelet-polo-tshirt-homme-milano\/","url":"https:\/\/dev.naiakitsu.fr\/dev1\/produit\/bracelet-polo-tshirt-homme-milano\/","name":"Bracelets pour polo et tshirt homme en milano - naiakitsu","isPartOf":{"@id":"https:\/\/dev.naiakitsu.fr\/dev1\/#website"},"datePublished":"2021-11-08T10:14:33+00:00","dateModified":"2022-11-08T08:43:16+00:00","description":"Apportez une touche de couleur \u00e0 votre Polo, \u00e0 votre T-shirt, avec ces bracelets ! Un v\u00eatement, des accessoires & une multitude de versions !","breadcrumb":{"@id":"https:\/\/dev.naiakitsu.fr\/dev1\/produit\/bracelet-polo-tshirt-homme-milano\/#breadcrumb"},"inLanguage":"fr-FR","potentialAction":[{"@type":"ReadAction","target":["https:\/\/dev.naiakitsu.fr\/dev1\/produit\/bracelet-polo-tshirt-homme-milano\/"]}]},{"@type":"BreadcrumbList","@id":"https:\/\/dev.naiakitsu.fr\/dev1\/produit\/bracelet-polo-tshirt-homme-milano\/#breadcrumb","itemListElement":[{"@type":"ListItem","position":1,"name":"Accueil","item":"https:\/\/dev.naiakitsu.fr\/dev1\/"},{"@type":"ListItem","position":2,"name":"E-shop","item":"https:\/\/dev.naiakitsu.fr\/dev1\/e-shop\/"},{"@type":"ListItem","position":3,"name":"Bracelets pour polo et tshirt homme en milano"}]},{"@type":"WebSite","@id":"https:\/\/dev.naiakitsu.fr\/dev1\/#website","url":"https:\/\/dev.naiakitsu.fr\/dev1\/","name":"naiakitsu","description":"les basiques audacieux","potentialAction":[{"@type":"SearchAction","target":{"@type":"EntryPoint","urlTemplate":"https:\/\/dev.naiakitsu.fr\/dev1\/?s={search_term_string}"},"query-input":"required name=search_term_string"}],"inLanguage":"fr-FR"}]}},"_links":{"self":[{"href":"https:\/\/dev.naiakitsu.fr\/dev1\/wp-json\/wp\/v2\/product\/2076"}],"collection":[{"href":"https:\/\/dev.naiakitsu.fr\/dev1\/wp-json\/wp\/v2\/product"}],"about":[{"href":"https:\/\/dev.naiakitsu.fr\/dev1\/wp-json\/wp\/v2\/types\/product"}],"wp:featuredmedia":[{"embeddable":true,"href":"https:\/\/dev.naiakitsu.fr\/dev1\/wp-json\/wp\/v2\/media\/9736"}],"wp:attachment":[{"href":"https:\/\/dev.naiakitsu.fr\/dev1\/wp-json\/wp\/v2\/media?parent=2076"}],"wp:term":[{"taxonomy":"product_cat","embeddable":true,"href":"https:\/\/dev.naiakitsu.fr\/dev1\/wp-json\/wp\/v2\/product_cat?post=2076"},{"taxonomy":"product_tag","embeddable":true,"href":"https:\/\/dev.naiakitsu.fr\/dev1\/wp-json\/wp\/v2\/product_tag?post=2076"}],"curies":[{"name":"wp","href":"https:\/\/api.w.org\/{rel}","templated":true}]}}