{"id":2038,"date":"2021-11-08T11:06:39","date_gmt":"2021-11-08T10:06:39","guid":{"rendered":"https:\/\/www.naiakitsu.fr\/?post_type=product&#038;p=2038"},"modified":"2022-10-03T17:51:15","modified_gmt":"2022-10-03T15:51:15","slug":"bracelets-t-shirt","status":"publish","type":"product","link":"https:\/\/dev.naiakitsu.fr\/dev1\/produit\/bracelets-t-shirt\/","title":{"rendered":"Bracelets femme en jersey l\u00e9ger"},"content":{"rendered":"<p>Rien de plus amusant, de Chic, d&#8217;ajouter \u00e0 votre T-Shirt Femme des bracelets &#8220;BIO et GOTS&#8221; pour faire ressortir la couleur de votre v\u00eatement NAIAKITSU.<\/p>\n<p>En ajoutant 1 accessoire, ces bracelets \u00e0 votre T-Shirt, vous obtenez une deuxi\u00e8me version de T-shirt (comme si vous aviez 2 v\u00eatements), fabriqu\u00e9 en France, avec un seul T-Shirt achet\u00e9 ! C&#8217;est cela le monde de NAIAKITSU.<\/p>\n<p>Vous pouvez aller sur le configurateur 3D, choisissez ta taille, la couleur, les accessoires (Capuches, Bracelets, manches longues, cols), ou prenez un pack pr\u00e9d\u00e9fini, c&#8217;est encore plus rapide.<\/p>\n<p>&nbsp;<\/p>\n","protected":false},"excerpt":{"rendered":"<p>Rien de plus amusant, de Chic, d&#8217;ajouter \u00e0 votre T-Shirt Femme des bracelets &#8220;BIO et GOTS&#8221; pour faire ressortir la couleur de votre v\u00eatement NAIAKITSU. En ajoutant 1 accessoire, ces bracelets \u00e0 votre T-Shirt, vous obtenez une deuxi\u00e8me version de T-shirt (comme si vous aviez 2 v\u00eatements), fabriqu\u00e9 en France, avec un seul T-Shirt achet\u00e9 [&hellip;]<\/p>\n","protected":false},"featured_media":7210,"template":"","meta":[],"product_cat":[15,119,171,130,37],"product_tag":[],"composite_virtual":false,"composite_layout":"","composite_add_to_cart_form_location":"","composite_editable_in_cart":false,"composite_sold_individually_context":"","composite_shop_price_calc":"","composite_components":[],"composite_scenarios":[],"bundled_by":[],"bundle_stock_status":"instock","bundle_stock_quantity":null,"bundle_virtual":false,"bundle_layout":"","bundle_add_to_cart_form_location":"","bundle_editable_in_cart":false,"bundle_sold_individually_context":"","bundle_item_grouping":"","bundle_min_size":"","bundle_max_size":"","bundled_items":[],"acf":[],"yoast_head":"<!-- This site is optimized with the Yoast SEO plugin v19.10 - https:\/\/yoast.com\/wordpress\/plugins\/seo\/ -->\n<title>Bracelets femme en jersey l\u00e9ger - naiakitsu<\/title>\n<meta name=\"description\" content=\"Ajoutez de la couleur aux manches de votre T-Shirt, pour vous donner un autre style, un autre look, avec ces bracelets. C&#039;est le concept !\" \/>\n<meta name=\"robots\" content=\"index, follow, max-snippet:-1, max-image-preview:large, max-video-preview:-1\" \/>\n<link rel=\"canonical\" href=\"https:\/\/dev.naiakitsu.fr\/dev1\/produit\/bracelets-t-shirt\/\" \/>\n<meta property=\"og:locale\" content=\"fr_FR\" \/>\n<meta property=\"og:type\" content=\"article\" \/>\n<meta property=\"og:title\" content=\"Bracelets femme en jersey l\u00e9ger - naiakitsu\" \/>\n<meta property=\"og:description\" content=\"Ajoutez de la couleur aux manches de votre T-Shirt, pour vous donner un autre style, un autre look, avec ces bracelets. C&#039;est le concept !\" \/>\n<meta property=\"og:url\" content=\"https:\/\/dev.naiakitsu.fr\/dev1\/produit\/bracelets-t-shirt\/\" \/>\n<meta property=\"og:site_name\" content=\"naiakitsu\" \/>\n<meta property=\"article:modified_time\" content=\"2022-10-03T15:51:15+00:00\" \/>\n<meta property=\"og:image\" content=\"https:\/\/dev.naiakitsu.fr\/dev1\/wp-content\/uploads\/bracelet-TSH-F-2-scaled.jpg\" \/>\n\t<meta property=\"og:image:width\" content=\"2560\" \/>\n\t<meta property=\"og:image:height\" content=\"1920\" \/>\n\t<meta property=\"og:image:type\" content=\"image\/jpeg\" \/>\n<meta name=\"twitter:card\" content=\"summary_large_image\" \/>\n<meta name=\"twitter:label1\" content=\"Dur\u00e9e de lecture estim\u00e9e\" \/>\n\t<meta name=\"twitter:data1\" content=\"1 minute\" \/>\n<script type=\"application\/ld+json\" class=\"yoast-schema-graph\">{\"@context\":\"https:\/\/schema.org\",\"@graph\":[{\"@type\":\"WebPage\",\"@id\":\"https:\/\/dev.naiakitsu.fr\/dev1\/produit\/bracelets-t-shirt\/\",\"url\":\"https:\/\/dev.naiakitsu.fr\/dev1\/produit\/bracelets-t-shirt\/\",\"name\":\"Bracelets femme en jersey l\u00e9ger - naiakitsu\",\"isPartOf\":{\"@id\":\"https:\/\/dev.naiakitsu.fr\/dev1\/#website\"},\"datePublished\":\"2021-11-08T10:06:39+00:00\",\"dateModified\":\"2022-10-03T15:51:15+00:00\",\"description\":\"Ajoutez de la couleur aux manches de votre T-Shirt, pour vous donner un autre style, un autre look, avec ces bracelets. C'est le concept !\",\"breadcrumb\":{\"@id\":\"https:\/\/dev.naiakitsu.fr\/dev1\/produit\/bracelets-t-shirt\/#breadcrumb\"},\"inLanguage\":\"fr-FR\",\"potentialAction\":[{\"@type\":\"ReadAction\",\"target\":[\"https:\/\/dev.naiakitsu.fr\/dev1\/produit\/bracelets-t-shirt\/\"]}]},{\"@type\":\"BreadcrumbList\",\"@id\":\"https:\/\/dev.naiakitsu.fr\/dev1\/produit\/bracelets-t-shirt\/#breadcrumb\",\"itemListElement\":[{\"@type\":\"ListItem\",\"position\":1,\"name\":\"Accueil\",\"item\":\"https:\/\/dev.naiakitsu.fr\/dev1\/\"},{\"@type\":\"ListItem\",\"position\":2,\"name\":\"E-shop\",\"item\":\"https:\/\/dev.naiakitsu.fr\/dev1\/e-shop\/\"},{\"@type\":\"ListItem\",\"position\":3,\"name\":\"Bracelets femme en jersey l\u00e9ger\"}]},{\"@type\":\"WebSite\",\"@id\":\"https:\/\/dev.naiakitsu.fr\/dev1\/#website\",\"url\":\"https:\/\/dev.naiakitsu.fr\/dev1\/\",\"name\":\"naiakitsu\",\"description\":\"les basiques audacieux\",\"potentialAction\":[{\"@type\":\"SearchAction\",\"target\":{\"@type\":\"EntryPoint\",\"urlTemplate\":\"https:\/\/dev.naiakitsu.fr\/dev1\/?s={search_term_string}\"},\"query-input\":\"required name=search_term_string\"}],\"inLanguage\":\"fr-FR\"}]}<\/script>\n<!-- \/ Yoast SEO plugin. -->","yoast_head_json":{"title":"Bracelets femme en jersey l\u00e9ger - naiakitsu","description":"Ajoutez de la couleur aux manches de votre T-Shirt, pour vous donner un autre style, un autre look, avec ces bracelets. C'est le concept !","robots":{"index":"index","follow":"follow","max-snippet":"max-snippet:-1","max-image-preview":"max-image-preview:large","max-video-preview":"max-video-preview:-1"},"canonical":"https:\/\/dev.naiakitsu.fr\/dev1\/produit\/bracelets-t-shirt\/","og_locale":"fr_FR","og_type":"article","og_title":"Bracelets femme en jersey l\u00e9ger - naiakitsu","og_description":"Ajoutez de la couleur aux manches de votre T-Shirt, pour vous donner un autre style, un autre look, avec ces bracelets. C'est le concept !","og_url":"https:\/\/dev.naiakitsu.fr\/dev1\/produit\/bracelets-t-shirt\/","og_site_name":"naiakitsu","article_modified_time":"2022-10-03T15:51:15+00:00","og_image":[{"width":2560,"height":1920,"url":"https:\/\/dev.naiakitsu.fr\/dev1\/wp-content\/uploads\/bracelet-TSH-F-2-scaled.jpg","type":"image\/jpeg"}],"twitter_card":"summary_large_image","twitter_misc":{"Dur\u00e9e de lecture estim\u00e9e":"1 minute"},"schema":{"@context":"https:\/\/schema.org","@graph":[{"@type":"WebPage","@id":"https:\/\/dev.naiakitsu.fr\/dev1\/produit\/bracelets-t-shirt\/","url":"https:\/\/dev.naiakitsu.fr\/dev1\/produit\/bracelets-t-shirt\/","name":"Bracelets femme en jersey l\u00e9ger - naiakitsu","isPartOf":{"@id":"https:\/\/dev.naiakitsu.fr\/dev1\/#website"},"datePublished":"2021-11-08T10:06:39+00:00","dateModified":"2022-10-03T15:51:15+00:00","description":"Ajoutez de la couleur aux manches de votre T-Shirt, pour vous donner un autre style, un autre look, avec ces bracelets. C'est le concept !","breadcrumb":{"@id":"https:\/\/dev.naiakitsu.fr\/dev1\/produit\/bracelets-t-shirt\/#breadcrumb"},"inLanguage":"fr-FR","potentialAction":[{"@type":"ReadAction","target":["https:\/\/dev.naiakitsu.fr\/dev1\/produit\/bracelets-t-shirt\/"]}]},{"@type":"BreadcrumbList","@id":"https:\/\/dev.naiakitsu.fr\/dev1\/produit\/bracelets-t-shirt\/#breadcrumb","itemListElement":[{"@type":"ListItem","position":1,"name":"Accueil","item":"https:\/\/dev.naiakitsu.fr\/dev1\/"},{"@type":"ListItem","position":2,"name":"E-shop","item":"https:\/\/dev.naiakitsu.fr\/dev1\/e-shop\/"},{"@type":"ListItem","position":3,"name":"Bracelets femme en jersey l\u00e9ger"}]},{"@type":"WebSite","@id":"https:\/\/dev.naiakitsu.fr\/dev1\/#website","url":"https:\/\/dev.naiakitsu.fr\/dev1\/","name":"naiakitsu","description":"les basiques audacieux","potentialAction":[{"@type":"SearchAction","target":{"@type":"EntryPoint","urlTemplate":"https:\/\/dev.naiakitsu.fr\/dev1\/?s={search_term_string}"},"query-input":"required name=search_term_string"}],"inLanguage":"fr-FR"}]}},"_links":{"self":[{"href":"https:\/\/dev.naiakitsu.fr\/dev1\/wp-json\/wp\/v2\/product\/2038"}],"collection":[{"href":"https:\/\/dev.naiakitsu.fr\/dev1\/wp-json\/wp\/v2\/product"}],"about":[{"href":"https:\/\/dev.naiakitsu.fr\/dev1\/wp-json\/wp\/v2\/types\/product"}],"wp:featuredmedia":[{"embeddable":true,"href":"https:\/\/dev.naiakitsu.fr\/dev1\/wp-json\/wp\/v2\/media\/7210"}],"wp:attachment":[{"href":"https:\/\/dev.naiakitsu.fr\/dev1\/wp-json\/wp\/v2\/media?parent=2038"}],"wp:term":[{"taxonomy":"product_cat","embeddable":true,"href":"https:\/\/dev.naiakitsu.fr\/dev1\/wp-json\/wp\/v2\/product_cat?post=2038"},{"taxonomy":"product_tag","embeddable":true,"href":"https:\/\/dev.naiakitsu.fr\/dev1\/wp-json\/wp\/v2\/product_tag?post=2038"}],"curies":[{"name":"wp","href":"https:\/\/api.w.org\/{rel}","templated":true}]}}