{"id":1962,"date":"2021-11-08T10:08:51","date_gmt":"2021-11-08T09:08:51","guid":{"rendered":"https:\/\/www.naiakitsu.fr\/?post_type=product&#038;p=1962"},"modified":"2022-11-30T23:22:37","modified_gmt":"2022-11-30T22:22:37","slug":"poignets-rayes","status":"publish","type":"product","link":"https:\/\/dev.naiakitsu.fr\/dev1\/produit\/poignets-rayes\/","title":{"rendered":"Manchettes en jersey lourd ray\u00e9es ou unies"},"content":{"rendered":"<p>Nos Manchettes ray\u00e9es ou unies, fabriqu\u00e9s dans le tissu jersey lourd 100% coton peign\u00e9 de notre marini\u00e8re, sont le compl\u00e9ment id\u00e9al de votre chemise ou de votre marini\u00e8re.<\/p>\n<p>Apportez \u00e0 vos v\u00eatements ce petit truc, cet accessoire en plus qui donnera la touche originale \u00e0 votre look !<\/p>\n<p>En quelques instant vos manchettes Naiakitsu se glissent et s&#8217;accrochent sous votre marini\u00e8re ou int\u00e8grent le bas de vos manches de votre chemise pour donner un effet mati\u00e8re et color\u00e9 ! C&#8217;est \u00e7a aussi les basiques audacieux de Naiakitsu. .<\/p>\n<p>Les diff\u00e9rentes couleurs de rayures, ou les unis Blanc et bleu marine \u00e0 votre disposition accompagnent vos envies et vos humeurs.<\/p>\n","protected":false},"excerpt":{"rendered":"<p>Nos Manchettes ray\u00e9es ou unies, fabriqu\u00e9s dans le tissu jersey lourd 100% coton peign\u00e9 de notre marini\u00e8re, sont le compl\u00e9ment id\u00e9al de votre chemise ou de votre marini\u00e8re. Apportez \u00e0 vos v\u00eatements ce petit truc, cet accessoire en plus qui donnera la touche originale \u00e0 votre look ! En quelques instant vos manchettes Naiakitsu se [&hellip;]<\/p>\n","protected":false},"featured_media":8203,"template":"","meta":[],"product_cat":[15,132,131,158],"product_tag":[],"composite_virtual":false,"composite_layout":"","composite_add_to_cart_form_location":"","composite_editable_in_cart":false,"composite_sold_individually_context":"","composite_shop_price_calc":"","composite_components":[],"composite_scenarios":[],"bundled_by":[],"bundle_stock_status":"instock","bundle_stock_quantity":null,"bundle_virtual":false,"bundle_layout":"","bundle_add_to_cart_form_location":"","bundle_editable_in_cart":false,"bundle_sold_individually_context":"","bundle_item_grouping":"","bundle_min_size":"","bundle_max_size":"","bundled_items":[],"acf":[],"yoast_head":"<!-- This site is optimized with the Yoast SEO plugin v19.10 - https:\/\/yoast.com\/wordpress\/plugins\/seo\/ -->\n<title>Manchettes en jersey lourd ray\u00e9es ou unies - naiakitsu<\/title>\n<meta name=\"robots\" content=\"index, follow, max-snippet:-1, max-image-preview:large, max-video-preview:-1\" \/>\n<link rel=\"canonical\" href=\"https:\/\/dev.naiakitsu.fr\/dev1\/produit\/poignets-rayes\/\" \/>\n<meta property=\"og:locale\" content=\"fr_FR\" \/>\n<meta property=\"og:type\" content=\"article\" \/>\n<meta property=\"og:title\" content=\"Manchettes en jersey lourd ray\u00e9es ou unies - naiakitsu\" \/>\n<meta property=\"og:description\" content=\"Nos Manchettes ray\u00e9es ou unies, fabriqu\u00e9s dans le tissu jersey lourd 100% coton peign\u00e9 de notre marini\u00e8re, sont le compl\u00e9ment id\u00e9al de votre chemise ou de votre marini\u00e8re. Apportez \u00e0 vos v\u00eatements ce petit truc, cet accessoire en plus qui donnera la touche originale \u00e0 votre look ! En quelques instant vos manchettes Naiakitsu se [&hellip;]\" \/>\n<meta property=\"og:url\" content=\"https:\/\/dev.naiakitsu.fr\/dev1\/produit\/poignets-rayes\/\" \/>\n<meta property=\"og:site_name\" content=\"naiakitsu\" \/>\n<meta property=\"article:modified_time\" content=\"2022-11-30T22:22:37+00:00\" \/>\n<meta property=\"og:image\" content=\"https:\/\/dev.naiakitsu.fr\/dev1\/wp-content\/uploads\/IMG_4597-scaled.jpg\" \/>\n\t<meta property=\"og:image:width\" content=\"2560\" \/>\n\t<meta property=\"og:image:height\" content=\"1920\" \/>\n\t<meta property=\"og:image:type\" content=\"image\/jpeg\" \/>\n<meta name=\"twitter:card\" content=\"summary_large_image\" \/>\n<meta name=\"twitter:label1\" content=\"Dur\u00e9e de lecture estim\u00e9e\" \/>\n\t<meta name=\"twitter:data1\" content=\"1 minute\" \/>\n<script type=\"application\/ld+json\" class=\"yoast-schema-graph\">{\"@context\":\"https:\/\/schema.org\",\"@graph\":[{\"@type\":\"WebPage\",\"@id\":\"https:\/\/dev.naiakitsu.fr\/dev1\/produit\/poignets-rayes\/\",\"url\":\"https:\/\/dev.naiakitsu.fr\/dev1\/produit\/poignets-rayes\/\",\"name\":\"Manchettes en jersey lourd ray\u00e9es ou unies - naiakitsu\",\"isPartOf\":{\"@id\":\"https:\/\/dev.naiakitsu.fr\/dev1\/#website\"},\"datePublished\":\"2021-11-08T09:08:51+00:00\",\"dateModified\":\"2022-11-30T22:22:37+00:00\",\"breadcrumb\":{\"@id\":\"https:\/\/dev.naiakitsu.fr\/dev1\/produit\/poignets-rayes\/#breadcrumb\"},\"inLanguage\":\"fr-FR\",\"potentialAction\":[{\"@type\":\"ReadAction\",\"target\":[\"https:\/\/dev.naiakitsu.fr\/dev1\/produit\/poignets-rayes\/\"]}]},{\"@type\":\"BreadcrumbList\",\"@id\":\"https:\/\/dev.naiakitsu.fr\/dev1\/produit\/poignets-rayes\/#breadcrumb\",\"itemListElement\":[{\"@type\":\"ListItem\",\"position\":1,\"name\":\"Accueil\",\"item\":\"https:\/\/dev.naiakitsu.fr\/dev1\/\"},{\"@type\":\"ListItem\",\"position\":2,\"name\":\"E-shop\",\"item\":\"https:\/\/dev.naiakitsu.fr\/dev1\/e-shop\/\"},{\"@type\":\"ListItem\",\"position\":3,\"name\":\"Manchettes en jersey lourd ray\u00e9es ou unies\"}]},{\"@type\":\"WebSite\",\"@id\":\"https:\/\/dev.naiakitsu.fr\/dev1\/#website\",\"url\":\"https:\/\/dev.naiakitsu.fr\/dev1\/\",\"name\":\"naiakitsu\",\"description\":\"les basiques audacieux\",\"potentialAction\":[{\"@type\":\"SearchAction\",\"target\":{\"@type\":\"EntryPoint\",\"urlTemplate\":\"https:\/\/dev.naiakitsu.fr\/dev1\/?s={search_term_string}\"},\"query-input\":\"required name=search_term_string\"}],\"inLanguage\":\"fr-FR\"}]}<\/script>\n<!-- \/ Yoast SEO plugin. -->","yoast_head_json":{"title":"Manchettes en jersey lourd ray\u00e9es ou unies - naiakitsu","robots":{"index":"index","follow":"follow","max-snippet":"max-snippet:-1","max-image-preview":"max-image-preview:large","max-video-preview":"max-video-preview:-1"},"canonical":"https:\/\/dev.naiakitsu.fr\/dev1\/produit\/poignets-rayes\/","og_locale":"fr_FR","og_type":"article","og_title":"Manchettes en jersey lourd ray\u00e9es ou unies - naiakitsu","og_description":"Nos Manchettes ray\u00e9es ou unies, fabriqu\u00e9s dans le tissu jersey lourd 100% coton peign\u00e9 de notre marini\u00e8re, sont le compl\u00e9ment id\u00e9al de votre chemise ou de votre marini\u00e8re. Apportez \u00e0 vos v\u00eatements ce petit truc, cet accessoire en plus qui donnera la touche originale \u00e0 votre look ! En quelques instant vos manchettes Naiakitsu se [&hellip;]","og_url":"https:\/\/dev.naiakitsu.fr\/dev1\/produit\/poignets-rayes\/","og_site_name":"naiakitsu","article_modified_time":"2022-11-30T22:22:37+00:00","og_image":[{"width":2560,"height":1920,"url":"https:\/\/dev.naiakitsu.fr\/dev1\/wp-content\/uploads\/IMG_4597-scaled.jpg","type":"image\/jpeg"}],"twitter_card":"summary_large_image","twitter_misc":{"Dur\u00e9e de lecture estim\u00e9e":"1 minute"},"schema":{"@context":"https:\/\/schema.org","@graph":[{"@type":"WebPage","@id":"https:\/\/dev.naiakitsu.fr\/dev1\/produit\/poignets-rayes\/","url":"https:\/\/dev.naiakitsu.fr\/dev1\/produit\/poignets-rayes\/","name":"Manchettes en jersey lourd ray\u00e9es ou unies - naiakitsu","isPartOf":{"@id":"https:\/\/dev.naiakitsu.fr\/dev1\/#website"},"datePublished":"2021-11-08T09:08:51+00:00","dateModified":"2022-11-30T22:22:37+00:00","breadcrumb":{"@id":"https:\/\/dev.naiakitsu.fr\/dev1\/produit\/poignets-rayes\/#breadcrumb"},"inLanguage":"fr-FR","potentialAction":[{"@type":"ReadAction","target":["https:\/\/dev.naiakitsu.fr\/dev1\/produit\/poignets-rayes\/"]}]},{"@type":"BreadcrumbList","@id":"https:\/\/dev.naiakitsu.fr\/dev1\/produit\/poignets-rayes\/#breadcrumb","itemListElement":[{"@type":"ListItem","position":1,"name":"Accueil","item":"https:\/\/dev.naiakitsu.fr\/dev1\/"},{"@type":"ListItem","position":2,"name":"E-shop","item":"https:\/\/dev.naiakitsu.fr\/dev1\/e-shop\/"},{"@type":"ListItem","position":3,"name":"Manchettes en jersey lourd ray\u00e9es ou unies"}]},{"@type":"WebSite","@id":"https:\/\/dev.naiakitsu.fr\/dev1\/#website","url":"https:\/\/dev.naiakitsu.fr\/dev1\/","name":"naiakitsu","description":"les basiques audacieux","potentialAction":[{"@type":"SearchAction","target":{"@type":"EntryPoint","urlTemplate":"https:\/\/dev.naiakitsu.fr\/dev1\/?s={search_term_string}"},"query-input":"required name=search_term_string"}],"inLanguage":"fr-FR"}]}},"_links":{"self":[{"href":"https:\/\/dev.naiakitsu.fr\/dev1\/wp-json\/wp\/v2\/product\/1962"}],"collection":[{"href":"https:\/\/dev.naiakitsu.fr\/dev1\/wp-json\/wp\/v2\/product"}],"about":[{"href":"https:\/\/dev.naiakitsu.fr\/dev1\/wp-json\/wp\/v2\/types\/product"}],"wp:featuredmedia":[{"embeddable":true,"href":"https:\/\/dev.naiakitsu.fr\/dev1\/wp-json\/wp\/v2\/media\/8203"}],"wp:attachment":[{"href":"https:\/\/dev.naiakitsu.fr\/dev1\/wp-json\/wp\/v2\/media?parent=1962"}],"wp:term":[{"taxonomy":"product_cat","embeddable":true,"href":"https:\/\/dev.naiakitsu.fr\/dev1\/wp-json\/wp\/v2\/product_cat?post=1962"},{"taxonomy":"product_tag","embeddable":true,"href":"https:\/\/dev.naiakitsu.fr\/dev1\/wp-json\/wp\/v2\/product_tag?post=1962"}],"curies":[{"name":"wp","href":"https:\/\/api.w.org\/{rel}","templated":true}]}}