{"id":18166,"date":"2022-12-29T17:32:22","date_gmt":"2022-12-29T16:32:22","guid":{"rendered":"https:\/\/www.naiakitsu.fr\/?post_type=product&#038;p=18166"},"modified":"2023-01-20T13:26:14","modified_gmt":"2023-01-20T12:26:14","slug":"manches-longues-homme-en-jersey-lourd-raye","status":"publish","type":"product","link":"https:\/\/dev.naiakitsu.fr\/dev1\/produit\/manches-longues-homme-en-jersey-lourd-raye\/","title":{"rendered":"Manches longues Homme en Jersey Lourd ray\u00e9"},"content":{"rendered":"<p>Donnez de la couleur \u00e0 votre Polo, habillez vos bras ou couvrez les pour vous prot\u00e9ger du froid, du soleil. Les manches amovibles de votre Polo NAIAKITSU sont multifonctions, de plusieurs couleurs et sont dans un esprit Casual Chic et Audacieux.<\/p>\n<p>Les manches de votre Polo HOMME en jersey lourd ray\u00e9 s&#8217;adaptent AUSSI sur votre T-Shirt NAIAKITSU de la m\u00eame taille.<\/p>\n<p>&#8220;Deviens qui tu es by Naiakitsu&#8221;<\/p>\n<p>&nbsp;<\/p>\n<p>&nbsp;<\/p>\n","protected":false},"excerpt":{"rendered":"<p>Donnez de la couleur \u00e0 votre Polo, habillez vos bras ou couvrez les pour vous prot\u00e9ger du froid, du soleil. Les manches amovibles de votre Polo NAIAKITSU sont multifonctions, de plusieurs couleurs et sont dans un esprit Casual Chic et Audacieux. Les manches de votre Polo HOMME en jersey lourd ray\u00e9 s&#8217;adaptent AUSSI sur votre [&hellip;]<\/p>\n","protected":false},"featured_media":18215,"template":"","meta":[],"product_cat":[15,119,171,115,130,37],"product_tag":[],"composite_virtual":false,"composite_layout":"","composite_add_to_cart_form_location":"","composite_editable_in_cart":false,"composite_sold_individually_context":"","composite_shop_price_calc":"","composite_components":[],"composite_scenarios":[],"bundled_by":[],"bundle_stock_status":"outofstock","bundle_stock_quantity":null,"bundle_virtual":false,"bundle_layout":"","bundle_add_to_cart_form_location":"","bundle_editable_in_cart":false,"bundle_sold_individually_context":"","bundle_item_grouping":"","bundle_min_size":"","bundle_max_size":"","bundled_items":[],"acf":[],"yoast_head":"<!-- This site is optimized with the Yoast SEO plugin v19.10 - https:\/\/yoast.com\/wordpress\/plugins\/seo\/ -->\n<title>Manches longues Homme en Jersey Lourd ray\u00e9 - naiakitsu<\/title>\n<meta name=\"description\" content=\"Ajoutez des manches longues \u00e0 votre polo pour donner un c\u00f4t\u00e9 marin et changer de style, c&#039;est tout l&#039;esprit de chez NAIAKITSU, Les Basiques Audacieux\" \/>\n<meta name=\"robots\" content=\"index, follow, max-snippet:-1, max-image-preview:large, max-video-preview:-1\" \/>\n<link rel=\"canonical\" href=\"https:\/\/dev.naiakitsu.fr\/dev1\/produit\/manches-longues-homme-en-jersey-lourd-raye\/\" \/>\n<meta property=\"og:locale\" content=\"fr_FR\" \/>\n<meta property=\"og:type\" content=\"article\" \/>\n<meta property=\"og:title\" content=\"Manches longues Homme en Jersey Lourd ray\u00e9 - naiakitsu\" \/>\n<meta property=\"og:description\" content=\"Ajoutez des manches longues \u00e0 votre polo pour donner un c\u00f4t\u00e9 marin et changer de style, c&#039;est tout l&#039;esprit de chez NAIAKITSU, Les Basiques Audacieux\" \/>\n<meta property=\"og:url\" content=\"https:\/\/dev.naiakitsu.fr\/dev1\/produit\/manches-longues-homme-en-jersey-lourd-raye\/\" \/>\n<meta property=\"og:site_name\" content=\"naiakitsu\" \/>\n<meta property=\"article:modified_time\" content=\"2023-01-20T12:26:14+00:00\" \/>\n<meta property=\"og:image\" content=\"https:\/\/dev.naiakitsu.fr\/dev1\/wp-content\/uploads\/BM-GF-GB-3-scaled.jpg\" \/>\n\t<meta property=\"og:image:width\" content=\"1536\" \/>\n\t<meta property=\"og:image:height\" content=\"2048\" \/>\n\t<meta property=\"og:image:type\" content=\"image\/jpeg\" \/>\n<meta name=\"twitter:card\" content=\"summary_large_image\" \/>\n<meta name=\"twitter:label1\" content=\"Dur\u00e9e de lecture estim\u00e9e\" \/>\n\t<meta name=\"twitter:data1\" content=\"1 minute\" \/>\n<script type=\"application\/ld+json\" class=\"yoast-schema-graph\">{\"@context\":\"https:\/\/schema.org\",\"@graph\":[{\"@type\":\"WebPage\",\"@id\":\"https:\/\/dev.naiakitsu.fr\/dev1\/produit\/manches-longues-homme-en-jersey-lourd-raye\/\",\"url\":\"https:\/\/dev.naiakitsu.fr\/dev1\/produit\/manches-longues-homme-en-jersey-lourd-raye\/\",\"name\":\"Manches longues Homme en Jersey Lourd ray\u00e9 - naiakitsu\",\"isPartOf\":{\"@id\":\"https:\/\/dev.naiakitsu.fr\/dev1\/#website\"},\"datePublished\":\"2022-12-29T16:32:22+00:00\",\"dateModified\":\"2023-01-20T12:26:14+00:00\",\"description\":\"Ajoutez des manches longues \u00e0 votre polo pour donner un c\u00f4t\u00e9 marin et changer de style, c'est tout l'esprit de chez NAIAKITSU, Les Basiques Audacieux\",\"breadcrumb\":{\"@id\":\"https:\/\/dev.naiakitsu.fr\/dev1\/produit\/manches-longues-homme-en-jersey-lourd-raye\/#breadcrumb\"},\"inLanguage\":\"fr-FR\",\"potentialAction\":[{\"@type\":\"ReadAction\",\"target\":[\"https:\/\/dev.naiakitsu.fr\/dev1\/produit\/manches-longues-homme-en-jersey-lourd-raye\/\"]}]},{\"@type\":\"BreadcrumbList\",\"@id\":\"https:\/\/dev.naiakitsu.fr\/dev1\/produit\/manches-longues-homme-en-jersey-lourd-raye\/#breadcrumb\",\"itemListElement\":[{\"@type\":\"ListItem\",\"position\":1,\"name\":\"Accueil\",\"item\":\"https:\/\/dev.naiakitsu.fr\/dev1\/\"},{\"@type\":\"ListItem\",\"position\":2,\"name\":\"E-shop\",\"item\":\"https:\/\/dev.naiakitsu.fr\/dev1\/e-shop\/\"},{\"@type\":\"ListItem\",\"position\":3,\"name\":\"Manches longues Homme en Jersey Lourd ray\u00e9\"}]},{\"@type\":\"WebSite\",\"@id\":\"https:\/\/dev.naiakitsu.fr\/dev1\/#website\",\"url\":\"https:\/\/dev.naiakitsu.fr\/dev1\/\",\"name\":\"naiakitsu\",\"description\":\"les basiques audacieux\",\"potentialAction\":[{\"@type\":\"SearchAction\",\"target\":{\"@type\":\"EntryPoint\",\"urlTemplate\":\"https:\/\/dev.naiakitsu.fr\/dev1\/?s={search_term_string}\"},\"query-input\":\"required name=search_term_string\"}],\"inLanguage\":\"fr-FR\"}]}<\/script>\n<!-- \/ Yoast SEO plugin. -->","yoast_head_json":{"title":"Manches longues Homme en Jersey Lourd ray\u00e9 - naiakitsu","description":"Ajoutez des manches longues \u00e0 votre polo pour donner un c\u00f4t\u00e9 marin et changer de style, c'est tout l'esprit de chez NAIAKITSU, Les Basiques Audacieux","robots":{"index":"index","follow":"follow","max-snippet":"max-snippet:-1","max-image-preview":"max-image-preview:large","max-video-preview":"max-video-preview:-1"},"canonical":"https:\/\/dev.naiakitsu.fr\/dev1\/produit\/manches-longues-homme-en-jersey-lourd-raye\/","og_locale":"fr_FR","og_type":"article","og_title":"Manches longues Homme en Jersey Lourd ray\u00e9 - naiakitsu","og_description":"Ajoutez des manches longues \u00e0 votre polo pour donner un c\u00f4t\u00e9 marin et changer de style, c'est tout l'esprit de chez NAIAKITSU, Les Basiques Audacieux","og_url":"https:\/\/dev.naiakitsu.fr\/dev1\/produit\/manches-longues-homme-en-jersey-lourd-raye\/","og_site_name":"naiakitsu","article_modified_time":"2023-01-20T12:26:14+00:00","og_image":[{"width":1536,"height":2048,"url":"https:\/\/dev.naiakitsu.fr\/dev1\/wp-content\/uploads\/BM-GF-GB-3-scaled.jpg","type":"image\/jpeg"}],"twitter_card":"summary_large_image","twitter_misc":{"Dur\u00e9e de lecture estim\u00e9e":"1 minute"},"schema":{"@context":"https:\/\/schema.org","@graph":[{"@type":"WebPage","@id":"https:\/\/dev.naiakitsu.fr\/dev1\/produit\/manches-longues-homme-en-jersey-lourd-raye\/","url":"https:\/\/dev.naiakitsu.fr\/dev1\/produit\/manches-longues-homme-en-jersey-lourd-raye\/","name":"Manches longues Homme en Jersey Lourd ray\u00e9 - naiakitsu","isPartOf":{"@id":"https:\/\/dev.naiakitsu.fr\/dev1\/#website"},"datePublished":"2022-12-29T16:32:22+00:00","dateModified":"2023-01-20T12:26:14+00:00","description":"Ajoutez des manches longues \u00e0 votre polo pour donner un c\u00f4t\u00e9 marin et changer de style, c'est tout l'esprit de chez NAIAKITSU, Les Basiques Audacieux","breadcrumb":{"@id":"https:\/\/dev.naiakitsu.fr\/dev1\/produit\/manches-longues-homme-en-jersey-lourd-raye\/#breadcrumb"},"inLanguage":"fr-FR","potentialAction":[{"@type":"ReadAction","target":["https:\/\/dev.naiakitsu.fr\/dev1\/produit\/manches-longues-homme-en-jersey-lourd-raye\/"]}]},{"@type":"BreadcrumbList","@id":"https:\/\/dev.naiakitsu.fr\/dev1\/produit\/manches-longues-homme-en-jersey-lourd-raye\/#breadcrumb","itemListElement":[{"@type":"ListItem","position":1,"name":"Accueil","item":"https:\/\/dev.naiakitsu.fr\/dev1\/"},{"@type":"ListItem","position":2,"name":"E-shop","item":"https:\/\/dev.naiakitsu.fr\/dev1\/e-shop\/"},{"@type":"ListItem","position":3,"name":"Manches longues Homme en Jersey Lourd ray\u00e9"}]},{"@type":"WebSite","@id":"https:\/\/dev.naiakitsu.fr\/dev1\/#website","url":"https:\/\/dev.naiakitsu.fr\/dev1\/","name":"naiakitsu","description":"les basiques audacieux","potentialAction":[{"@type":"SearchAction","target":{"@type":"EntryPoint","urlTemplate":"https:\/\/dev.naiakitsu.fr\/dev1\/?s={search_term_string}"},"query-input":"required name=search_term_string"}],"inLanguage":"fr-FR"}]}},"_links":{"self":[{"href":"https:\/\/dev.naiakitsu.fr\/dev1\/wp-json\/wp\/v2\/product\/18166"}],"collection":[{"href":"https:\/\/dev.naiakitsu.fr\/dev1\/wp-json\/wp\/v2\/product"}],"about":[{"href":"https:\/\/dev.naiakitsu.fr\/dev1\/wp-json\/wp\/v2\/types\/product"}],"wp:featuredmedia":[{"embeddable":true,"href":"https:\/\/dev.naiakitsu.fr\/dev1\/wp-json\/wp\/v2\/media\/18215"}],"wp:attachment":[{"href":"https:\/\/dev.naiakitsu.fr\/dev1\/wp-json\/wp\/v2\/media?parent=18166"}],"wp:term":[{"taxonomy":"product_cat","embeddable":true,"href":"https:\/\/dev.naiakitsu.fr\/dev1\/wp-json\/wp\/v2\/product_cat?post=18166"},{"taxonomy":"product_tag","embeddable":true,"href":"https:\/\/dev.naiakitsu.fr\/dev1\/wp-json\/wp\/v2\/product_tag?post=18166"}],"curies":[{"name":"wp","href":"https:\/\/api.w.org\/{rel}","templated":true}]}}