{"id":17720,"date":"2022-11-18T13:18:37","date_gmt":"2022-11-18T12:18:37","guid":{"rendered":"https:\/\/www.naiakitsu.fr\/?post_type=product&#038;p=17720"},"modified":"2022-11-20T17:28:13","modified_gmt":"2022-11-20T16:28:13","slug":"pack-polo-homme-blanc-col-mariniere-reversible-bm-ou-raye-blc-bm","status":"publish","type":"product","link":"https:\/\/dev.naiakitsu.fr\/dev1\/produit\/pack-polo-homme-blanc-col-mariniere-reversible-bm-ou-raye-blc-bm\/","title":{"rendered":"* Pack Polo Blanc Homme &#038; Col marini\u00e8re R\u00e9versible BM ou ray\u00e9 BLC BM"},"content":{"rendered":"<p>Nous avons configur\u00e9 pour vous une version du Polo Blanc et un col de marini\u00e8re ray\u00e9 Bleu Marine\/Blanc pour un look classe et original ! Choisis\u00a0 juste ta taille et ajoute ton pack dans ton panier.<\/p>\n<p>Ce pack Polo con\u00e7u pour les Hommes, a \u00e9t\u00e9 aussi adopt\u00e9 par nos mannequins Femme.<\/p>\n<p>Tu peux te faire d&#8217;autres id\u00e9es avec nos autres propositions de packs ou cr\u00e9er ta propre combinaison avec notre configurateur 3D.<\/p>\n<p>Ce polo haut de Gamme et les cols de marini\u00e8res sont uniques. Rejoins notre histoire et cr\u00e9\u00e9 la tienne, la n\u00f4tre, pour une nouvelle fa\u00e7on de s&#8217;habiller, en consommant Moins, Mieux et Malins !<\/p>\n","protected":false},"excerpt":{"rendered":"<p>Nous avons configur\u00e9 pour vous une version du Polo Blanc et un col de marini\u00e8re ray\u00e9 Bleu Marine\/Blanc pour un look classe et original ! Choisis\u00a0 juste ta taille et ajoute ton pack dans ton panier. Ce pack Polo con\u00e7u pour les Hommes, a \u00e9t\u00e9 aussi adopt\u00e9 par nos mannequins Femme. Tu peux te faire [&hellip;]<\/p>\n","protected":false},"featured_media":17740,"template":"","meta":[],"product_cat":[15,130],"product_tag":[],"composite_virtual":false,"composite_layout":"","composite_add_to_cart_form_location":"","composite_editable_in_cart":false,"composite_sold_individually_context":"","composite_shop_price_calc":"","composite_components":[],"composite_scenarios":[],"bundled_by":[],"bundle_stock_status":"instock","bundle_stock_quantity":null,"bundle_virtual":false,"bundle_layout":"","bundle_add_to_cart_form_location":"","bundle_editable_in_cart":false,"bundle_sold_individually_context":"","bundle_item_grouping":"","bundle_min_size":"","bundle_max_size":"","bundled_items":[],"acf":[],"yoast_head":"<!-- This site is optimized with the Yoast SEO plugin v19.10 - https:\/\/yoast.com\/wordpress\/plugins\/seo\/ -->\n<title>* Pack Polo Blanc Homme &amp; Col marini\u00e8re R\u00e9versible BM ou ray\u00e9 BLC BM - naiakitsu<\/title>\n<meta name=\"description\" content=\"Retrouve ici la version en pack de ton Polo Blanc, en Milano, et son col de marini\u00e8re r\u00e9versible et amovible, pour une version alliant classe et d\u00e9tente.\" \/>\n<meta name=\"robots\" content=\"index, follow, max-snippet:-1, max-image-preview:large, max-video-preview:-1\" \/>\n<link rel=\"canonical\" href=\"https:\/\/dev.naiakitsu.fr\/dev1\/produit\/pack-polo-homme-blanc-col-mariniere-reversible-bm-ou-raye-blc-bm\/\" \/>\n<meta property=\"og:locale\" content=\"fr_FR\" \/>\n<meta property=\"og:type\" content=\"article\" \/>\n<meta property=\"og:title\" content=\"* Pack Polo Blanc Homme &amp; Col marini\u00e8re R\u00e9versible BM ou ray\u00e9 BLC BM - naiakitsu\" \/>\n<meta property=\"og:description\" content=\"Retrouve ici la version en pack de ton Polo Blanc, en Milano, et son col de marini\u00e8re r\u00e9versible et amovible, pour une version alliant classe et d\u00e9tente.\" \/>\n<meta property=\"og:url\" content=\"https:\/\/dev.naiakitsu.fr\/dev1\/produit\/pack-polo-homme-blanc-col-mariniere-reversible-bm-ou-raye-blc-bm\/\" \/>\n<meta property=\"og:site_name\" content=\"naiakitsu\" \/>\n<meta property=\"article:modified_time\" content=\"2022-11-20T16:28:13+00:00\" \/>\n<meta property=\"og:image\" content=\"https:\/\/dev.naiakitsu.fr\/dev1\/wp-content\/uploads\/polo-Blc-col-MarinierevV2.jpg\" \/>\n\t<meta property=\"og:image:width\" content=\"1566\" \/>\n\t<meta property=\"og:image:height\" content=\"2043\" \/>\n\t<meta property=\"og:image:type\" content=\"image\/jpeg\" \/>\n<meta name=\"twitter:card\" content=\"summary_large_image\" \/>\n<meta name=\"twitter:label1\" content=\"Dur\u00e9e de lecture estim\u00e9e\" \/>\n\t<meta name=\"twitter:data1\" content=\"1 minute\" \/>\n<script type=\"application\/ld+json\" class=\"yoast-schema-graph\">{\"@context\":\"https:\/\/schema.org\",\"@graph\":[{\"@type\":\"WebPage\",\"@id\":\"https:\/\/dev.naiakitsu.fr\/dev1\/produit\/pack-polo-homme-blanc-col-mariniere-reversible-bm-ou-raye-blc-bm\/\",\"url\":\"https:\/\/dev.naiakitsu.fr\/dev1\/produit\/pack-polo-homme-blanc-col-mariniere-reversible-bm-ou-raye-blc-bm\/\",\"name\":\"* Pack Polo Blanc Homme & Col marini\u00e8re R\u00e9versible BM ou ray\u00e9 BLC BM - naiakitsu\",\"isPartOf\":{\"@id\":\"https:\/\/dev.naiakitsu.fr\/dev1\/#website\"},\"datePublished\":\"2022-11-18T12:18:37+00:00\",\"dateModified\":\"2022-11-20T16:28:13+00:00\",\"description\":\"Retrouve ici la version en pack de ton Polo Blanc, en Milano, et son col de marini\u00e8re r\u00e9versible et amovible, pour une version alliant classe et d\u00e9tente.\",\"breadcrumb\":{\"@id\":\"https:\/\/dev.naiakitsu.fr\/dev1\/produit\/pack-polo-homme-blanc-col-mariniere-reversible-bm-ou-raye-blc-bm\/#breadcrumb\"},\"inLanguage\":\"fr-FR\",\"potentialAction\":[{\"@type\":\"ReadAction\",\"target\":[\"https:\/\/dev.naiakitsu.fr\/dev1\/produit\/pack-polo-homme-blanc-col-mariniere-reversible-bm-ou-raye-blc-bm\/\"]}]},{\"@type\":\"BreadcrumbList\",\"@id\":\"https:\/\/dev.naiakitsu.fr\/dev1\/produit\/pack-polo-homme-blanc-col-mariniere-reversible-bm-ou-raye-blc-bm\/#breadcrumb\",\"itemListElement\":[{\"@type\":\"ListItem\",\"position\":1,\"name\":\"Accueil\",\"item\":\"https:\/\/dev.naiakitsu.fr\/dev1\/\"},{\"@type\":\"ListItem\",\"position\":2,\"name\":\"E-shop\",\"item\":\"https:\/\/dev.naiakitsu.fr\/dev1\/e-shop\/\"},{\"@type\":\"ListItem\",\"position\":3,\"name\":\"* Pack Polo Blanc Homme &#038; Col marini\u00e8re R\u00e9versible BM ou ray\u00e9 BLC BM\"}]},{\"@type\":\"WebSite\",\"@id\":\"https:\/\/dev.naiakitsu.fr\/dev1\/#website\",\"url\":\"https:\/\/dev.naiakitsu.fr\/dev1\/\",\"name\":\"naiakitsu\",\"description\":\"les basiques audacieux\",\"potentialAction\":[{\"@type\":\"SearchAction\",\"target\":{\"@type\":\"EntryPoint\",\"urlTemplate\":\"https:\/\/dev.naiakitsu.fr\/dev1\/?s={search_term_string}\"},\"query-input\":\"required name=search_term_string\"}],\"inLanguage\":\"fr-FR\"}]}<\/script>\n<!-- \/ Yoast SEO plugin. -->","yoast_head_json":{"title":"* Pack Polo Blanc Homme & Col marini\u00e8re R\u00e9versible BM ou ray\u00e9 BLC BM - naiakitsu","description":"Retrouve ici la version en pack de ton Polo Blanc, en Milano, et son col de marini\u00e8re r\u00e9versible et amovible, pour une version alliant classe et d\u00e9tente.","robots":{"index":"index","follow":"follow","max-snippet":"max-snippet:-1","max-image-preview":"max-image-preview:large","max-video-preview":"max-video-preview:-1"},"canonical":"https:\/\/dev.naiakitsu.fr\/dev1\/produit\/pack-polo-homme-blanc-col-mariniere-reversible-bm-ou-raye-blc-bm\/","og_locale":"fr_FR","og_type":"article","og_title":"* Pack Polo Blanc Homme & Col marini\u00e8re R\u00e9versible BM ou ray\u00e9 BLC BM - naiakitsu","og_description":"Retrouve ici la version en pack de ton Polo Blanc, en Milano, et son col de marini\u00e8re r\u00e9versible et amovible, pour une version alliant classe et d\u00e9tente.","og_url":"https:\/\/dev.naiakitsu.fr\/dev1\/produit\/pack-polo-homme-blanc-col-mariniere-reversible-bm-ou-raye-blc-bm\/","og_site_name":"naiakitsu","article_modified_time":"2022-11-20T16:28:13+00:00","og_image":[{"width":1566,"height":2043,"url":"https:\/\/dev.naiakitsu.fr\/dev1\/wp-content\/uploads\/polo-Blc-col-MarinierevV2.jpg","type":"image\/jpeg"}],"twitter_card":"summary_large_image","twitter_misc":{"Dur\u00e9e de lecture estim\u00e9e":"1 minute"},"schema":{"@context":"https:\/\/schema.org","@graph":[{"@type":"WebPage","@id":"https:\/\/dev.naiakitsu.fr\/dev1\/produit\/pack-polo-homme-blanc-col-mariniere-reversible-bm-ou-raye-blc-bm\/","url":"https:\/\/dev.naiakitsu.fr\/dev1\/produit\/pack-polo-homme-blanc-col-mariniere-reversible-bm-ou-raye-blc-bm\/","name":"* Pack Polo Blanc Homme & Col marini\u00e8re R\u00e9versible BM ou ray\u00e9 BLC BM - naiakitsu","isPartOf":{"@id":"https:\/\/dev.naiakitsu.fr\/dev1\/#website"},"datePublished":"2022-11-18T12:18:37+00:00","dateModified":"2022-11-20T16:28:13+00:00","description":"Retrouve ici la version en pack de ton Polo Blanc, en Milano, et son col de marini\u00e8re r\u00e9versible et amovible, pour une version alliant classe et d\u00e9tente.","breadcrumb":{"@id":"https:\/\/dev.naiakitsu.fr\/dev1\/produit\/pack-polo-homme-blanc-col-mariniere-reversible-bm-ou-raye-blc-bm\/#breadcrumb"},"inLanguage":"fr-FR","potentialAction":[{"@type":"ReadAction","target":["https:\/\/dev.naiakitsu.fr\/dev1\/produit\/pack-polo-homme-blanc-col-mariniere-reversible-bm-ou-raye-blc-bm\/"]}]},{"@type":"BreadcrumbList","@id":"https:\/\/dev.naiakitsu.fr\/dev1\/produit\/pack-polo-homme-blanc-col-mariniere-reversible-bm-ou-raye-blc-bm\/#breadcrumb","itemListElement":[{"@type":"ListItem","position":1,"name":"Accueil","item":"https:\/\/dev.naiakitsu.fr\/dev1\/"},{"@type":"ListItem","position":2,"name":"E-shop","item":"https:\/\/dev.naiakitsu.fr\/dev1\/e-shop\/"},{"@type":"ListItem","position":3,"name":"* Pack Polo Blanc Homme &#038; Col marini\u00e8re R\u00e9versible BM ou ray\u00e9 BLC BM"}]},{"@type":"WebSite","@id":"https:\/\/dev.naiakitsu.fr\/dev1\/#website","url":"https:\/\/dev.naiakitsu.fr\/dev1\/","name":"naiakitsu","description":"les basiques audacieux","potentialAction":[{"@type":"SearchAction","target":{"@type":"EntryPoint","urlTemplate":"https:\/\/dev.naiakitsu.fr\/dev1\/?s={search_term_string}"},"query-input":"required name=search_term_string"}],"inLanguage":"fr-FR"}]}},"_links":{"self":[{"href":"https:\/\/dev.naiakitsu.fr\/dev1\/wp-json\/wp\/v2\/product\/17720"}],"collection":[{"href":"https:\/\/dev.naiakitsu.fr\/dev1\/wp-json\/wp\/v2\/product"}],"about":[{"href":"https:\/\/dev.naiakitsu.fr\/dev1\/wp-json\/wp\/v2\/types\/product"}],"wp:featuredmedia":[{"embeddable":true,"href":"https:\/\/dev.naiakitsu.fr\/dev1\/wp-json\/wp\/v2\/media\/17740"}],"wp:attachment":[{"href":"https:\/\/dev.naiakitsu.fr\/dev1\/wp-json\/wp\/v2\/media?parent=17720"}],"wp:term":[{"taxonomy":"product_cat","embeddable":true,"href":"https:\/\/dev.naiakitsu.fr\/dev1\/wp-json\/wp\/v2\/product_cat?post=17720"},{"taxonomy":"product_tag","embeddable":true,"href":"https:\/\/dev.naiakitsu.fr\/dev1\/wp-json\/wp\/v2\/product_tag?post=17720"}],"curies":[{"name":"wp","href":"https:\/\/api.w.org\/{rel}","templated":true}]}}