{"id":1276,"date":"2021-10-12T16:19:28","date_gmt":"2021-10-12T14:19:28","guid":{"rendered":"https:\/\/www.naiakitsu.fr\/?post_type=product&#038;p=1276"},"modified":"2023-01-31T16:33:15","modified_gmt":"2023-01-31T15:33:15","slug":"chemise-homme","status":"publish","type":"product","link":"https:\/\/dev.naiakitsu.fr\/dev1\/produit\/chemise-homme\/","title":{"rendered":"* Chemise col Mao homme"},"content":{"rendered":"<p>Votre chemise Homme col Mao a une coupe droite, \u00e9l\u00e9gante et ajust\u00e9e dans un tissu Italien haut de gamme.<\/p>\n<p>Vous pouvez associer \u00e0 cette chemise des Poignets Napolitain, des Cols Italiens de diff\u00e9rentes mati\u00e8res, des Manchettes en jersey Lourd ou des Capuches, et jouer \u00e9galement avec les couleurs (uni, ray\u00e9). Les accessoires sont vendus s\u00e9par\u00e9ment.<br \/>\nCliquez sur le configurateur et cr\u00e9ez votre chemise avec vos accessoires si vous avez l&#8217;\u00e2me d&#8217;un Cr\u00e9ateur, ou sinon Cliquez sur Packs et vous aurez les versions pr\u00e9d\u00e9finies pour gagner du temps.<\/p>\n<p>Bienvenue dans l&#8217;Aventure de la NAIAFACTORY !<\/p>\n","protected":false},"excerpt":{"rendered":"<p>Votre chemise Homme col Mao a une coupe droite, \u00e9l\u00e9gante et ajust\u00e9e dans un tissu Italien haut de gamme. Vous pouvez associer \u00e0 cette chemise des Poignets Napolitain, des Cols Italiens de diff\u00e9rentes mati\u00e8res, des Manchettes en jersey Lourd ou des Capuches, et jouer \u00e9galement avec les couleurs (uni, ray\u00e9). Les accessoires sont vendus s\u00e9par\u00e9ment. [&hellip;]<\/p>\n","protected":false},"featured_media":18405,"template":"","meta":[],"product_cat":[15,132],"product_tag":[],"composite_virtual":false,"composite_layout":"","composite_add_to_cart_form_location":"","composite_editable_in_cart":false,"composite_sold_individually_context":"","composite_shop_price_calc":"","composite_components":[],"composite_scenarios":[],"bundled_by":[],"bundle_stock_status":"instock","bundle_stock_quantity":null,"bundle_virtual":false,"bundle_layout":"","bundle_add_to_cart_form_location":"","bundle_editable_in_cart":false,"bundle_sold_individually_context":"","bundle_item_grouping":"","bundle_min_size":"","bundle_max_size":"","bundled_items":[],"acf":[],"yoast_head":"<!-- This site is optimized with the Yoast SEO plugin v19.10 - https:\/\/yoast.com\/wordpress\/plugins\/seo\/ -->\n<title>* Chemise col Mao homme - naiakitsu<\/title>\n<meta name=\"description\" content=\"Une chemise homme NAIAKITSU, c&#039;est une chemise col Mao qui vous offre la possibilit\u00e9 de la personnaliser avec ses accessoires et ses mati\u00e8res\" \/>\n<meta name=\"robots\" content=\"index, follow, max-snippet:-1, max-image-preview:large, max-video-preview:-1\" \/>\n<link rel=\"canonical\" href=\"https:\/\/dev.naiakitsu.fr\/dev1\/produit\/chemise-homme\/\" \/>\n<meta property=\"og:locale\" content=\"fr_FR\" \/>\n<meta property=\"og:type\" content=\"article\" \/>\n<meta property=\"og:title\" content=\"* Chemise col Mao homme - naiakitsu\" \/>\n<meta property=\"og:description\" content=\"Une chemise homme NAIAKITSU, c&#039;est une chemise col Mao qui vous offre la possibilit\u00e9 de la personnaliser avec ses accessoires et ses mati\u00e8res\" \/>\n<meta property=\"og:url\" content=\"https:\/\/dev.naiakitsu.fr\/dev1\/produit\/chemise-homme\/\" \/>\n<meta property=\"og:site_name\" content=\"naiakitsu\" \/>\n<meta property=\"article:modified_time\" content=\"2023-01-31T15:33:15+00:00\" \/>\n<meta property=\"og:image\" content=\"https:\/\/dev.naiakitsu.fr\/dev1\/wp-content\/uploads\/naiakitsu_chemise_blanche_H05-scaled-1.jpg\" \/>\n\t<meta property=\"og:image:width\" content=\"1000\" \/>\n\t<meta property=\"og:image:height\" content=\"1000\" \/>\n\t<meta property=\"og:image:type\" content=\"image\/jpeg\" \/>\n<meta name=\"twitter:card\" content=\"summary_large_image\" \/>\n<meta name=\"twitter:label1\" content=\"Dur\u00e9e de lecture estim\u00e9e\" \/>\n\t<meta name=\"twitter:data1\" content=\"1 minute\" \/>\n<script type=\"application\/ld+json\" class=\"yoast-schema-graph\">{\"@context\":\"https:\/\/schema.org\",\"@graph\":[{\"@type\":\"WebPage\",\"@id\":\"https:\/\/dev.naiakitsu.fr\/dev1\/produit\/chemise-homme\/\",\"url\":\"https:\/\/dev.naiakitsu.fr\/dev1\/produit\/chemise-homme\/\",\"name\":\"* Chemise col Mao homme - naiakitsu\",\"isPartOf\":{\"@id\":\"https:\/\/dev.naiakitsu.fr\/dev1\/#website\"},\"datePublished\":\"2021-10-12T14:19:28+00:00\",\"dateModified\":\"2023-01-31T15:33:15+00:00\",\"description\":\"Une chemise homme NAIAKITSU, c'est une chemise col Mao qui vous offre la possibilit\u00e9 de la personnaliser avec ses accessoires et ses mati\u00e8res\",\"breadcrumb\":{\"@id\":\"https:\/\/dev.naiakitsu.fr\/dev1\/produit\/chemise-homme\/#breadcrumb\"},\"inLanguage\":\"fr-FR\",\"potentialAction\":[{\"@type\":\"ReadAction\",\"target\":[\"https:\/\/dev.naiakitsu.fr\/dev1\/produit\/chemise-homme\/\"]}]},{\"@type\":\"BreadcrumbList\",\"@id\":\"https:\/\/dev.naiakitsu.fr\/dev1\/produit\/chemise-homme\/#breadcrumb\",\"itemListElement\":[{\"@type\":\"ListItem\",\"position\":1,\"name\":\"Accueil\",\"item\":\"https:\/\/dev.naiakitsu.fr\/dev1\/\"},{\"@type\":\"ListItem\",\"position\":2,\"name\":\"E-shop\",\"item\":\"https:\/\/dev.naiakitsu.fr\/dev1\/e-shop\/\"},{\"@type\":\"ListItem\",\"position\":3,\"name\":\"* Chemise col Mao homme\"}]},{\"@type\":\"WebSite\",\"@id\":\"https:\/\/dev.naiakitsu.fr\/dev1\/#website\",\"url\":\"https:\/\/dev.naiakitsu.fr\/dev1\/\",\"name\":\"naiakitsu\",\"description\":\"les basiques audacieux\",\"potentialAction\":[{\"@type\":\"SearchAction\",\"target\":{\"@type\":\"EntryPoint\",\"urlTemplate\":\"https:\/\/dev.naiakitsu.fr\/dev1\/?s={search_term_string}\"},\"query-input\":\"required name=search_term_string\"}],\"inLanguage\":\"fr-FR\"}]}<\/script>\n<!-- \/ Yoast SEO plugin. -->","yoast_head_json":{"title":"* Chemise col Mao homme - naiakitsu","description":"Une chemise homme NAIAKITSU, c'est une chemise col Mao qui vous offre la possibilit\u00e9 de la personnaliser avec ses accessoires et ses mati\u00e8res","robots":{"index":"index","follow":"follow","max-snippet":"max-snippet:-1","max-image-preview":"max-image-preview:large","max-video-preview":"max-video-preview:-1"},"canonical":"https:\/\/dev.naiakitsu.fr\/dev1\/produit\/chemise-homme\/","og_locale":"fr_FR","og_type":"article","og_title":"* Chemise col Mao homme - naiakitsu","og_description":"Une chemise homme NAIAKITSU, c'est une chemise col Mao qui vous offre la possibilit\u00e9 de la personnaliser avec ses accessoires et ses mati\u00e8res","og_url":"https:\/\/dev.naiakitsu.fr\/dev1\/produit\/chemise-homme\/","og_site_name":"naiakitsu","article_modified_time":"2023-01-31T15:33:15+00:00","og_image":[{"width":1000,"height":1000,"url":"https:\/\/dev.naiakitsu.fr\/dev1\/wp-content\/uploads\/naiakitsu_chemise_blanche_H05-scaled-1.jpg","type":"image\/jpeg"}],"twitter_card":"summary_large_image","twitter_misc":{"Dur\u00e9e de lecture estim\u00e9e":"1 minute"},"schema":{"@context":"https:\/\/schema.org","@graph":[{"@type":"WebPage","@id":"https:\/\/dev.naiakitsu.fr\/dev1\/produit\/chemise-homme\/","url":"https:\/\/dev.naiakitsu.fr\/dev1\/produit\/chemise-homme\/","name":"* Chemise col Mao homme - naiakitsu","isPartOf":{"@id":"https:\/\/dev.naiakitsu.fr\/dev1\/#website"},"datePublished":"2021-10-12T14:19:28+00:00","dateModified":"2023-01-31T15:33:15+00:00","description":"Une chemise homme NAIAKITSU, c'est une chemise col Mao qui vous offre la possibilit\u00e9 de la personnaliser avec ses accessoires et ses mati\u00e8res","breadcrumb":{"@id":"https:\/\/dev.naiakitsu.fr\/dev1\/produit\/chemise-homme\/#breadcrumb"},"inLanguage":"fr-FR","potentialAction":[{"@type":"ReadAction","target":["https:\/\/dev.naiakitsu.fr\/dev1\/produit\/chemise-homme\/"]}]},{"@type":"BreadcrumbList","@id":"https:\/\/dev.naiakitsu.fr\/dev1\/produit\/chemise-homme\/#breadcrumb","itemListElement":[{"@type":"ListItem","position":1,"name":"Accueil","item":"https:\/\/dev.naiakitsu.fr\/dev1\/"},{"@type":"ListItem","position":2,"name":"E-shop","item":"https:\/\/dev.naiakitsu.fr\/dev1\/e-shop\/"},{"@type":"ListItem","position":3,"name":"* Chemise col Mao homme"}]},{"@type":"WebSite","@id":"https:\/\/dev.naiakitsu.fr\/dev1\/#website","url":"https:\/\/dev.naiakitsu.fr\/dev1\/","name":"naiakitsu","description":"les basiques audacieux","potentialAction":[{"@type":"SearchAction","target":{"@type":"EntryPoint","urlTemplate":"https:\/\/dev.naiakitsu.fr\/dev1\/?s={search_term_string}"},"query-input":"required name=search_term_string"}],"inLanguage":"fr-FR"}]}},"_links":{"self":[{"href":"https:\/\/dev.naiakitsu.fr\/dev1\/wp-json\/wp\/v2\/product\/1276"}],"collection":[{"href":"https:\/\/dev.naiakitsu.fr\/dev1\/wp-json\/wp\/v2\/product"}],"about":[{"href":"https:\/\/dev.naiakitsu.fr\/dev1\/wp-json\/wp\/v2\/types\/product"}],"wp:featuredmedia":[{"embeddable":true,"href":"https:\/\/dev.naiakitsu.fr\/dev1\/wp-json\/wp\/v2\/media\/18405"}],"wp:attachment":[{"href":"https:\/\/dev.naiakitsu.fr\/dev1\/wp-json\/wp\/v2\/media?parent=1276"}],"wp:term":[{"taxonomy":"product_cat","embeddable":true,"href":"https:\/\/dev.naiakitsu.fr\/dev1\/wp-json\/wp\/v2\/product_cat?post=1276"},{"taxonomy":"product_tag","embeddable":true,"href":"https:\/\/dev.naiakitsu.fr\/dev1\/wp-json\/wp\/v2\/product_tag?post=1276"}],"curies":[{"name":"wp","href":"https:\/\/api.w.org\/{rel}","templated":true}]}}