{"id":1254,"date":"2021-10-12T16:16:41","date_gmt":"2021-10-12T14:16:41","guid":{"rendered":"https:\/\/www.naiakitsu.fr\/?post_type=product&#038;p=1254"},"modified":"2023-02-01T09:40:31","modified_gmt":"2023-02-01T08:40:31","slug":"chemise-femme","status":"publish","type":"product","link":"https:\/\/dev.naiakitsu.fr\/dev1\/produit\/chemise-femme\/","title":{"rendered":"* Chemise col Mao femme"},"content":{"rendered":"<p>La chemise est une pi\u00e8ce incontournable de votre dressing, parfois on l\u2019aime sage et s\u00e9rieuse, parfois plus cool ou d\u00e9cal\u00e9e !<br \/>\nVotre chemise Naiakitsu est la version mao d\u00e9contract\u00e9e, l\u00e9g\u00e8rement cintr\u00e9e ! Vous pouvez la transformer chez vous en ajoutant dans votre panier ses cols Italien, ses manchettes, ses poignets et les capuches\u2026<br \/>\nJouez avec vos accessoires pour un style toujours en phase avec vos envies ou les circonstances !<\/p>\n<p>&nbsp;<\/p>\n<p>&nbsp;<\/p>\n","protected":false},"excerpt":{"rendered":"<p>La chemise est une pi\u00e8ce incontournable de votre dressing, parfois on l\u2019aime sage et s\u00e9rieuse, parfois plus cool ou d\u00e9cal\u00e9e ! Votre chemise Naiakitsu est la version mao d\u00e9contract\u00e9e, l\u00e9g\u00e8rement cintr\u00e9e ! Vous pouvez la transformer chez vous en ajoutant dans votre panier ses cols Italien, ses manchettes, ses poignets et les capuches\u2026 Jouez avec [&hellip;]<\/p>\n","protected":false},"featured_media":18408,"template":"","meta":[],"product_cat":[132],"product_tag":[],"composite_virtual":false,"composite_layout":"","composite_add_to_cart_form_location":"","composite_editable_in_cart":false,"composite_sold_individually_context":"","composite_shop_price_calc":"","composite_components":[],"composite_scenarios":[],"bundled_by":[],"bundle_stock_status":"instock","bundle_stock_quantity":null,"bundle_virtual":false,"bundle_layout":"","bundle_add_to_cart_form_location":"","bundle_editable_in_cart":false,"bundle_sold_individually_context":"","bundle_item_grouping":"","bundle_min_size":"","bundle_max_size":"","bundled_items":[],"acf":[],"yoast_head":"<!-- This site is optimized with the Yoast SEO plugin v19.10 - https:\/\/yoast.com\/wordpress\/plugins\/seo\/ -->\n<title>* Chemise col Mao femme - naiakitsu<\/title>\n<meta name=\"description\" content=\"La chemise femme col mao Naiakitsu, \u00e9l\u00e9gante et \u00e9pur\u00e9e, toujours pr\u00eate \u00e0 affronter tous les d\u00e9fis. N&#039;oubliez pas, vous pouvez ajouter des accessoires !\" \/>\n<meta name=\"robots\" content=\"index, follow, max-snippet:-1, max-image-preview:large, max-video-preview:-1\" \/>\n<link rel=\"canonical\" href=\"https:\/\/dev.naiakitsu.fr\/dev1\/produit\/chemise-femme\/\" \/>\n<meta property=\"og:locale\" content=\"fr_FR\" \/>\n<meta property=\"og:type\" content=\"article\" \/>\n<meta property=\"og:title\" content=\"* Chemise col Mao femme - naiakitsu\" \/>\n<meta property=\"og:description\" content=\"La chemise femme col mao Naiakitsu, \u00e9l\u00e9gante et \u00e9pur\u00e9e, toujours pr\u00eate \u00e0 affronter tous les d\u00e9fis. N&#039;oubliez pas, vous pouvez ajouter des accessoires !\" \/>\n<meta property=\"og:url\" content=\"https:\/\/dev.naiakitsu.fr\/dev1\/produit\/chemise-femme\/\" \/>\n<meta property=\"og:site_name\" content=\"naiakitsu\" \/>\n<meta property=\"article:modified_time\" content=\"2023-02-01T08:40:31+00:00\" \/>\n<meta property=\"og:image\" content=\"https:\/\/dev.naiakitsu.fr\/dev1\/wp-content\/uploads\/chemise-col-mao-femme.jpg\" \/>\n\t<meta property=\"og:image:width\" content=\"768\" \/>\n\t<meta property=\"og:image:height\" content=\"768\" \/>\n\t<meta property=\"og:image:type\" content=\"image\/jpeg\" \/>\n<meta name=\"twitter:card\" content=\"summary_large_image\" \/>\n<meta name=\"twitter:label1\" content=\"Dur\u00e9e de lecture estim\u00e9e\" \/>\n\t<meta name=\"twitter:data1\" content=\"1 minute\" \/>\n<script type=\"application\/ld+json\" class=\"yoast-schema-graph\">{\"@context\":\"https:\/\/schema.org\",\"@graph\":[{\"@type\":\"WebPage\",\"@id\":\"https:\/\/dev.naiakitsu.fr\/dev1\/produit\/chemise-femme\/\",\"url\":\"https:\/\/dev.naiakitsu.fr\/dev1\/produit\/chemise-femme\/\",\"name\":\"* Chemise col Mao femme - naiakitsu\",\"isPartOf\":{\"@id\":\"https:\/\/dev.naiakitsu.fr\/dev1\/#website\"},\"datePublished\":\"2021-10-12T14:16:41+00:00\",\"dateModified\":\"2023-02-01T08:40:31+00:00\",\"description\":\"La chemise femme col mao Naiakitsu, \u00e9l\u00e9gante et \u00e9pur\u00e9e, toujours pr\u00eate \u00e0 affronter tous les d\u00e9fis. N'oubliez pas, vous pouvez ajouter des accessoires !\",\"breadcrumb\":{\"@id\":\"https:\/\/dev.naiakitsu.fr\/dev1\/produit\/chemise-femme\/#breadcrumb\"},\"inLanguage\":\"fr-FR\",\"potentialAction\":[{\"@type\":\"ReadAction\",\"target\":[\"https:\/\/dev.naiakitsu.fr\/dev1\/produit\/chemise-femme\/\"]}]},{\"@type\":\"BreadcrumbList\",\"@id\":\"https:\/\/dev.naiakitsu.fr\/dev1\/produit\/chemise-femme\/#breadcrumb\",\"itemListElement\":[{\"@type\":\"ListItem\",\"position\":1,\"name\":\"Accueil\",\"item\":\"https:\/\/dev.naiakitsu.fr\/dev1\/\"},{\"@type\":\"ListItem\",\"position\":2,\"name\":\"E-shop\",\"item\":\"https:\/\/dev.naiakitsu.fr\/dev1\/e-shop\/\"},{\"@type\":\"ListItem\",\"position\":3,\"name\":\"* Chemise col Mao femme\"}]},{\"@type\":\"WebSite\",\"@id\":\"https:\/\/dev.naiakitsu.fr\/dev1\/#website\",\"url\":\"https:\/\/dev.naiakitsu.fr\/dev1\/\",\"name\":\"naiakitsu\",\"description\":\"les basiques audacieux\",\"potentialAction\":[{\"@type\":\"SearchAction\",\"target\":{\"@type\":\"EntryPoint\",\"urlTemplate\":\"https:\/\/dev.naiakitsu.fr\/dev1\/?s={search_term_string}\"},\"query-input\":\"required name=search_term_string\"}],\"inLanguage\":\"fr-FR\"}]}<\/script>\n<!-- \/ Yoast SEO plugin. -->","yoast_head_json":{"title":"* Chemise col Mao femme - naiakitsu","description":"La chemise femme col mao Naiakitsu, \u00e9l\u00e9gante et \u00e9pur\u00e9e, toujours pr\u00eate \u00e0 affronter tous les d\u00e9fis. N'oubliez pas, vous pouvez ajouter des accessoires !","robots":{"index":"index","follow":"follow","max-snippet":"max-snippet:-1","max-image-preview":"max-image-preview:large","max-video-preview":"max-video-preview:-1"},"canonical":"https:\/\/dev.naiakitsu.fr\/dev1\/produit\/chemise-femme\/","og_locale":"fr_FR","og_type":"article","og_title":"* Chemise col Mao femme - naiakitsu","og_description":"La chemise femme col mao Naiakitsu, \u00e9l\u00e9gante et \u00e9pur\u00e9e, toujours pr\u00eate \u00e0 affronter tous les d\u00e9fis. N'oubliez pas, vous pouvez ajouter des accessoires !","og_url":"https:\/\/dev.naiakitsu.fr\/dev1\/produit\/chemise-femme\/","og_site_name":"naiakitsu","article_modified_time":"2023-02-01T08:40:31+00:00","og_image":[{"width":768,"height":768,"url":"https:\/\/dev.naiakitsu.fr\/dev1\/wp-content\/uploads\/chemise-col-mao-femme.jpg","type":"image\/jpeg"}],"twitter_card":"summary_large_image","twitter_misc":{"Dur\u00e9e de lecture estim\u00e9e":"1 minute"},"schema":{"@context":"https:\/\/schema.org","@graph":[{"@type":"WebPage","@id":"https:\/\/dev.naiakitsu.fr\/dev1\/produit\/chemise-femme\/","url":"https:\/\/dev.naiakitsu.fr\/dev1\/produit\/chemise-femme\/","name":"* Chemise col Mao femme - naiakitsu","isPartOf":{"@id":"https:\/\/dev.naiakitsu.fr\/dev1\/#website"},"datePublished":"2021-10-12T14:16:41+00:00","dateModified":"2023-02-01T08:40:31+00:00","description":"La chemise femme col mao Naiakitsu, \u00e9l\u00e9gante et \u00e9pur\u00e9e, toujours pr\u00eate \u00e0 affronter tous les d\u00e9fis. N'oubliez pas, vous pouvez ajouter des accessoires !","breadcrumb":{"@id":"https:\/\/dev.naiakitsu.fr\/dev1\/produit\/chemise-femme\/#breadcrumb"},"inLanguage":"fr-FR","potentialAction":[{"@type":"ReadAction","target":["https:\/\/dev.naiakitsu.fr\/dev1\/produit\/chemise-femme\/"]}]},{"@type":"BreadcrumbList","@id":"https:\/\/dev.naiakitsu.fr\/dev1\/produit\/chemise-femme\/#breadcrumb","itemListElement":[{"@type":"ListItem","position":1,"name":"Accueil","item":"https:\/\/dev.naiakitsu.fr\/dev1\/"},{"@type":"ListItem","position":2,"name":"E-shop","item":"https:\/\/dev.naiakitsu.fr\/dev1\/e-shop\/"},{"@type":"ListItem","position":3,"name":"* Chemise col Mao femme"}]},{"@type":"WebSite","@id":"https:\/\/dev.naiakitsu.fr\/dev1\/#website","url":"https:\/\/dev.naiakitsu.fr\/dev1\/","name":"naiakitsu","description":"les basiques audacieux","potentialAction":[{"@type":"SearchAction","target":{"@type":"EntryPoint","urlTemplate":"https:\/\/dev.naiakitsu.fr\/dev1\/?s={search_term_string}"},"query-input":"required name=search_term_string"}],"inLanguage":"fr-FR"}]}},"_links":{"self":[{"href":"https:\/\/dev.naiakitsu.fr\/dev1\/wp-json\/wp\/v2\/product\/1254"}],"collection":[{"href":"https:\/\/dev.naiakitsu.fr\/dev1\/wp-json\/wp\/v2\/product"}],"about":[{"href":"https:\/\/dev.naiakitsu.fr\/dev1\/wp-json\/wp\/v2\/types\/product"}],"wp:featuredmedia":[{"embeddable":true,"href":"https:\/\/dev.naiakitsu.fr\/dev1\/wp-json\/wp\/v2\/media\/18408"}],"wp:attachment":[{"href":"https:\/\/dev.naiakitsu.fr\/dev1\/wp-json\/wp\/v2\/media?parent=1254"}],"wp:term":[{"taxonomy":"product_cat","embeddable":true,"href":"https:\/\/dev.naiakitsu.fr\/dev1\/wp-json\/wp\/v2\/product_cat?post=1254"},{"taxonomy":"product_tag","embeddable":true,"href":"https:\/\/dev.naiakitsu.fr\/dev1\/wp-json\/wp\/v2\/product_tag?post=1254"}],"curies":[{"name":"wp","href":"https:\/\/api.w.org\/{rel}","templated":true}]}}