{"id":1168,"date":"2021-10-12T12:35:38","date_gmt":"2021-10-12T10:35:38","guid":{"rendered":"https:\/\/www.naiakitsu.fr\/?post_type=product&#038;p=1168"},"modified":"2022-12-13T09:51:04","modified_gmt":"2022-12-13T08:51:04","slug":"mariniere-femme","status":"publish","type":"product","link":"https:\/\/dev.naiakitsu.fr\/dev1\/produit\/mariniere-femme\/","title":{"rendered":"* Marini\u00e8re mixte"},"content":{"rendered":"<p><span style=\"font-weight: 400;\">Nous avons r\u00e9invent\u00e9 une marini\u00e8re sans toucher \u00e0 son style qu\u2019on aime tant ! <\/span><span style=\"font-weight: 400;\">Retrouvez la mati\u00e8re et la coupe originale des marini\u00e8res 100% style bord de mer, et jouez avec elle en l\u2019accessoirisant \u00e0 votre guise !\u00a0<\/span><\/p>\n<p>Sa patte et ses 3 boutons ajout\u00e9s lui donne de l&#8217;originalit\u00e9. Elle donne \u00e9galement de l&#8217;aisance pour enfiler le cou et vous permet d&#8217;ajouter les ingr\u00e9dients Naiakitsu !<\/p>\n<ul>\n<li><span style=\"font-weight: 400;\">Cols et poignets de chemise pour un c\u00f4t\u00e9 habill\u00e9,<\/span><\/li>\n<li>Cols ray\u00e9s ou Unis en Jersey Lourd et Manchettes assorties, Cols Unis en jersey l\u00e9gers, pour un c\u00f4t\u00e9 chic,<\/li>\n<li>Capuches unies ou ray\u00e9es en Jersey Lourd ou L\u00e9ger pour une version sportswear chic,<\/li>\n<\/ul>\n<p><span style=\"font-weight: 400;\">Si vous voulez d\u00e9couvrir toutes vos possibilit\u00e9s, rendez vous directement sur le configurateur 3 D pour vous donner une id\u00e9e.<\/span><\/p>\n<p>&nbsp;<\/p>\n","protected":false},"excerpt":{"rendered":"<p>Nous avons r\u00e9invent\u00e9 une marini\u00e8re sans toucher \u00e0 son style qu\u2019on aime tant ! Retrouvez la mati\u00e8re et la coupe originale des marini\u00e8res 100% style bord de mer, et jouez avec elle en l\u2019accessoirisant \u00e0 votre guise !\u00a0 Sa patte et ses 3 boutons ajout\u00e9s lui donne de l&#8217;originalit\u00e9. Elle donne \u00e9galement de l&#8217;aisance pour [&hellip;]<\/p>\n","protected":false},"featured_media":16088,"template":"","meta":[],"product_cat":[15,131],"product_tag":[],"composite_virtual":false,"composite_layout":"","composite_add_to_cart_form_location":"","composite_editable_in_cart":false,"composite_sold_individually_context":"","composite_shop_price_calc":"","composite_components":[],"composite_scenarios":[],"bundled_by":[],"bundle_stock_status":"instock","bundle_stock_quantity":null,"bundle_virtual":false,"bundle_layout":"","bundle_add_to_cart_form_location":"","bundle_editable_in_cart":false,"bundle_sold_individually_context":"","bundle_item_grouping":"","bundle_min_size":"","bundle_max_size":"","bundled_items":[],"acf":[],"yoast_head":"<!-- This site is optimized with the Yoast SEO plugin v19.10 - https:\/\/yoast.com\/wordpress\/plugins\/seo\/ -->\n<title>* Marini\u00e8re mixte - naiakitsu<\/title>\n<meta name=\"description\" content=\"50\" \/>\n<meta name=\"robots\" content=\"index, follow, max-snippet:-1, max-image-preview:large, max-video-preview:-1\" \/>\n<link rel=\"canonical\" href=\"https:\/\/dev.naiakitsu.fr\/dev1\/produit\/mariniere-femme\/\" \/>\n<meta property=\"og:locale\" content=\"fr_FR\" \/>\n<meta property=\"og:type\" content=\"article\" \/>\n<meta property=\"og:title\" content=\"* Marini\u00e8re mixte - naiakitsu\" \/>\n<meta property=\"og:description\" content=\"50\" \/>\n<meta property=\"og:url\" content=\"https:\/\/dev.naiakitsu.fr\/dev1\/produit\/mariniere-femme\/\" \/>\n<meta property=\"og:site_name\" content=\"naiakitsu\" \/>\n<meta property=\"article:modified_time\" content=\"2022-12-13T08:51:04+00:00\" \/>\n<meta property=\"og:image\" content=\"https:\/\/dev.naiakitsu.fr\/dev1\/wp-content\/uploads\/Naiakitsu_IleDeRe_13-14mai2022_AnneBiedPhotographe-296.jpg\" \/>\n\t<meta property=\"og:image:width\" content=\"1600\" \/>\n\t<meta property=\"og:image:height\" content=\"1600\" \/>\n\t<meta property=\"og:image:type\" content=\"image\/jpeg\" \/>\n<meta name=\"twitter:card\" content=\"summary_large_image\" \/>\n<meta name=\"twitter:label1\" content=\"Dur\u00e9e de lecture estim\u00e9e\" \/>\n\t<meta name=\"twitter:data1\" content=\"1 minute\" \/>\n<script type=\"application\/ld+json\" class=\"yoast-schema-graph\">{\"@context\":\"https:\/\/schema.org\",\"@graph\":[{\"@type\":\"WebPage\",\"@id\":\"https:\/\/dev.naiakitsu.fr\/dev1\/produit\/mariniere-femme\/\",\"url\":\"https:\/\/dev.naiakitsu.fr\/dev1\/produit\/mariniere-femme\/\",\"name\":\"* Marini\u00e8re mixte - naiakitsu\",\"isPartOf\":{\"@id\":\"https:\/\/dev.naiakitsu.fr\/dev1\/#website\"},\"datePublished\":\"2021-10-12T10:35:38+00:00\",\"dateModified\":\"2022-12-13T08:51:04+00:00\",\"description\":\"50\",\"breadcrumb\":{\"@id\":\"https:\/\/dev.naiakitsu.fr\/dev1\/produit\/mariniere-femme\/#breadcrumb\"},\"inLanguage\":\"fr-FR\",\"potentialAction\":[{\"@type\":\"ReadAction\",\"target\":[\"https:\/\/dev.naiakitsu.fr\/dev1\/produit\/mariniere-femme\/\"]}]},{\"@type\":\"BreadcrumbList\",\"@id\":\"https:\/\/dev.naiakitsu.fr\/dev1\/produit\/mariniere-femme\/#breadcrumb\",\"itemListElement\":[{\"@type\":\"ListItem\",\"position\":1,\"name\":\"Accueil\",\"item\":\"https:\/\/dev.naiakitsu.fr\/dev1\/\"},{\"@type\":\"ListItem\",\"position\":2,\"name\":\"E-shop\",\"item\":\"https:\/\/dev.naiakitsu.fr\/dev1\/e-shop\/\"},{\"@type\":\"ListItem\",\"position\":3,\"name\":\"* Marini\u00e8re mixte\"}]},{\"@type\":\"WebSite\",\"@id\":\"https:\/\/dev.naiakitsu.fr\/dev1\/#website\",\"url\":\"https:\/\/dev.naiakitsu.fr\/dev1\/\",\"name\":\"naiakitsu\",\"description\":\"les basiques audacieux\",\"potentialAction\":[{\"@type\":\"SearchAction\",\"target\":{\"@type\":\"EntryPoint\",\"urlTemplate\":\"https:\/\/dev.naiakitsu.fr\/dev1\/?s={search_term_string}\"},\"query-input\":\"required name=search_term_string\"}],\"inLanguage\":\"fr-FR\"}]}<\/script>\n<!-- \/ Yoast SEO plugin. -->","yoast_head_json":{"title":"* Marini\u00e8re mixte - naiakitsu","description":"50","robots":{"index":"index","follow":"follow","max-snippet":"max-snippet:-1","max-image-preview":"max-image-preview:large","max-video-preview":"max-video-preview:-1"},"canonical":"https:\/\/dev.naiakitsu.fr\/dev1\/produit\/mariniere-femme\/","og_locale":"fr_FR","og_type":"article","og_title":"* Marini\u00e8re mixte - naiakitsu","og_description":"50","og_url":"https:\/\/dev.naiakitsu.fr\/dev1\/produit\/mariniere-femme\/","og_site_name":"naiakitsu","article_modified_time":"2022-12-13T08:51:04+00:00","og_image":[{"width":1600,"height":1600,"url":"https:\/\/dev.naiakitsu.fr\/dev1\/wp-content\/uploads\/Naiakitsu_IleDeRe_13-14mai2022_AnneBiedPhotographe-296.jpg","type":"image\/jpeg"}],"twitter_card":"summary_large_image","twitter_misc":{"Dur\u00e9e de lecture estim\u00e9e":"1 minute"},"schema":{"@context":"https:\/\/schema.org","@graph":[{"@type":"WebPage","@id":"https:\/\/dev.naiakitsu.fr\/dev1\/produit\/mariniere-femme\/","url":"https:\/\/dev.naiakitsu.fr\/dev1\/produit\/mariniere-femme\/","name":"* Marini\u00e8re mixte - naiakitsu","isPartOf":{"@id":"https:\/\/dev.naiakitsu.fr\/dev1\/#website"},"datePublished":"2021-10-12T10:35:38+00:00","dateModified":"2022-12-13T08:51:04+00:00","description":"50","breadcrumb":{"@id":"https:\/\/dev.naiakitsu.fr\/dev1\/produit\/mariniere-femme\/#breadcrumb"},"inLanguage":"fr-FR","potentialAction":[{"@type":"ReadAction","target":["https:\/\/dev.naiakitsu.fr\/dev1\/produit\/mariniere-femme\/"]}]},{"@type":"BreadcrumbList","@id":"https:\/\/dev.naiakitsu.fr\/dev1\/produit\/mariniere-femme\/#breadcrumb","itemListElement":[{"@type":"ListItem","position":1,"name":"Accueil","item":"https:\/\/dev.naiakitsu.fr\/dev1\/"},{"@type":"ListItem","position":2,"name":"E-shop","item":"https:\/\/dev.naiakitsu.fr\/dev1\/e-shop\/"},{"@type":"ListItem","position":3,"name":"* Marini\u00e8re mixte"}]},{"@type":"WebSite","@id":"https:\/\/dev.naiakitsu.fr\/dev1\/#website","url":"https:\/\/dev.naiakitsu.fr\/dev1\/","name":"naiakitsu","description":"les basiques audacieux","potentialAction":[{"@type":"SearchAction","target":{"@type":"EntryPoint","urlTemplate":"https:\/\/dev.naiakitsu.fr\/dev1\/?s={search_term_string}"},"query-input":"required name=search_term_string"}],"inLanguage":"fr-FR"}]}},"_links":{"self":[{"href":"https:\/\/dev.naiakitsu.fr\/dev1\/wp-json\/wp\/v2\/product\/1168"}],"collection":[{"href":"https:\/\/dev.naiakitsu.fr\/dev1\/wp-json\/wp\/v2\/product"}],"about":[{"href":"https:\/\/dev.naiakitsu.fr\/dev1\/wp-json\/wp\/v2\/types\/product"}],"wp:featuredmedia":[{"embeddable":true,"href":"https:\/\/dev.naiakitsu.fr\/dev1\/wp-json\/wp\/v2\/media\/16088"}],"wp:attachment":[{"href":"https:\/\/dev.naiakitsu.fr\/dev1\/wp-json\/wp\/v2\/media?parent=1168"}],"wp:term":[{"taxonomy":"product_cat","embeddable":true,"href":"https:\/\/dev.naiakitsu.fr\/dev1\/wp-json\/wp\/v2\/product_cat?post=1168"},{"taxonomy":"product_tag","embeddable":true,"href":"https:\/\/dev.naiakitsu.fr\/dev1\/wp-json\/wp\/v2\/product_tag?post=1168"}],"curies":[{"name":"wp","href":"https:\/\/api.w.org\/{rel}","templated":true}]}}