{"id":1111,"date":"2021-10-12T12:21:32","date_gmt":"2021-10-12T10:21:32","guid":{"rendered":"https:\/\/www.naiakitsu.fr\/?post_type=product&#038;p=1111"},"modified":"2023-01-31T16:38:27","modified_gmt":"2023-01-31T15:38:27","slug":"tshirt-femme","status":"publish","type":"product","link":"https:\/\/dev.naiakitsu.fr\/dev1\/produit\/tshirt-femme\/","title":{"rendered":"* T-shirt femme"},"content":{"rendered":"<p>Quel bonheur d&#8217;\u00eatre soi-m\u00eame et de laisser s&#8217;amuser ta cr\u00e9ativit\u00e9 en accessoirisant ton T-Shirt Femme Naiakitsu, l\u00e9g\u00e8rement cintr\u00e9, avec des capuches, des cols, des manches longues, des bracelets etc &#8230; pour Devenir qui tu es, by Naiakitsu !<\/p>\n<p>Son coton BIO et GOTS de 200 grammes et sa jolie broderie,\u00a0 marque sa diff\u00e9rence.<\/p>\n<p>A toi de choisir et de m\u00e9langer un ou plusieurs accessoires avec une ou plusieurs couleurs ! Retrouve les accessoires (vendus s\u00e9par\u00e9ment) sur le site ou cr\u00e9er T-Shirt \u00e0 l&#8217;aide de notre configurateur pour avoir une id\u00e9e r\u00e9aliste de tout ce que tu peux faire avec lui ! Tu n&#8217;es pas d&#8217;humeur cr\u00e9ative aujourd&#8217;hui : retrouve nos packs complets qui te feront gagner du temps.<\/p>\n","protected":false},"excerpt":{"rendered":"<p>Quel bonheur d&#8217;\u00eatre soi-m\u00eame et de laisser s&#8217;amuser ta cr\u00e9ativit\u00e9 en accessoirisant ton T-Shirt Femme Naiakitsu, l\u00e9g\u00e8rement cintr\u00e9, avec des capuches, des cols, des manches longues, des bracelets etc &#8230; pour Devenir qui tu es, by Naiakitsu ! Son coton BIO et GOTS de 200 grammes et sa jolie broderie,\u00a0 marque sa diff\u00e9rence. A toi [&hellip;]<\/p>\n","protected":false},"featured_media":18412,"template":"","meta":[],"product_cat":[37],"product_tag":[],"composite_virtual":false,"composite_layout":"","composite_add_to_cart_form_location":"","composite_editable_in_cart":false,"composite_sold_individually_context":"","composite_shop_price_calc":"","composite_components":[],"composite_scenarios":[],"bundled_by":[],"bundle_stock_status":"instock","bundle_stock_quantity":null,"bundle_virtual":false,"bundle_layout":"","bundle_add_to_cart_form_location":"","bundle_editable_in_cart":false,"bundle_sold_individually_context":"","bundle_item_grouping":"","bundle_min_size":"","bundle_max_size":"","bundled_items":[],"acf":[],"yoast_head":"<!-- This site is optimized with the Yoast SEO plugin v19.10 - https:\/\/yoast.com\/wordpress\/plugins\/seo\/ -->\n<title>* T-shirt femme - naiakitsu<\/title>\n<meta name=\"description\" content=\"Le T-shirt Femme en coton Bio avec sa broderie discr\u00e8te, ses accessoires (capuche, bracelets, manches longues) refl\u00e8tent l&#039;ADN de Naiakitsu.\" \/>\n<meta name=\"robots\" content=\"index, follow, max-snippet:-1, max-image-preview:large, max-video-preview:-1\" \/>\n<link rel=\"canonical\" href=\"https:\/\/dev.naiakitsu.fr\/dev1\/produit\/tshirt-femme\/\" \/>\n<meta property=\"og:locale\" content=\"fr_FR\" \/>\n<meta property=\"og:type\" content=\"article\" \/>\n<meta property=\"og:title\" content=\"* T-shirt femme - naiakitsu\" \/>\n<meta property=\"og:description\" content=\"Le T-shirt Femme en coton Bio avec sa broderie discr\u00e8te, ses accessoires (capuche, bracelets, manches longues) refl\u00e8tent l&#039;ADN de Naiakitsu.\" \/>\n<meta property=\"og:url\" content=\"https:\/\/dev.naiakitsu.fr\/dev1\/produit\/tshirt-femme\/\" \/>\n<meta property=\"og:site_name\" content=\"naiakitsu\" \/>\n<meta property=\"article:modified_time\" content=\"2023-01-31T15:38:27+00:00\" \/>\n<meta property=\"og:image\" content=\"https:\/\/dev.naiakitsu.fr\/dev1\/wp-content\/uploads\/T-shirt_femme.jpg\" \/>\n\t<meta property=\"og:image:width\" content=\"1000\" \/>\n\t<meta property=\"og:image:height\" content=\"1000\" \/>\n\t<meta property=\"og:image:type\" content=\"image\/jpeg\" \/>\n<meta name=\"twitter:card\" content=\"summary_large_image\" \/>\n<meta name=\"twitter:label1\" content=\"Dur\u00e9e de lecture estim\u00e9e\" \/>\n\t<meta name=\"twitter:data1\" content=\"1 minute\" \/>\n<script type=\"application\/ld+json\" class=\"yoast-schema-graph\">{\"@context\":\"https:\/\/schema.org\",\"@graph\":[{\"@type\":\"WebPage\",\"@id\":\"https:\/\/dev.naiakitsu.fr\/dev1\/produit\/tshirt-femme\/\",\"url\":\"https:\/\/dev.naiakitsu.fr\/dev1\/produit\/tshirt-femme\/\",\"name\":\"* T-shirt femme - naiakitsu\",\"isPartOf\":{\"@id\":\"https:\/\/dev.naiakitsu.fr\/dev1\/#website\"},\"datePublished\":\"2021-10-12T10:21:32+00:00\",\"dateModified\":\"2023-01-31T15:38:27+00:00\",\"description\":\"Le T-shirt Femme en coton Bio avec sa broderie discr\u00e8te, ses accessoires (capuche, bracelets, manches longues) refl\u00e8tent l'ADN de Naiakitsu.\",\"breadcrumb\":{\"@id\":\"https:\/\/dev.naiakitsu.fr\/dev1\/produit\/tshirt-femme\/#breadcrumb\"},\"inLanguage\":\"fr-FR\",\"potentialAction\":[{\"@type\":\"ReadAction\",\"target\":[\"https:\/\/dev.naiakitsu.fr\/dev1\/produit\/tshirt-femme\/\"]}]},{\"@type\":\"BreadcrumbList\",\"@id\":\"https:\/\/dev.naiakitsu.fr\/dev1\/produit\/tshirt-femme\/#breadcrumb\",\"itemListElement\":[{\"@type\":\"ListItem\",\"position\":1,\"name\":\"Accueil\",\"item\":\"https:\/\/dev.naiakitsu.fr\/dev1\/\"},{\"@type\":\"ListItem\",\"position\":2,\"name\":\"E-shop\",\"item\":\"https:\/\/dev.naiakitsu.fr\/dev1\/e-shop\/\"},{\"@type\":\"ListItem\",\"position\":3,\"name\":\"* T-shirt femme\"}]},{\"@type\":\"WebSite\",\"@id\":\"https:\/\/dev.naiakitsu.fr\/dev1\/#website\",\"url\":\"https:\/\/dev.naiakitsu.fr\/dev1\/\",\"name\":\"naiakitsu\",\"description\":\"les basiques audacieux\",\"potentialAction\":[{\"@type\":\"SearchAction\",\"target\":{\"@type\":\"EntryPoint\",\"urlTemplate\":\"https:\/\/dev.naiakitsu.fr\/dev1\/?s={search_term_string}\"},\"query-input\":\"required name=search_term_string\"}],\"inLanguage\":\"fr-FR\"}]}<\/script>\n<!-- \/ Yoast SEO plugin. -->","yoast_head_json":{"title":"* T-shirt femme - naiakitsu","description":"Le T-shirt Femme en coton Bio avec sa broderie discr\u00e8te, ses accessoires (capuche, bracelets, manches longues) refl\u00e8tent l'ADN de Naiakitsu.","robots":{"index":"index","follow":"follow","max-snippet":"max-snippet:-1","max-image-preview":"max-image-preview:large","max-video-preview":"max-video-preview:-1"},"canonical":"https:\/\/dev.naiakitsu.fr\/dev1\/produit\/tshirt-femme\/","og_locale":"fr_FR","og_type":"article","og_title":"* T-shirt femme - naiakitsu","og_description":"Le T-shirt Femme en coton Bio avec sa broderie discr\u00e8te, ses accessoires (capuche, bracelets, manches longues) refl\u00e8tent l'ADN de Naiakitsu.","og_url":"https:\/\/dev.naiakitsu.fr\/dev1\/produit\/tshirt-femme\/","og_site_name":"naiakitsu","article_modified_time":"2023-01-31T15:38:27+00:00","og_image":[{"width":1000,"height":1000,"url":"https:\/\/dev.naiakitsu.fr\/dev1\/wp-content\/uploads\/T-shirt_femme.jpg","type":"image\/jpeg"}],"twitter_card":"summary_large_image","twitter_misc":{"Dur\u00e9e de lecture estim\u00e9e":"1 minute"},"schema":{"@context":"https:\/\/schema.org","@graph":[{"@type":"WebPage","@id":"https:\/\/dev.naiakitsu.fr\/dev1\/produit\/tshirt-femme\/","url":"https:\/\/dev.naiakitsu.fr\/dev1\/produit\/tshirt-femme\/","name":"* T-shirt femme - naiakitsu","isPartOf":{"@id":"https:\/\/dev.naiakitsu.fr\/dev1\/#website"},"datePublished":"2021-10-12T10:21:32+00:00","dateModified":"2023-01-31T15:38:27+00:00","description":"Le T-shirt Femme en coton Bio avec sa broderie discr\u00e8te, ses accessoires (capuche, bracelets, manches longues) refl\u00e8tent l'ADN de Naiakitsu.","breadcrumb":{"@id":"https:\/\/dev.naiakitsu.fr\/dev1\/produit\/tshirt-femme\/#breadcrumb"},"inLanguage":"fr-FR","potentialAction":[{"@type":"ReadAction","target":["https:\/\/dev.naiakitsu.fr\/dev1\/produit\/tshirt-femme\/"]}]},{"@type":"BreadcrumbList","@id":"https:\/\/dev.naiakitsu.fr\/dev1\/produit\/tshirt-femme\/#breadcrumb","itemListElement":[{"@type":"ListItem","position":1,"name":"Accueil","item":"https:\/\/dev.naiakitsu.fr\/dev1\/"},{"@type":"ListItem","position":2,"name":"E-shop","item":"https:\/\/dev.naiakitsu.fr\/dev1\/e-shop\/"},{"@type":"ListItem","position":3,"name":"* T-shirt femme"}]},{"@type":"WebSite","@id":"https:\/\/dev.naiakitsu.fr\/dev1\/#website","url":"https:\/\/dev.naiakitsu.fr\/dev1\/","name":"naiakitsu","description":"les basiques audacieux","potentialAction":[{"@type":"SearchAction","target":{"@type":"EntryPoint","urlTemplate":"https:\/\/dev.naiakitsu.fr\/dev1\/?s={search_term_string}"},"query-input":"required name=search_term_string"}],"inLanguage":"fr-FR"}]}},"_links":{"self":[{"href":"https:\/\/dev.naiakitsu.fr\/dev1\/wp-json\/wp\/v2\/product\/1111"}],"collection":[{"href":"https:\/\/dev.naiakitsu.fr\/dev1\/wp-json\/wp\/v2\/product"}],"about":[{"href":"https:\/\/dev.naiakitsu.fr\/dev1\/wp-json\/wp\/v2\/types\/product"}],"wp:featuredmedia":[{"embeddable":true,"href":"https:\/\/dev.naiakitsu.fr\/dev1\/wp-json\/wp\/v2\/media\/18412"}],"wp:attachment":[{"href":"https:\/\/dev.naiakitsu.fr\/dev1\/wp-json\/wp\/v2\/media?parent=1111"}],"wp:term":[{"taxonomy":"product_cat","embeddable":true,"href":"https:\/\/dev.naiakitsu.fr\/dev1\/wp-json\/wp\/v2\/product_cat?post=1111"},{"taxonomy":"product_tag","embeddable":true,"href":"https:\/\/dev.naiakitsu.fr\/dev1\/wp-json\/wp\/v2\/product_tag?post=1111"}],"curies":[{"name":"wp","href":"https:\/\/api.w.org\/{rel}","templated":true}]}}